{"id":6516,"date":"2025-08-25T15:11:33","date_gmt":"2025-08-25T13:11:33","guid":{"rendered":"https:\/\/luxeesti.ee\/?post_type=product&#038;p=6516"},"modified":"2025-08-27T10:43:39","modified_gmt":"2025-08-27T08:43:39","slug":"novolux-tolmuimeja","status":"publish","type":"product","link":"https:\/\/luxeesti.ee\/ru\/product\/novolux-tolmuimeja\/","title":{"rendered":"Novolux p\u00f5randapuhataja"},"content":{"rendered":"<p>Aku pinge: 14,4 V<br data-start=\"93\" data-end=\"96\" \/>V\u00f5imsus: 40 W<br data-start=\"113\" data-end=\"116\" \/>Aku mahtuvus: 2 000 mAh<br data-start=\"182\" data-end=\"185\" \/>Laadimisaeg: &lt;4 tundi<br data-start=\"206\" data-end=\"209\" \/>T\u00f6\u00f6aeg: 50 minutit<br data-start=\"227\" data-end=\"230\" \/>Adapteri pinge: 100\u2013240V ~ 50\u201360Hz<br data-start=\"264\" data-end=\"267\" \/>Adapteri v\u00e4ljund: 17,4 V ~ 600mA<br data-start=\"299\" data-end=\"302\" \/>Ekraan: LED-ekraan<br data-start=\"320\" data-end=\"323\" \/>Puhas veepaak: 550 ml<br data-start=\"344\" data-end=\"347\" \/>Mustvee paak: 450 ml<br data-start=\"367\" data-end=\"370\" \/>Kuiva tolmu anum: 260 ml<br data-start=\"394\" data-end=\"397\" \/>M\u00fcratase: 58 dB<\/p>","protected":false},"excerpt":{"rendered":"<p>Aku pinge: 14,4 VV\u00f5imsus: 40 WAku mahtuvus: 2 000 mAhLaadimisaeg: &lt;4 tundiT\u00f6\u00f6aeg: 50 minutitAdapteri pinge: 100\u2013240V ~ 50\u201360HzAdapteri v\u00e4ljund: 17,4 V ~ 600mAEkraan: LED-ekraanPuhas veepaak: 550 mlMustvee paak: 450 mlKuiva tolmu anum: 260 mlM\u00fcratase: 58 dB<\/p>","protected":false},"featured_media":6514,"template":"","meta":[],"product_brand":[],"product_cat":[68],"product_tag":[],"class_list":{"0":"post-6516","1":"product","2":"type-product","3":"status-publish","4":"has-post-thumbnail","6":"product_cat-novolux-porandapuhastaja","8":"first","9":"instock","10":"taxable","11":"shipping-taxable","12":"purchasable","13":"product-type-simple"},"yoast_head":"<!-- This site is optimized with the Yoast SEO plugin v25.8 - https:\/\/yoast.com\/wordpress\/plugins\/seo\/ -->\n<title>Novolux p\u00f5randapuhataja : Lux Eesti O&Uuml;<\/title>\n<meta name=\"robots\" content=\"index, follow, max-snippet:-1, max-image-preview:large, max-video-preview:-1\" \/>\n<link rel=\"canonical\" href=\"https:\/\/luxeesti.ee\/ru\/product\/novolux-tolmuimeja\/\" \/>\n<meta property=\"og:locale\" content=\"ru_RU\" \/>\n<meta property=\"og:type\" content=\"article\" \/>\n<meta property=\"og:title\" content=\"Novolux p\u00f5randapuhataja : Lux Eesti O&Uuml;\" \/>\n<meta property=\"og:description\" content=\"Aku pinge: 14,4 VV\u00f5imsus: 40 WAku mahtuvus: 2 000 mAhLaadimisaeg: &lt;4 tundiT\u00f6\u00f6aeg: 50 minutitAdapteri pinge: 100\u2013240V ~ 50\u201360HzAdapteri v\u00e4ljund: 17,4 V ~ 600mAEkraan: LED-ekraanPuhas veepaak: 550 mlMustvee paak: 450 mlKuiva tolmu anum: 260 mlM\u00fcratase: 58 dB\" \/>\n<meta property=\"og:url\" content=\"https:\/\/luxeesti.ee\/ru\/product\/novolux-tolmuimeja\/\" \/>\n<meta property=\"og:site_name\" content=\"Lux Eesti O&Uuml;\" \/>\n<meta property=\"article:publisher\" content=\"https:\/\/www.facebook.com\/luxeesti\/\" \/>\n<meta property=\"article:modified_time\" content=\"2025-08-27T08:43:39+00:00\" \/>\n<meta property=\"og:image\" content=\"https:\/\/luxeesti.ee\/wp-content\/uploads\/2025\/08\/3999_NOVOLUX-front-4.png\" \/>\n\t<meta property=\"og:image:width\" content=\"1084\" \/>\n\t<meta property=\"og:image:height\" content=\"1627\" \/>\n\t<meta property=\"og:image:type\" content=\"image\/png\" \/>\n<meta name=\"twitter:card\" content=\"summary_large_image\" \/>\n<meta name=\"twitter:label1\" content=\"\u041f\u0440\u0438\u043c\u0435\u0440\u043d\u043e\u0435 \u0432\u0440\u0435\u043c\u044f \u0434\u043b\u044f \u0447\u0442\u0435\u043d\u0438\u044f\" \/>\n\t<meta name=\"twitter:data1\" content=\"1 \u043c\u0438\u043d\u0443\u0442\u0430\" \/>\n<script type=\"application\/ld+json\" class=\"yoast-schema-graph\">{\"@context\":\"https:\/\/schema.org\",\"@graph\":[{\"@type\":[\"WebPage\",\"ItemPage\"],\"@id\":\"https:\/\/luxeesti.ee\/toode\/novolux-tolmuimeja\/\",\"url\":\"https:\/\/luxeesti.ee\/toode\/novolux-tolmuimeja\/\",\"name\":\"Novolux p\u00f5randapuhataja : Lux Eesti O&Uuml;\",\"isPartOf\":{\"@id\":\"https:\/\/luxeesti.ee\/#website\"},\"primaryImageOfPage\":{\"@id\":\"https:\/\/luxeesti.ee\/toode\/novolux-tolmuimeja\/#primaryimage\"},\"image\":{\"@id\":\"https:\/\/luxeesti.ee\/toode\/novolux-tolmuimeja\/#primaryimage\"},\"thumbnailUrl\":\"https:\/\/luxeesti.ee\/wp-content\/uploads\/2025\/08\/3999_NOVOLUX-front-4.png\",\"datePublished\":\"2025-08-25T13:11:33+00:00\",\"dateModified\":\"2025-08-27T08:43:39+00:00\",\"breadcrumb\":{\"@id\":\"https:\/\/luxeesti.ee\/toode\/novolux-tolmuimeja\/#breadcrumb\"},\"inLanguage\":\"ru-RU\",\"potentialAction\":[{\"@type\":\"ReadAction\",\"target\":[\"https:\/\/luxeesti.ee\/toode\/novolux-tolmuimeja\/\"]}]},{\"@type\":\"ImageObject\",\"inLanguage\":\"ru-RU\",\"@id\":\"https:\/\/luxeesti.ee\/toode\/novolux-tolmuimeja\/#primaryimage\",\"url\":\"https:\/\/luxeesti.ee\/wp-content\/uploads\/2025\/08\/3999_NOVOLUX-front-4.png\",\"contentUrl\":\"https:\/\/luxeesti.ee\/wp-content\/uploads\/2025\/08\/3999_NOVOLUX-front-4.png\",\"width\":1084,\"height\":1627},{\"@type\":\"BreadcrumbList\",\"@id\":\"https:\/\/luxeesti.ee\/toode\/novolux-tolmuimeja\/#breadcrumb\",\"itemListElement\":[{\"@type\":\"ListItem\",\"position\":1,\"name\":\"Home\",\"item\":\"https:\/\/luxeesti.ee\/\"},{\"@type\":\"ListItem\",\"position\":2,\"name\":\"Pood\",\"item\":\"https:\/\/luxeesti.ee\/pood\/\"},{\"@type\":\"ListItem\",\"position\":3,\"name\":\"Novolux p\u00f5randapuhataja\"}]},{\"@type\":\"WebSite\",\"@id\":\"https:\/\/luxeesti.ee\/#website\",\"url\":\"https:\/\/luxeesti.ee\/\",\"name\":\"Lux Eesti O&Uuml;\",\"description\":\"Sinu tervisliku kodu partner\",\"publisher\":{\"@id\":\"https:\/\/luxeesti.ee\/#organization\"},\"potentialAction\":[{\"@type\":\"SearchAction\",\"target\":{\"@type\":\"EntryPoint\",\"urlTemplate\":\"https:\/\/luxeesti.ee\/?s={search_term_string}\"},\"query-input\":{\"@type\":\"PropertyValueSpecification\",\"valueRequired\":true,\"valueName\":\"search_term_string\"}}],\"inLanguage\":\"ru-RU\"},{\"@type\":\"Organization\",\"@id\":\"https:\/\/luxeesti.ee\/#organization\",\"name\":\"Lux Eesti\",\"url\":\"https:\/\/luxeesti.ee\/\",\"logo\":{\"@type\":\"ImageObject\",\"inLanguage\":\"ru-RU\",\"@id\":\"https:\/\/luxeesti.ee\/#\/schema\/logo\/image\/\",\"url\":\"https:\/\/luxeesti.ee\/wp-content\/uploads\/2020\/10\/lux-logo_text.png\",\"contentUrl\":\"https:\/\/luxeesti.ee\/wp-content\/uploads\/2020\/10\/lux-logo_text.png\",\"width\":900,\"height\":580,\"caption\":\"Lux Eesti\"},\"image\":{\"@id\":\"https:\/\/luxeesti.ee\/#\/schema\/logo\/image\/\"},\"sameAs\":[\"https:\/\/www.facebook.com\/luxeesti\/\"]}]}<\/script>\n<!-- \/ Yoast SEO plugin. -->","yoast_head_json":{"title":"Novolux p\u00f5randapuhataja : Lux Eesti O&Uuml;","robots":{"index":"index","follow":"follow","max-snippet":"max-snippet:-1","max-image-preview":"max-image-preview:large","max-video-preview":"max-video-preview:-1"},"canonical":"https:\/\/luxeesti.ee\/ru\/product\/novolux-tolmuimeja\/","og_locale":"ru_RU","og_type":"article","og_title":"Novolux p\u00f5randapuhataja : Lux Eesti O&Uuml;","og_description":"Aku pinge: 14,4 VV\u00f5imsus: 40 WAku mahtuvus: 2 000 mAhLaadimisaeg: &lt;4 tundiT\u00f6\u00f6aeg: 50 minutitAdapteri pinge: 100\u2013240V ~ 50\u201360HzAdapteri v\u00e4ljund: 17,4 V ~ 600mAEkraan: LED-ekraanPuhas veepaak: 550 mlMustvee paak: 450 mlKuiva tolmu anum: 260 mlM\u00fcratase: 58 dB","og_url":"https:\/\/luxeesti.ee\/ru\/product\/novolux-tolmuimeja\/","og_site_name":"Lux Eesti O&Uuml;","article_publisher":"https:\/\/www.facebook.com\/luxeesti\/","article_modified_time":"2025-08-27T08:43:39+00:00","og_image":[{"width":1084,"height":1627,"url":"https:\/\/luxeesti.ee\/wp-content\/uploads\/2025\/08\/3999_NOVOLUX-front-4.png","type":"image\/png"}],"twitter_card":"summary_large_image","twitter_misc":{"\u041f\u0440\u0438\u043c\u0435\u0440\u043d\u043e\u0435 \u0432\u0440\u0435\u043c\u044f \u0434\u043b\u044f \u0447\u0442\u0435\u043d\u0438\u044f":"1 \u043c\u0438\u043d\u0443\u0442\u0430"},"schema":{"@context":"https:\/\/schema.org","@graph":[{"@type":["WebPage","ItemPage"],"@id":"https:\/\/luxeesti.ee\/toode\/novolux-tolmuimeja\/","url":"https:\/\/luxeesti.ee\/toode\/novolux-tolmuimeja\/","name":"Novolux p\u00f5randapuhataja : Lux Eesti O&Uuml;","isPartOf":{"@id":"https:\/\/luxeesti.ee\/#website"},"primaryImageOfPage":{"@id":"https:\/\/luxeesti.ee\/toode\/novolux-tolmuimeja\/#primaryimage"},"image":{"@id":"https:\/\/luxeesti.ee\/toode\/novolux-tolmuimeja\/#primaryimage"},"thumbnailUrl":"https:\/\/luxeesti.ee\/wp-content\/uploads\/2025\/08\/3999_NOVOLUX-front-4.png","datePublished":"2025-08-25T13:11:33+00:00","dateModified":"2025-08-27T08:43:39+00:00","breadcrumb":{"@id":"https:\/\/luxeesti.ee\/toode\/novolux-tolmuimeja\/#breadcrumb"},"inLanguage":"ru-RU","potentialAction":[{"@type":"ReadAction","target":["https:\/\/luxeesti.ee\/toode\/novolux-tolmuimeja\/"]}]},{"@type":"ImageObject","inLanguage":"ru-RU","@id":"https:\/\/luxeesti.ee\/toode\/novolux-tolmuimeja\/#primaryimage","url":"https:\/\/luxeesti.ee\/wp-content\/uploads\/2025\/08\/3999_NOVOLUX-front-4.png","contentUrl":"https:\/\/luxeesti.ee\/wp-content\/uploads\/2025\/08\/3999_NOVOLUX-front-4.png","width":1084,"height":1627},{"@type":"BreadcrumbList","@id":"https:\/\/luxeesti.ee\/toode\/novolux-tolmuimeja\/#breadcrumb","itemListElement":[{"@type":"ListItem","position":1,"name":"Home","item":"https:\/\/luxeesti.ee\/"},{"@type":"ListItem","position":2,"name":"Pood","item":"https:\/\/luxeesti.ee\/pood\/"},{"@type":"ListItem","position":3,"name":"Novolux p\u00f5randapuhataja"}]},{"@type":"WebSite","@id":"https:\/\/luxeesti.ee\/#website","url":"https:\/\/luxeesti.ee\/","name":"Lux Eesti O&Uuml;","description":"Sinu tervisliku kodu partner","publisher":{"@id":"https:\/\/luxeesti.ee\/#organization"},"potentialAction":[{"@type":"SearchAction","target":{"@type":"EntryPoint","urlTemplate":"https:\/\/luxeesti.ee\/?s={search_term_string}"},"query-input":{"@type":"PropertyValueSpecification","valueRequired":true,"valueName":"search_term_string"}}],"inLanguage":"ru-RU"},{"@type":"Organization","@id":"https:\/\/luxeesti.ee\/#organization","name":"Lux Eesti","url":"https:\/\/luxeesti.ee\/","logo":{"@type":"ImageObject","inLanguage":"ru-RU","@id":"https:\/\/luxeesti.ee\/#\/schema\/logo\/image\/","url":"https:\/\/luxeesti.ee\/wp-content\/uploads\/2020\/10\/lux-logo_text.png","contentUrl":"https:\/\/luxeesti.ee\/wp-content\/uploads\/2020\/10\/lux-logo_text.png","width":900,"height":580,"caption":"Lux Eesti"},"image":{"@id":"https:\/\/luxeesti.ee\/#\/schema\/logo\/image\/"},"sameAs":["https:\/\/www.facebook.com\/luxeesti\/"]}]}},"_links":{"self":[{"href":"https:\/\/luxeesti.ee\/ru\/wp-json\/wp\/v2\/product\/6516","targetHints":{"allow":["GET"]}}],"collection":[{"href":"https:\/\/luxeesti.ee\/ru\/wp-json\/wp\/v2\/product"}],"about":[{"href":"https:\/\/luxeesti.ee\/ru\/wp-json\/wp\/v2\/types\/product"}],"wp:featuredmedia":[{"embeddable":true,"href":"https:\/\/luxeesti.ee\/ru\/wp-json\/wp\/v2\/media\/6514"}],"wp:attachment":[{"href":"https:\/\/luxeesti.ee\/ru\/wp-json\/wp\/v2\/media?parent=6516"}],"wp:term":[{"taxonomy":"product_brand","embeddable":true,"href":"https:\/\/luxeesti.ee\/ru\/wp-json\/wp\/v2\/product_brand?post=6516"},{"taxonomy":"product_cat","embeddable":true,"href":"https:\/\/luxeesti.ee\/ru\/wp-json\/wp\/v2\/product_cat?post=6516"},{"taxonomy":"product_tag","embeddable":true,"href":"https:\/\/luxeesti.ee\/ru\/wp-json\/wp\/v2\/product_tag?post=6516"}],"curies":[{"name":"wp","href":"https:\/\/api.w.org\/{rel}","templated":true}]}}