{"id":583,"date":"2020-10-31T01:13:49","date_gmt":"2020-10-30T23:13:49","guid":{"rendered":"https:\/\/luxeesti.ee\/?post_type=product&#038;p=583"},"modified":"2026-04-20T13:20:53","modified_gmt":"2026-04-20T11:20:53","slug":"vooluuhendusega-voolik","status":"publish","type":"product","link":"https:\/\/luxeesti.ee\/ru\/product\/vooluuhendusega-voolik\/","title":{"rendered":"\u042d\u043b\u0435\u043a\u0442\u0440\u0438\u0447\u0435\u0441\u043a\u0438\u0439 \u0448\u043b\u0430\u043d\u0433"},"content":{"rendered":"<p>\u0411\u043b\u0430\u0433\u043e\u0434\u0430\u0440\u044f \u0442\u043e\u043c\u0443, \u0447\u0442\u043e \u0448\u043b\u0430\u043d\u0433 \u0432\u0440\u0430\u0449\u0430\u0435\u0442\u0441\u044f \u043d\u0430 360\u00b0 \u0441 \u043e\u0431\u0435\u0438\u0445 \u0441\u0442\u043e\u0440\u043e\u043d, \u0432\u044b \u043c\u043e\u0436\u0435\u0442\u0435 \u043b\u0435\u0433\u043a\u043e \u0434\u043e\u0431\u0440\u0430\u0442\u044c\u0441\u044f \u0434\u043e \u043a\u0430\u0436\u0434\u043e\u0433\u043e \u0443\u0433\u043b\u0430.<\/p>\n<p>\u0421\u043e\u0432\u0440\u0435\u043c\u0435\u043d\u043d\u0430\u044f \u0438 \u0432\u044b\u0441\u043e\u043a\u043e\u043d\u0430\u0434\u0435\u0436\u043d\u0430\u044f \u0441\u043e\u0435\u0434\u0438\u043d\u0438\u0442\u0435\u043b\u044c\u043d\u0430\u044f \u0441\u0438\u0441\u0442\u0435\u043c\u0430 \u043e\u0431\u0435\u0441\u043f\u0435\u0447\u0438\u0432\u0430\u0435\u0442 \u043f\u0440\u043e\u0441\u0442\u043e\u0435 \u0438 \u043f\u043b\u0430\u0432\u043d\u043e\u0435 \u043f\u0440\u0438- \u0438 \u043e\u0442\u0441\u043e\u0435\u0434\u0438\u043d\u0435\u043d\u0438\u0435, \u0430 \u0442\u0430\u043a\u0436\u0435 \u0437\u0430\u043c\u0435\u043d\u0443 \u0430\u043a\u0441\u0435\u0441\u0441\u0443\u0430\u0440\u043e\u0432.<\/p>\n<p>\u041f\u044b\u043b\u0435\u0441\u043e\u0441 \u043c\u043e\u0436\u043d\u043e \u0432\u043a\u043b\u044e\u0447\u0430\u0442\u044c \u0438 \u0432\u044b\u043a\u043b\u044e\u0447\u0430\u0442\u044c \u043f\u0440\u044f\u043c\u043e \u043d\u0430 \u0440\u0443\u043a\u043e\u044f\u0442\u0438. \u041a\u043d\u043e\u043f\u043a\u0438 \u0443\u043f\u0440\u0430\u0432\u043b\u0435\u043d\u0438\u044f \u043d\u0430 \u0440\u0443\u0447\u043a\u0435 \u043f\u043e\u0437\u0432\u043e\u043b\u044f\u044e\u0442 \u0440\u0430\u0431\u043e\u0442\u0430\u0442\u044c \u0441 \u0430\u043f\u043f\u0430\u0440\u0430\u0442\u043e\u043c \u043b\u0435\u0433\u043a\u0438\u043c \u043d\u0430\u0436\u0430\u0442\u0438\u0435\u043c \u043f\u0430\u043b\u044c\u0446\u0430. \u042d\u043b\u0430\u0441\u0442\u0438\u0447\u043d\u044b\u0439 \u043c\u0430\u0442\u0435\u0440\u0438\u0430\u043b, \u0432\u043e\u0437\u043c\u043e\u043d\u043e\u0441\u0442\u044c \u0432\u0435\u0440\u0442\u0438\u043a\u0430\u043b\u044c\u043d\u043e\u0433\u043e \u043f\u043e\u043b\u043e\u0436\u0435\u043d\u0438\u044f, \u0432\u0440\u0430\u0449\u0430\u044e\u0449\u0438\u0439\u0441\u044f \u0448\u043b\u0430\u043d\u0433 \u0438 \u043f\u0435\u0434\u0430\u043b\u0438 \u043d\u043e\u0436\u043d\u043e\u0433\u043e \u0443\u043f\u0440\u0430\u0432\u043b\u0435\u043d\u0438\u044f \u0434\u0435\u043b\u0430\u044e\u0442 \u0438\u0441\u043f\u043e\u043b\u044c\u0437\u043e\u0432\u0430\u043d\u0438\u0435 \u043e\u0431\u043e\u0440\u0443\u0434\u043e\u0432\u0430\u043d\u0438\u044f \u043e\u0447\u0435\u043d\u044c \u043f\u0440\u043e\u0441\u0442\u044b\u043c, \u0447\u0442\u043e \u0443\u043c\u0435\u043d\u044c\u0448\u0430\u0435\u0442 \u0444\u0438\u0437\u0438\u0447\u0435\u0441\u043a\u043e\u0435 \u0443\u0441\u0438\u043b\u0438\u0435 \u0434\u043e \u043c\u0438\u043d\u0438\u043c\u0443\u043c\u0430.<\/p>\n<p>\u0421\u043e\u0432\u043c\u0435\u0441\u0442\u0438\u043c \u0441 \u043f\u044b\u043b\u0435\u0441\u043e\u0441\u043e\u043c \"Lux S115\".<\/p>","protected":false},"excerpt":{"rendered":"<p>T\u00e4nu 360\u00b0 p\u00f6\u00f6rlemisv\u00f5iekusele vooliku m\u00f5lemas otsas, saate kergesti puhastada iga nurga. Lihtne ja originaalne kinnituss\u00fcsteem tagab lisaotsikute kerge ja sujuva \u00fchenduse ning vahetuse. Kogu seadet, kaasa arvatud spetsiaalotsikuid, saab h\u00f5lpsalt sisse ja v\u00e4lja l\u00fclitada k\u00e4epidemest. K\u00e4epideme juhtnupud v\u00f5imaldavad puhastusseadet lihtsalt juhtida. Libisemiskindel k\u00e4epide, parkimisfunktsioon, p\u00f6\u00f6rlev voolik ja jalaga opereeritavad funktsioonid teevad puhastusseadme kasutamise m\u00e4nglevaks ja [&hellip;]<\/p>","protected":false},"featured_media":584,"template":"","meta":[],"product_brand":[],"product_cat":[30],"product_tag":[],"class_list":{"0":"post-583","1":"product","2":"type-product","3":"status-publish","4":"has-post-thumbnail","6":"product_cat-lux-s115-tarvikud","8":"first","9":"outofstock","10":"taxable","11":"shipping-taxable","12":"purchasable","13":"product-type-simple"},"yoast_head":"<!-- This site is optimized with the Yoast SEO plugin v25.8 - https:\/\/yoast.com\/wordpress\/plugins\/seo\/ -->\n<title>Voolu\u00fchendusega voolik : Lux Eesti O&Uuml;<\/title>\n<meta name=\"robots\" content=\"index, follow, max-snippet:-1, max-image-preview:large, max-video-preview:-1\" \/>\n<link rel=\"canonical\" href=\"https:\/\/luxeesti.ee\/ru\/product\/vooluuhendusega-voolik\/\" \/>\n<meta property=\"og:locale\" content=\"ru_RU\" \/>\n<meta property=\"og:type\" content=\"article\" \/>\n<meta property=\"og:title\" content=\"Voolu\u00fchendusega voolik : Lux Eesti O&Uuml;\" \/>\n<meta property=\"og:description\" content=\"T\u00e4nu 360\u00b0 p\u00f6\u00f6rlemisv\u00f5iekusele vooliku m\u00f5lemas otsas, saate kergesti puhastada iga nurga. Lihtne ja originaalne kinnituss\u00fcsteem tagab lisaotsikute kerge ja sujuva \u00fchenduse ning vahetuse. Kogu seadet, kaasa arvatud spetsiaalotsikuid, saab h\u00f5lpsalt sisse ja v\u00e4lja l\u00fclitada k\u00e4epidemest. K\u00e4epideme juhtnupud v\u00f5imaldavad puhastusseadet lihtsalt juhtida. Libisemiskindel k\u00e4epide, parkimisfunktsioon, p\u00f6\u00f6rlev voolik ja jalaga opereeritavad funktsioonid teevad puhastusseadme kasutamise m\u00e4nglevaks ja [&hellip;]\" \/>\n<meta property=\"og:url\" content=\"https:\/\/luxeesti.ee\/ru\/product\/vooluuhendusega-voolik\/\" \/>\n<meta property=\"og:site_name\" content=\"Lux Eesti O&Uuml;\" \/>\n<meta property=\"article:publisher\" content=\"https:\/\/www.facebook.com\/luxeesti\/\" \/>\n<meta property=\"article:modified_time\" content=\"2026-04-20T11:20:53+00:00\" \/>\n<meta property=\"og:image\" content=\"https:\/\/luxeesti.ee\/wp-content\/uploads\/2020\/10\/353_pic1_n.jpeg\" \/>\n\t<meta property=\"og:image:width\" content=\"1024\" \/>\n\t<meta property=\"og:image:height\" content=\"764\" \/>\n\t<meta property=\"og:image:type\" content=\"image\/jpeg\" \/>\n<meta name=\"twitter:card\" content=\"summary_large_image\" \/>\n<meta name=\"twitter:label1\" content=\"\u041f\u0440\u0438\u043c\u0435\u0440\u043d\u043e\u0435 \u0432\u0440\u0435\u043c\u044f \u0434\u043b\u044f \u0447\u0442\u0435\u043d\u0438\u044f\" \/>\n\t<meta name=\"twitter:data1\" content=\"1 \u043c\u0438\u043d\u0443\u0442\u0430\" \/>\n<script type=\"application\/ld+json\" class=\"yoast-schema-graph\">{\"@context\":\"https:\/\/schema.org\",\"@graph\":[{\"@type\":[\"WebPage\",\"ItemPage\"],\"@id\":\"https:\/\/luxeesti.ee\/toode\/vooluuhendusega-voolik\/\",\"url\":\"https:\/\/luxeesti.ee\/toode\/vooluuhendusega-voolik\/\",\"name\":\"Voolu\u00fchendusega voolik : Lux Eesti O&Uuml;\",\"isPartOf\":{\"@id\":\"https:\/\/luxeesti.ee\/#website\"},\"primaryImageOfPage\":{\"@id\":\"https:\/\/luxeesti.ee\/toode\/vooluuhendusega-voolik\/#primaryimage\"},\"image\":{\"@id\":\"https:\/\/luxeesti.ee\/toode\/vooluuhendusega-voolik\/#primaryimage\"},\"thumbnailUrl\":\"https:\/\/luxeesti.ee\/wp-content\/uploads\/2020\/10\/353_pic1_n.jpeg\",\"datePublished\":\"2020-10-30T23:13:49+00:00\",\"dateModified\":\"2026-04-20T11:20:53+00:00\",\"breadcrumb\":{\"@id\":\"https:\/\/luxeesti.ee\/toode\/vooluuhendusega-voolik\/#breadcrumb\"},\"inLanguage\":\"ru-RU\",\"potentialAction\":[{\"@type\":\"ReadAction\",\"target\":[\"https:\/\/luxeesti.ee\/toode\/vooluuhendusega-voolik\/\"]}]},{\"@type\":\"ImageObject\",\"inLanguage\":\"ru-RU\",\"@id\":\"https:\/\/luxeesti.ee\/toode\/vooluuhendusega-voolik\/#primaryimage\",\"url\":\"https:\/\/luxeesti.ee\/wp-content\/uploads\/2020\/10\/353_pic1_n.jpeg\",\"contentUrl\":\"https:\/\/luxeesti.ee\/wp-content\/uploads\/2020\/10\/353_pic1_n.jpeg\",\"width\":1024,\"height\":764},{\"@type\":\"BreadcrumbList\",\"@id\":\"https:\/\/luxeesti.ee\/toode\/vooluuhendusega-voolik\/#breadcrumb\",\"itemListElement\":[{\"@type\":\"ListItem\",\"position\":1,\"name\":\"Home\",\"item\":\"https:\/\/luxeesti.ee\/\"},{\"@type\":\"ListItem\",\"position\":2,\"name\":\"Pood\",\"item\":\"https:\/\/luxeesti.ee\/pood\/\"},{\"@type\":\"ListItem\",\"position\":3,\"name\":\"Voolu\u00fchendusega voolik\"}]},{\"@type\":\"WebSite\",\"@id\":\"https:\/\/luxeesti.ee\/#website\",\"url\":\"https:\/\/luxeesti.ee\/\",\"name\":\"Lux Eesti O&Uuml;\",\"description\":\"Sinu tervisliku kodu partner\",\"publisher\":{\"@id\":\"https:\/\/luxeesti.ee\/#organization\"},\"potentialAction\":[{\"@type\":\"SearchAction\",\"target\":{\"@type\":\"EntryPoint\",\"urlTemplate\":\"https:\/\/luxeesti.ee\/?s={search_term_string}\"},\"query-input\":{\"@type\":\"PropertyValueSpecification\",\"valueRequired\":true,\"valueName\":\"search_term_string\"}}],\"inLanguage\":\"ru-RU\"},{\"@type\":\"Organization\",\"@id\":\"https:\/\/luxeesti.ee\/#organization\",\"name\":\"Lux Eesti\",\"url\":\"https:\/\/luxeesti.ee\/\",\"logo\":{\"@type\":\"ImageObject\",\"inLanguage\":\"ru-RU\",\"@id\":\"https:\/\/luxeesti.ee\/#\/schema\/logo\/image\/\",\"url\":\"https:\/\/luxeesti.ee\/wp-content\/uploads\/2020\/10\/lux-logo_text.png\",\"contentUrl\":\"https:\/\/luxeesti.ee\/wp-content\/uploads\/2020\/10\/lux-logo_text.png\",\"width\":900,\"height\":580,\"caption\":\"Lux Eesti\"},\"image\":{\"@id\":\"https:\/\/luxeesti.ee\/#\/schema\/logo\/image\/\"},\"sameAs\":[\"https:\/\/www.facebook.com\/luxeesti\/\"]}]}<\/script>\n<!-- \/ Yoast SEO plugin. -->","yoast_head_json":{"title":"Voolu\u00fchendusega voolik : Lux Eesti O&Uuml;","robots":{"index":"index","follow":"follow","max-snippet":"max-snippet:-1","max-image-preview":"max-image-preview:large","max-video-preview":"max-video-preview:-1"},"canonical":"https:\/\/luxeesti.ee\/ru\/product\/vooluuhendusega-voolik\/","og_locale":"ru_RU","og_type":"article","og_title":"Voolu\u00fchendusega voolik : Lux Eesti O&Uuml;","og_description":"T\u00e4nu 360\u00b0 p\u00f6\u00f6rlemisv\u00f5iekusele vooliku m\u00f5lemas otsas, saate kergesti puhastada iga nurga. Lihtne ja originaalne kinnituss\u00fcsteem tagab lisaotsikute kerge ja sujuva \u00fchenduse ning vahetuse. Kogu seadet, kaasa arvatud spetsiaalotsikuid, saab h\u00f5lpsalt sisse ja v\u00e4lja l\u00fclitada k\u00e4epidemest. K\u00e4epideme juhtnupud v\u00f5imaldavad puhastusseadet lihtsalt juhtida. Libisemiskindel k\u00e4epide, parkimisfunktsioon, p\u00f6\u00f6rlev voolik ja jalaga opereeritavad funktsioonid teevad puhastusseadme kasutamise m\u00e4nglevaks ja [&hellip;]","og_url":"https:\/\/luxeesti.ee\/ru\/product\/vooluuhendusega-voolik\/","og_site_name":"Lux Eesti O&Uuml;","article_publisher":"https:\/\/www.facebook.com\/luxeesti\/","article_modified_time":"2026-04-20T11:20:53+00:00","og_image":[{"width":1024,"height":764,"url":"https:\/\/luxeesti.ee\/wp-content\/uploads\/2020\/10\/353_pic1_n.jpeg","type":"image\/jpeg"}],"twitter_card":"summary_large_image","twitter_misc":{"\u041f\u0440\u0438\u043c\u0435\u0440\u043d\u043e\u0435 \u0432\u0440\u0435\u043c\u044f \u0434\u043b\u044f \u0447\u0442\u0435\u043d\u0438\u044f":"1 \u043c\u0438\u043d\u0443\u0442\u0430"},"schema":{"@context":"https:\/\/schema.org","@graph":[{"@type":["WebPage","ItemPage"],"@id":"https:\/\/luxeesti.ee\/toode\/vooluuhendusega-voolik\/","url":"https:\/\/luxeesti.ee\/toode\/vooluuhendusega-voolik\/","name":"Voolu\u00fchendusega voolik : Lux Eesti O&Uuml;","isPartOf":{"@id":"https:\/\/luxeesti.ee\/#website"},"primaryImageOfPage":{"@id":"https:\/\/luxeesti.ee\/toode\/vooluuhendusega-voolik\/#primaryimage"},"image":{"@id":"https:\/\/luxeesti.ee\/toode\/vooluuhendusega-voolik\/#primaryimage"},"thumbnailUrl":"https:\/\/luxeesti.ee\/wp-content\/uploads\/2020\/10\/353_pic1_n.jpeg","datePublished":"2020-10-30T23:13:49+00:00","dateModified":"2026-04-20T11:20:53+00:00","breadcrumb":{"@id":"https:\/\/luxeesti.ee\/toode\/vooluuhendusega-voolik\/#breadcrumb"},"inLanguage":"ru-RU","potentialAction":[{"@type":"ReadAction","target":["https:\/\/luxeesti.ee\/toode\/vooluuhendusega-voolik\/"]}]},{"@type":"ImageObject","inLanguage":"ru-RU","@id":"https:\/\/luxeesti.ee\/toode\/vooluuhendusega-voolik\/#primaryimage","url":"https:\/\/luxeesti.ee\/wp-content\/uploads\/2020\/10\/353_pic1_n.jpeg","contentUrl":"https:\/\/luxeesti.ee\/wp-content\/uploads\/2020\/10\/353_pic1_n.jpeg","width":1024,"height":764},{"@type":"BreadcrumbList","@id":"https:\/\/luxeesti.ee\/toode\/vooluuhendusega-voolik\/#breadcrumb","itemListElement":[{"@type":"ListItem","position":1,"name":"Home","item":"https:\/\/luxeesti.ee\/"},{"@type":"ListItem","position":2,"name":"Pood","item":"https:\/\/luxeesti.ee\/pood\/"},{"@type":"ListItem","position":3,"name":"Voolu\u00fchendusega voolik"}]},{"@type":"WebSite","@id":"https:\/\/luxeesti.ee\/#website","url":"https:\/\/luxeesti.ee\/","name":"Lux Eesti O&Uuml;","description":"Sinu tervisliku kodu partner","publisher":{"@id":"https:\/\/luxeesti.ee\/#organization"},"potentialAction":[{"@type":"SearchAction","target":{"@type":"EntryPoint","urlTemplate":"https:\/\/luxeesti.ee\/?s={search_term_string}"},"query-input":{"@type":"PropertyValueSpecification","valueRequired":true,"valueName":"search_term_string"}}],"inLanguage":"ru-RU"},{"@type":"Organization","@id":"https:\/\/luxeesti.ee\/#organization","name":"Lux Eesti","url":"https:\/\/luxeesti.ee\/","logo":{"@type":"ImageObject","inLanguage":"ru-RU","@id":"https:\/\/luxeesti.ee\/#\/schema\/logo\/image\/","url":"https:\/\/luxeesti.ee\/wp-content\/uploads\/2020\/10\/lux-logo_text.png","contentUrl":"https:\/\/luxeesti.ee\/wp-content\/uploads\/2020\/10\/lux-logo_text.png","width":900,"height":580,"caption":"Lux Eesti"},"image":{"@id":"https:\/\/luxeesti.ee\/#\/schema\/logo\/image\/"},"sameAs":["https:\/\/www.facebook.com\/luxeesti\/"]}]}},"_links":{"self":[{"href":"https:\/\/luxeesti.ee\/ru\/wp-json\/wp\/v2\/product\/583","targetHints":{"allow":["GET"]}}],"collection":[{"href":"https:\/\/luxeesti.ee\/ru\/wp-json\/wp\/v2\/product"}],"about":[{"href":"https:\/\/luxeesti.ee\/ru\/wp-json\/wp\/v2\/types\/product"}],"wp:featuredmedia":[{"embeddable":true,"href":"https:\/\/luxeesti.ee\/ru\/wp-json\/wp\/v2\/media\/584"}],"wp:attachment":[{"href":"https:\/\/luxeesti.ee\/ru\/wp-json\/wp\/v2\/media?parent=583"}],"wp:term":[{"taxonomy":"product_brand","embeddable":true,"href":"https:\/\/luxeesti.ee\/ru\/wp-json\/wp\/v2\/product_brand?post=583"},{"taxonomy":"product_cat","embeddable":true,"href":"https:\/\/luxeesti.ee\/ru\/wp-json\/wp\/v2\/product_cat?post=583"},{"taxonomy":"product_tag","embeddable":true,"href":"https:\/\/luxeesti.ee\/ru\/wp-json\/wp\/v2\/product_tag?post=583"}],"curies":[{"name":"wp","href":"https:\/\/api.w.org\/{rel}","templated":true}]}}