{"id":565,"date":"2020-10-31T00:23:15","date_gmt":"2020-10-30T22:23:15","guid":{"rendered":"https:\/\/luxeesti.ee\/?post_type=product&#038;p=565"},"modified":"2025-07-10T07:44:30","modified_gmt":"2025-07-10T05:44:30","slug":"ag-mini-filter","status":"publish","type":"product","link":"https:\/\/luxeesti.ee\/ru\/product\/ag-mini-filter\/","title":{"rendered":"AG mini filtri komplekt"},"content":{"rendered":"<p>\u0412\u044b\u0441\u043e\u043a\u043e\u044d\u0444\u0444\u0435\u043a\u0442\u0438\u0432\u043d\u044b\u0439 HEPA \u0444\u0438\u043b\u044c\u0442\u0440 \u0443\u0434\u0430\u043b\u044f\u0435\u0442 \u0438\u0437 \u0432\u043e\u0437\u0434\u0443\u0445\u0430 99,95% \u0447\u0430\u0441\u0442\u0438\u0446 \u0440\u0430\u0437\u043c\u0435\u0440\u043e\u043c 0,3 \u043c\u043a\u043c, \u0442\u0430\u043a\u0438\u0445 \u043a\u0430\u043a \u043f\u044b\u043b\u044c\u0446\u0430, \u0441\u043f\u043e\u0440\u044b \u043f\u043b\u0435\u0441\u0435\u043d\u0438, \u043c\u0435\u043b\u043a\u0430\u044f \u043f\u044b\u043b\u044c \u0438 \u043c\u0438\u043a\u0440\u043e\u0447\u0430\u0441\u0442\u0438\u0446\u044b.<\/p>\n<p>\u0414\u043b\u044f \u043e\u0431\u0435\u0441\u043f\u0435\u0447\u0435\u043d\u0438\u044f \u044d\u0444\u0444\u0435\u043a\u0442\u0438\u0432\u043d\u043e\u0439 \u0440\u0430\u0431\u043e\u0442\u044b \u0432\u0430\u0448\u0435\u0433\u043e \u0432\u043e\u0437\u0434\u0443\u0445\u043e\u043e\u0447\u0438\u0441\u0442\u0438\u0442\u0435\u043b\u044f \u043c\u044b \u0440\u0435\u043a\u043e\u043c\u0435\u043d\u0434\u0443\u0435\u043c \u043c\u0435\u043d\u044f\u0442\u044c \u041d\u0415\u0420\u0410 \u0444\u0438\u043b\u044c\u0442\u0440 \u043a\u0430\u0436\u0434\u044b\u0435 12 \u043c\u0435\u0441\u044f\u0446\u0435\u0432.<\/p>","protected":false},"excerpt":{"rendered":"<p>K\u00f5rge efektiivsusega tahkete osakeste \u00f5hufilter (HEPA) efektiivsus on 99,95%, eemaldades osakesed v\u00e4iksemad kui 0,3 mikronit, n\u00e4iteks \u00f5ietolm, hallitusseened, peentolm ja mikroosakesed. Hepa filtrit tuleks vahetada umbes iga 12 kuu m\u00f6\u00f6dudes, et tagada \u00f5hupuhastaja optimaalne toimimine.<\/p>","protected":false},"featured_media":566,"template":"","meta":[],"product_brand":[],"product_cat":[34],"product_tag":[],"class_list":{"0":"post-565","1":"product","2":"type-product","3":"status-publish","4":"has-post-thumbnail","6":"product_cat-lux-aeroguard-mini","8":"first","9":"instock","10":"taxable","11":"shipping-taxable","12":"purchasable","13":"product-type-simple"},"yoast_head":"<!-- This site is optimized with the Yoast SEO plugin v25.8 - https:\/\/yoast.com\/wordpress\/plugins\/seo\/ -->\n<title>AG mini filtri komplekt : Lux Eesti O&Uuml;<\/title>\n<meta name=\"robots\" content=\"index, follow, max-snippet:-1, max-image-preview:large, max-video-preview:-1\" \/>\n<link rel=\"canonical\" href=\"https:\/\/luxeesti.ee\/ru\/product\/ag-mini-filter\/\" \/>\n<meta property=\"og:locale\" content=\"ru_RU\" \/>\n<meta property=\"og:type\" content=\"article\" \/>\n<meta property=\"og:title\" content=\"AG mini filtri komplekt : Lux Eesti O&Uuml;\" \/>\n<meta property=\"og:description\" content=\"K\u00f5rge efektiivsusega tahkete osakeste \u00f5hufilter (HEPA) efektiivsus on 99,95%, eemaldades osakesed v\u00e4iksemad kui 0,3 mikronit, n\u00e4iteks \u00f5ietolm, hallitusseened, peentolm ja mikroosakesed. Hepa filtrit tuleks vahetada umbes iga 12 kuu m\u00f6\u00f6dudes, et tagada \u00f5hupuhastaja optimaalne toimimine.\" \/>\n<meta property=\"og:url\" content=\"https:\/\/luxeesti.ee\/ru\/product\/ag-mini-filter\/\" \/>\n<meta property=\"og:site_name\" content=\"Lux Eesti O&Uuml;\" \/>\n<meta property=\"article:publisher\" content=\"https:\/\/www.facebook.com\/luxeesti\/\" \/>\n<meta property=\"article:modified_time\" content=\"2025-07-10T05:44:30+00:00\" \/>\n<meta property=\"og:image\" content=\"https:\/\/luxeesti.ee\/wp-content\/uploads\/2020\/10\/337_pic1_n.jpeg\" \/>\n\t<meta property=\"og:image:width\" content=\"579\" \/>\n\t<meta property=\"og:image:height\" content=\"768\" \/>\n\t<meta property=\"og:image:type\" content=\"image\/jpeg\" \/>\n<meta name=\"twitter:card\" content=\"summary_large_image\" \/>\n<meta name=\"twitter:label1\" content=\"\u041f\u0440\u0438\u043c\u0435\u0440\u043d\u043e\u0435 \u0432\u0440\u0435\u043c\u044f \u0434\u043b\u044f \u0447\u0442\u0435\u043d\u0438\u044f\" \/>\n\t<meta name=\"twitter:data1\" content=\"1 \u043c\u0438\u043d\u0443\u0442\u0430\" \/>\n<script type=\"application\/ld+json\" class=\"yoast-schema-graph\">{\"@context\":\"https:\/\/schema.org\",\"@graph\":[{\"@type\":[\"WebPage\",\"ItemPage\"],\"@id\":\"https:\/\/luxeesti.ee\/toode\/ag-mini-filter\/\",\"url\":\"https:\/\/luxeesti.ee\/toode\/ag-mini-filter\/\",\"name\":\"AG mini filtri komplekt : Lux Eesti O&Uuml;\",\"isPartOf\":{\"@id\":\"https:\/\/luxeesti.ee\/#website\"},\"primaryImageOfPage\":{\"@id\":\"https:\/\/luxeesti.ee\/toode\/ag-mini-filter\/#primaryimage\"},\"image\":{\"@id\":\"https:\/\/luxeesti.ee\/toode\/ag-mini-filter\/#primaryimage\"},\"thumbnailUrl\":\"https:\/\/luxeesti.ee\/wp-content\/uploads\/2020\/10\/337_pic1_n.jpeg\",\"datePublished\":\"2020-10-30T22:23:15+00:00\",\"dateModified\":\"2025-07-10T05:44:30+00:00\",\"breadcrumb\":{\"@id\":\"https:\/\/luxeesti.ee\/toode\/ag-mini-filter\/#breadcrumb\"},\"inLanguage\":\"ru-RU\",\"potentialAction\":[{\"@type\":\"ReadAction\",\"target\":[\"https:\/\/luxeesti.ee\/toode\/ag-mini-filter\/\"]}]},{\"@type\":\"ImageObject\",\"inLanguage\":\"ru-RU\",\"@id\":\"https:\/\/luxeesti.ee\/toode\/ag-mini-filter\/#primaryimage\",\"url\":\"https:\/\/luxeesti.ee\/wp-content\/uploads\/2020\/10\/337_pic1_n.jpeg\",\"contentUrl\":\"https:\/\/luxeesti.ee\/wp-content\/uploads\/2020\/10\/337_pic1_n.jpeg\",\"width\":579,\"height\":768},{\"@type\":\"BreadcrumbList\",\"@id\":\"https:\/\/luxeesti.ee\/toode\/ag-mini-filter\/#breadcrumb\",\"itemListElement\":[{\"@type\":\"ListItem\",\"position\":1,\"name\":\"Home\",\"item\":\"https:\/\/luxeesti.ee\/\"},{\"@type\":\"ListItem\",\"position\":2,\"name\":\"Pood\",\"item\":\"https:\/\/luxeesti.ee\/pood\/\"},{\"@type\":\"ListItem\",\"position\":3,\"name\":\"AG mini filtri komplekt\"}]},{\"@type\":\"WebSite\",\"@id\":\"https:\/\/luxeesti.ee\/#website\",\"url\":\"https:\/\/luxeesti.ee\/\",\"name\":\"Lux Eesti O&Uuml;\",\"description\":\"Sinu tervisliku kodu partner\",\"publisher\":{\"@id\":\"https:\/\/luxeesti.ee\/#organization\"},\"potentialAction\":[{\"@type\":\"SearchAction\",\"target\":{\"@type\":\"EntryPoint\",\"urlTemplate\":\"https:\/\/luxeesti.ee\/?s={search_term_string}\"},\"query-input\":{\"@type\":\"PropertyValueSpecification\",\"valueRequired\":true,\"valueName\":\"search_term_string\"}}],\"inLanguage\":\"ru-RU\"},{\"@type\":\"Organization\",\"@id\":\"https:\/\/luxeesti.ee\/#organization\",\"name\":\"Lux Eesti\",\"url\":\"https:\/\/luxeesti.ee\/\",\"logo\":{\"@type\":\"ImageObject\",\"inLanguage\":\"ru-RU\",\"@id\":\"https:\/\/luxeesti.ee\/#\/schema\/logo\/image\/\",\"url\":\"https:\/\/luxeesti.ee\/wp-content\/uploads\/2020\/10\/lux-logo_text.png\",\"contentUrl\":\"https:\/\/luxeesti.ee\/wp-content\/uploads\/2020\/10\/lux-logo_text.png\",\"width\":900,\"height\":580,\"caption\":\"Lux Eesti\"},\"image\":{\"@id\":\"https:\/\/luxeesti.ee\/#\/schema\/logo\/image\/\"},\"sameAs\":[\"https:\/\/www.facebook.com\/luxeesti\/\"]}]}<\/script>\n<!-- \/ Yoast SEO plugin. -->","yoast_head_json":{"title":"AG mini filtri komplekt : Lux Eesti O&Uuml;","robots":{"index":"index","follow":"follow","max-snippet":"max-snippet:-1","max-image-preview":"max-image-preview:large","max-video-preview":"max-video-preview:-1"},"canonical":"https:\/\/luxeesti.ee\/ru\/product\/ag-mini-filter\/","og_locale":"ru_RU","og_type":"article","og_title":"AG mini filtri komplekt : Lux Eesti O&Uuml;","og_description":"K\u00f5rge efektiivsusega tahkete osakeste \u00f5hufilter (HEPA) efektiivsus on 99,95%, eemaldades osakesed v\u00e4iksemad kui 0,3 mikronit, n\u00e4iteks \u00f5ietolm, hallitusseened, peentolm ja mikroosakesed. Hepa filtrit tuleks vahetada umbes iga 12 kuu m\u00f6\u00f6dudes, et tagada \u00f5hupuhastaja optimaalne toimimine.","og_url":"https:\/\/luxeesti.ee\/ru\/product\/ag-mini-filter\/","og_site_name":"Lux Eesti O&Uuml;","article_publisher":"https:\/\/www.facebook.com\/luxeesti\/","article_modified_time":"2025-07-10T05:44:30+00:00","og_image":[{"width":579,"height":768,"url":"https:\/\/luxeesti.ee\/wp-content\/uploads\/2020\/10\/337_pic1_n.jpeg","type":"image\/jpeg"}],"twitter_card":"summary_large_image","twitter_misc":{"\u041f\u0440\u0438\u043c\u0435\u0440\u043d\u043e\u0435 \u0432\u0440\u0435\u043c\u044f \u0434\u043b\u044f \u0447\u0442\u0435\u043d\u0438\u044f":"1 \u043c\u0438\u043d\u0443\u0442\u0430"},"schema":{"@context":"https:\/\/schema.org","@graph":[{"@type":["WebPage","ItemPage"],"@id":"https:\/\/luxeesti.ee\/toode\/ag-mini-filter\/","url":"https:\/\/luxeesti.ee\/toode\/ag-mini-filter\/","name":"AG mini filtri komplekt : Lux Eesti O&Uuml;","isPartOf":{"@id":"https:\/\/luxeesti.ee\/#website"},"primaryImageOfPage":{"@id":"https:\/\/luxeesti.ee\/toode\/ag-mini-filter\/#primaryimage"},"image":{"@id":"https:\/\/luxeesti.ee\/toode\/ag-mini-filter\/#primaryimage"},"thumbnailUrl":"https:\/\/luxeesti.ee\/wp-content\/uploads\/2020\/10\/337_pic1_n.jpeg","datePublished":"2020-10-30T22:23:15+00:00","dateModified":"2025-07-10T05:44:30+00:00","breadcrumb":{"@id":"https:\/\/luxeesti.ee\/toode\/ag-mini-filter\/#breadcrumb"},"inLanguage":"ru-RU","potentialAction":[{"@type":"ReadAction","target":["https:\/\/luxeesti.ee\/toode\/ag-mini-filter\/"]}]},{"@type":"ImageObject","inLanguage":"ru-RU","@id":"https:\/\/luxeesti.ee\/toode\/ag-mini-filter\/#primaryimage","url":"https:\/\/luxeesti.ee\/wp-content\/uploads\/2020\/10\/337_pic1_n.jpeg","contentUrl":"https:\/\/luxeesti.ee\/wp-content\/uploads\/2020\/10\/337_pic1_n.jpeg","width":579,"height":768},{"@type":"BreadcrumbList","@id":"https:\/\/luxeesti.ee\/toode\/ag-mini-filter\/#breadcrumb","itemListElement":[{"@type":"ListItem","position":1,"name":"Home","item":"https:\/\/luxeesti.ee\/"},{"@type":"ListItem","position":2,"name":"Pood","item":"https:\/\/luxeesti.ee\/pood\/"},{"@type":"ListItem","position":3,"name":"AG mini filtri komplekt"}]},{"@type":"WebSite","@id":"https:\/\/luxeesti.ee\/#website","url":"https:\/\/luxeesti.ee\/","name":"Lux Eesti O&Uuml;","description":"Sinu tervisliku kodu partner","publisher":{"@id":"https:\/\/luxeesti.ee\/#organization"},"potentialAction":[{"@type":"SearchAction","target":{"@type":"EntryPoint","urlTemplate":"https:\/\/luxeesti.ee\/?s={search_term_string}"},"query-input":{"@type":"PropertyValueSpecification","valueRequired":true,"valueName":"search_term_string"}}],"inLanguage":"ru-RU"},{"@type":"Organization","@id":"https:\/\/luxeesti.ee\/#organization","name":"Lux Eesti","url":"https:\/\/luxeesti.ee\/","logo":{"@type":"ImageObject","inLanguage":"ru-RU","@id":"https:\/\/luxeesti.ee\/#\/schema\/logo\/image\/","url":"https:\/\/luxeesti.ee\/wp-content\/uploads\/2020\/10\/lux-logo_text.png","contentUrl":"https:\/\/luxeesti.ee\/wp-content\/uploads\/2020\/10\/lux-logo_text.png","width":900,"height":580,"caption":"Lux Eesti"},"image":{"@id":"https:\/\/luxeesti.ee\/#\/schema\/logo\/image\/"},"sameAs":["https:\/\/www.facebook.com\/luxeesti\/"]}]}},"_links":{"self":[{"href":"https:\/\/luxeesti.ee\/ru\/wp-json\/wp\/v2\/product\/565","targetHints":{"allow":["GET"]}}],"collection":[{"href":"https:\/\/luxeesti.ee\/ru\/wp-json\/wp\/v2\/product"}],"about":[{"href":"https:\/\/luxeesti.ee\/ru\/wp-json\/wp\/v2\/types\/product"}],"wp:featuredmedia":[{"embeddable":true,"href":"https:\/\/luxeesti.ee\/ru\/wp-json\/wp\/v2\/media\/566"}],"wp:attachment":[{"href":"https:\/\/luxeesti.ee\/ru\/wp-json\/wp\/v2\/media?parent=565"}],"wp:term":[{"taxonomy":"product_brand","embeddable":true,"href":"https:\/\/luxeesti.ee\/ru\/wp-json\/wp\/v2\/product_brand?post=565"},{"taxonomy":"product_cat","embeddable":true,"href":"https:\/\/luxeesti.ee\/ru\/wp-json\/wp\/v2\/product_cat?post=565"},{"taxonomy":"product_tag","embeddable":true,"href":"https:\/\/luxeesti.ee\/ru\/wp-json\/wp\/v2\/product_tag?post=565"}],"curies":[{"name":"wp","href":"https:\/\/api.w.org\/{rel}","templated":true}]}}