{"id":5641,"date":"2024-10-15T12:13:18","date_gmt":"2024-10-15T10:13:18","guid":{"rendered":"https:\/\/luxeesti.ee\/?post_type=product&#038;p=5641"},"modified":"2026-01-16T13:28:49","modified_gmt":"2026-01-16T11:28:49","slug":"evolux-max-varstolmuimeja","status":"publish","type":"product","link":"https:\/\/luxeesti.ee\/ru\/product\/evolux-max-varstolmuimeja\/","title":{"rendered":"Evolux Max varstolmuimeja"},"content":{"rendered":"<p>EVOLUX MAX on tolmuimeja, mis on \u00fche k\u00e4ega juhitav seade ning\u00a0 t\u00e4nu intelligentsele v\u00f5imsuse kontrollile (IPC) kohandab imemisv\u00f5imsust vastavalt mustuse hulgale ja erinevatele pindadele, tagades t\u00f5husa ja mugava puhastamise. T\u00f5eline abiline igap\u00e4evastes toimetustes.<\/p>\n<p>Pikk t\u00f6\u00f6aeg, l\u00fchike laadimisaeg.<\/p>\n<p>Kaks akut saab laadida paralleelselt.<\/p>\n<p>Kolm re\u017eiimi:Eco. Auto. 32 min \u2013 Max. 15 min<\/p>\n<p>Laadimisaeg: 3-4 tundi<\/p>\n<p>Puhastus kiiresti, t\u00f5husalt ja mugavalt!<\/p>","protected":false},"excerpt":{"rendered":"<p>EVOLUX MAX on tolmuimeja, mis on \u00fche k\u00e4ega juhitav seade ning\u00a0 t\u00e4nu intelligentsele v\u00f5imsuse kontrollile (IPC) kohandab imemisv\u00f5imsust vastavalt mustuse hulgale ja erinevatele pindadele, tagades t\u00f5husa ja mugava puhastamise. T\u00f5eline abiline igap\u00e4evastes toimetustes. Pikk t\u00f6\u00f6aeg, l\u00fchike laadimisaeg. Kaks akut saab laadida paralleelselt. Kolm re\u017eiimi:Eco. Auto. 32 min \u2013 Max. 15 min Laadimisaeg: 3-4 tundi Puhastus [&hellip;]<\/p>","protected":false},"featured_media":5640,"template":"","meta":[],"product_brand":[],"product_cat":[47],"product_tag":[],"class_list":{"0":"post-5641","1":"product","2":"type-product","3":"status-publish","4":"has-post-thumbnail","6":"product_cat-evolux-max-varstolmuimeja","8":"first","9":"instock","10":"taxable","11":"shipping-taxable","12":"purchasable","13":"product-type-simple"},"yoast_head":"<!-- This site is optimized with the Yoast SEO plugin v25.8 - https:\/\/yoast.com\/wordpress\/plugins\/seo\/ -->\n<title>Evolux Max varstolmuimeja : Lux Eesti O&Uuml;<\/title>\n<meta name=\"robots\" content=\"index, follow, max-snippet:-1, max-image-preview:large, max-video-preview:-1\" \/>\n<link rel=\"canonical\" href=\"https:\/\/luxeesti.ee\/ru\/product\/evolux-max-varstolmuimeja\/\" \/>\n<meta property=\"og:locale\" content=\"ru_RU\" \/>\n<meta property=\"og:type\" content=\"article\" \/>\n<meta property=\"og:title\" content=\"Evolux Max varstolmuimeja : Lux Eesti O&Uuml;\" \/>\n<meta property=\"og:description\" content=\"EVOLUX MAX on tolmuimeja, mis on \u00fche k\u00e4ega juhitav seade ning\u00a0 t\u00e4nu intelligentsele v\u00f5imsuse kontrollile (IPC) kohandab imemisv\u00f5imsust vastavalt mustuse hulgale ja erinevatele pindadele, tagades t\u00f5husa ja mugava puhastamise. T\u00f5eline abiline igap\u00e4evastes toimetustes. Pikk t\u00f6\u00f6aeg, l\u00fchike laadimisaeg. Kaks akut saab laadida paralleelselt. Kolm re\u017eiimi:Eco. Auto. 32 min \u2013 Max. 15 min Laadimisaeg: 3-4 tundi Puhastus [&hellip;]\" \/>\n<meta property=\"og:url\" content=\"https:\/\/luxeesti.ee\/ru\/product\/evolux-max-varstolmuimeja\/\" \/>\n<meta property=\"og:site_name\" content=\"Lux Eesti O&Uuml;\" \/>\n<meta property=\"article:publisher\" content=\"https:\/\/www.facebook.com\/luxeesti\/\" \/>\n<meta property=\"article:modified_time\" content=\"2026-01-16T11:28:49+00:00\" \/>\n<meta property=\"og:image\" content=\"https:\/\/luxeesti.ee\/wp-content\/uploads\/2024\/10\/Evomax1.png\" \/>\n\t<meta property=\"og:image:width\" content=\"803\" \/>\n\t<meta property=\"og:image:height\" content=\"801\" \/>\n\t<meta property=\"og:image:type\" content=\"image\/png\" \/>\n<meta name=\"twitter:card\" content=\"summary_large_image\" \/>\n<meta name=\"twitter:label1\" content=\"\u041f\u0440\u0438\u043c\u0435\u0440\u043d\u043e\u0435 \u0432\u0440\u0435\u043c\u044f \u0434\u043b\u044f \u0447\u0442\u0435\u043d\u0438\u044f\" \/>\n\t<meta name=\"twitter:data1\" content=\"1 \u043c\u0438\u043d\u0443\u0442\u0430\" \/>\n<script type=\"application\/ld+json\" class=\"yoast-schema-graph\">{\"@context\":\"https:\/\/schema.org\",\"@graph\":[{\"@type\":[\"WebPage\",\"ItemPage\"],\"@id\":\"https:\/\/luxeesti.ee\/toode\/evolux-max-varstolmuimeja\/\",\"url\":\"https:\/\/luxeesti.ee\/toode\/evolux-max-varstolmuimeja\/\",\"name\":\"Evolux Max varstolmuimeja : Lux Eesti O&Uuml;\",\"isPartOf\":{\"@id\":\"https:\/\/luxeesti.ee\/#website\"},\"primaryImageOfPage\":{\"@id\":\"https:\/\/luxeesti.ee\/toode\/evolux-max-varstolmuimeja\/#primaryimage\"},\"image\":{\"@id\":\"https:\/\/luxeesti.ee\/toode\/evolux-max-varstolmuimeja\/#primaryimage\"},\"thumbnailUrl\":\"https:\/\/luxeesti.ee\/wp-content\/uploads\/2024\/10\/Evomax1.png\",\"datePublished\":\"2024-10-15T10:13:18+00:00\",\"dateModified\":\"2026-01-16T11:28:49+00:00\",\"breadcrumb\":{\"@id\":\"https:\/\/luxeesti.ee\/toode\/evolux-max-varstolmuimeja\/#breadcrumb\"},\"inLanguage\":\"ru-RU\",\"potentialAction\":[{\"@type\":\"ReadAction\",\"target\":[\"https:\/\/luxeesti.ee\/toode\/evolux-max-varstolmuimeja\/\"]}]},{\"@type\":\"ImageObject\",\"inLanguage\":\"ru-RU\",\"@id\":\"https:\/\/luxeesti.ee\/toode\/evolux-max-varstolmuimeja\/#primaryimage\",\"url\":\"https:\/\/luxeesti.ee\/wp-content\/uploads\/2024\/10\/Evomax1.png\",\"contentUrl\":\"https:\/\/luxeesti.ee\/wp-content\/uploads\/2024\/10\/Evomax1.png\",\"width\":803,\"height\":801},{\"@type\":\"BreadcrumbList\",\"@id\":\"https:\/\/luxeesti.ee\/toode\/evolux-max-varstolmuimeja\/#breadcrumb\",\"itemListElement\":[{\"@type\":\"ListItem\",\"position\":1,\"name\":\"Home\",\"item\":\"https:\/\/luxeesti.ee\/\"},{\"@type\":\"ListItem\",\"position\":2,\"name\":\"Pood\",\"item\":\"https:\/\/luxeesti.ee\/pood\/\"},{\"@type\":\"ListItem\",\"position\":3,\"name\":\"Evolux Max varstolmuimeja\"}]},{\"@type\":\"WebSite\",\"@id\":\"https:\/\/luxeesti.ee\/#website\",\"url\":\"https:\/\/luxeesti.ee\/\",\"name\":\"Lux Eesti O&Uuml;\",\"description\":\"Sinu tervisliku kodu partner\",\"publisher\":{\"@id\":\"https:\/\/luxeesti.ee\/#organization\"},\"potentialAction\":[{\"@type\":\"SearchAction\",\"target\":{\"@type\":\"EntryPoint\",\"urlTemplate\":\"https:\/\/luxeesti.ee\/?s={search_term_string}\"},\"query-input\":{\"@type\":\"PropertyValueSpecification\",\"valueRequired\":true,\"valueName\":\"search_term_string\"}}],\"inLanguage\":\"ru-RU\"},{\"@type\":\"Organization\",\"@id\":\"https:\/\/luxeesti.ee\/#organization\",\"name\":\"Lux Eesti\",\"url\":\"https:\/\/luxeesti.ee\/\",\"logo\":{\"@type\":\"ImageObject\",\"inLanguage\":\"ru-RU\",\"@id\":\"https:\/\/luxeesti.ee\/#\/schema\/logo\/image\/\",\"url\":\"https:\/\/luxeesti.ee\/wp-content\/uploads\/2020\/10\/lux-logo_text.png\",\"contentUrl\":\"https:\/\/luxeesti.ee\/wp-content\/uploads\/2020\/10\/lux-logo_text.png\",\"width\":900,\"height\":580,\"caption\":\"Lux Eesti\"},\"image\":{\"@id\":\"https:\/\/luxeesti.ee\/#\/schema\/logo\/image\/\"},\"sameAs\":[\"https:\/\/www.facebook.com\/luxeesti\/\"]}]}<\/script>\n<!-- \/ Yoast SEO plugin. -->","yoast_head_json":{"title":"Evolux Max varstolmuimeja : Lux Eesti O&Uuml;","robots":{"index":"index","follow":"follow","max-snippet":"max-snippet:-1","max-image-preview":"max-image-preview:large","max-video-preview":"max-video-preview:-1"},"canonical":"https:\/\/luxeesti.ee\/ru\/product\/evolux-max-varstolmuimeja\/","og_locale":"ru_RU","og_type":"article","og_title":"Evolux Max varstolmuimeja : Lux Eesti O&Uuml;","og_description":"EVOLUX MAX on tolmuimeja, mis on \u00fche k\u00e4ega juhitav seade ning\u00a0 t\u00e4nu intelligentsele v\u00f5imsuse kontrollile (IPC) kohandab imemisv\u00f5imsust vastavalt mustuse hulgale ja erinevatele pindadele, tagades t\u00f5husa ja mugava puhastamise. T\u00f5eline abiline igap\u00e4evastes toimetustes. Pikk t\u00f6\u00f6aeg, l\u00fchike laadimisaeg. Kaks akut saab laadida paralleelselt. Kolm re\u017eiimi:Eco. Auto. 32 min \u2013 Max. 15 min Laadimisaeg: 3-4 tundi Puhastus [&hellip;]","og_url":"https:\/\/luxeesti.ee\/ru\/product\/evolux-max-varstolmuimeja\/","og_site_name":"Lux Eesti O&Uuml;","article_publisher":"https:\/\/www.facebook.com\/luxeesti\/","article_modified_time":"2026-01-16T11:28:49+00:00","og_image":[{"width":803,"height":801,"url":"https:\/\/luxeesti.ee\/wp-content\/uploads\/2024\/10\/Evomax1.png","type":"image\/png"}],"twitter_card":"summary_large_image","twitter_misc":{"\u041f\u0440\u0438\u043c\u0435\u0440\u043d\u043e\u0435 \u0432\u0440\u0435\u043c\u044f \u0434\u043b\u044f \u0447\u0442\u0435\u043d\u0438\u044f":"1 \u043c\u0438\u043d\u0443\u0442\u0430"},"schema":{"@context":"https:\/\/schema.org","@graph":[{"@type":["WebPage","ItemPage"],"@id":"https:\/\/luxeesti.ee\/toode\/evolux-max-varstolmuimeja\/","url":"https:\/\/luxeesti.ee\/toode\/evolux-max-varstolmuimeja\/","name":"Evolux Max varstolmuimeja : Lux Eesti O&Uuml;","isPartOf":{"@id":"https:\/\/luxeesti.ee\/#website"},"primaryImageOfPage":{"@id":"https:\/\/luxeesti.ee\/toode\/evolux-max-varstolmuimeja\/#primaryimage"},"image":{"@id":"https:\/\/luxeesti.ee\/toode\/evolux-max-varstolmuimeja\/#primaryimage"},"thumbnailUrl":"https:\/\/luxeesti.ee\/wp-content\/uploads\/2024\/10\/Evomax1.png","datePublished":"2024-10-15T10:13:18+00:00","dateModified":"2026-01-16T11:28:49+00:00","breadcrumb":{"@id":"https:\/\/luxeesti.ee\/toode\/evolux-max-varstolmuimeja\/#breadcrumb"},"inLanguage":"ru-RU","potentialAction":[{"@type":"ReadAction","target":["https:\/\/luxeesti.ee\/toode\/evolux-max-varstolmuimeja\/"]}]},{"@type":"ImageObject","inLanguage":"ru-RU","@id":"https:\/\/luxeesti.ee\/toode\/evolux-max-varstolmuimeja\/#primaryimage","url":"https:\/\/luxeesti.ee\/wp-content\/uploads\/2024\/10\/Evomax1.png","contentUrl":"https:\/\/luxeesti.ee\/wp-content\/uploads\/2024\/10\/Evomax1.png","width":803,"height":801},{"@type":"BreadcrumbList","@id":"https:\/\/luxeesti.ee\/toode\/evolux-max-varstolmuimeja\/#breadcrumb","itemListElement":[{"@type":"ListItem","position":1,"name":"Home","item":"https:\/\/luxeesti.ee\/"},{"@type":"ListItem","position":2,"name":"Pood","item":"https:\/\/luxeesti.ee\/pood\/"},{"@type":"ListItem","position":3,"name":"Evolux Max varstolmuimeja"}]},{"@type":"WebSite","@id":"https:\/\/luxeesti.ee\/#website","url":"https:\/\/luxeesti.ee\/","name":"Lux Eesti O&Uuml;","description":"Sinu tervisliku kodu partner","publisher":{"@id":"https:\/\/luxeesti.ee\/#organization"},"potentialAction":[{"@type":"SearchAction","target":{"@type":"EntryPoint","urlTemplate":"https:\/\/luxeesti.ee\/?s={search_term_string}"},"query-input":{"@type":"PropertyValueSpecification","valueRequired":true,"valueName":"search_term_string"}}],"inLanguage":"ru-RU"},{"@type":"Organization","@id":"https:\/\/luxeesti.ee\/#organization","name":"Lux Eesti","url":"https:\/\/luxeesti.ee\/","logo":{"@type":"ImageObject","inLanguage":"ru-RU","@id":"https:\/\/luxeesti.ee\/#\/schema\/logo\/image\/","url":"https:\/\/luxeesti.ee\/wp-content\/uploads\/2020\/10\/lux-logo_text.png","contentUrl":"https:\/\/luxeesti.ee\/wp-content\/uploads\/2020\/10\/lux-logo_text.png","width":900,"height":580,"caption":"Lux Eesti"},"image":{"@id":"https:\/\/luxeesti.ee\/#\/schema\/logo\/image\/"},"sameAs":["https:\/\/www.facebook.com\/luxeesti\/"]}]}},"_links":{"self":[{"href":"https:\/\/luxeesti.ee\/ru\/wp-json\/wp\/v2\/product\/5641","targetHints":{"allow":["GET"]}}],"collection":[{"href":"https:\/\/luxeesti.ee\/ru\/wp-json\/wp\/v2\/product"}],"about":[{"href":"https:\/\/luxeesti.ee\/ru\/wp-json\/wp\/v2\/types\/product"}],"wp:featuredmedia":[{"embeddable":true,"href":"https:\/\/luxeesti.ee\/ru\/wp-json\/wp\/v2\/media\/5640"}],"wp:attachment":[{"href":"https:\/\/luxeesti.ee\/ru\/wp-json\/wp\/v2\/media?parent=5641"}],"wp:term":[{"taxonomy":"product_brand","embeddable":true,"href":"https:\/\/luxeesti.ee\/ru\/wp-json\/wp\/v2\/product_brand?post=5641"},{"taxonomy":"product_cat","embeddable":true,"href":"https:\/\/luxeesti.ee\/ru\/wp-json\/wp\/v2\/product_cat?post=5641"},{"taxonomy":"product_tag","embeddable":true,"href":"https:\/\/luxeesti.ee\/ru\/wp-json\/wp\/v2\/product_tag?post=5641"}],"curies":[{"name":"wp","href":"https:\/\/api.w.org\/{rel}","templated":true}]}}