{"id":530,"date":"2020-10-29T09:54:20","date_gmt":"2020-10-29T07:54:20","guid":{"rendered":"https:\/\/luxeesti.ee\/?post_type=product&#038;p=530"},"modified":"2020-11-03T15:20:01","modified_gmt":"2020-11-03T13:20:01","slug":"ecolux-115-aurupuhasti","status":"publish","type":"product","link":"https:\/\/luxeesti.ee\/ru\/product\/ecolux-115-aurupuhasti\/","title":{"rendered":"\u041f\u0430\u0440\u043e\u043e\u0447\u0438\u0441\u0442\u0438\u0442\u0435\u043b\u044c \"Ecolux 115\""},"content":{"rendered":"<h2><strong>\u041f\u0430\u0440\u043e\u0432\u0430\u044f \u0441\u0438\u0441\u0442\u0435\u043c\u0430 \u043e\u0447\u0438\u0441\u0442\u043a\u0438 \"Ecolux 115\" \u043f\u0440\u0435\u0434\u043b\u0430\u0433\u0430\u0435\u0442 \u043d\u043e\u0432\u044b\u0439 \u0443\u0440\u043e\u0432\u0435\u043d\u044c \u043a\u043e\u043c\u0444\u043e\u0440\u0442\u0430 \u0432 \u0443\u0431\u043e\u0440\u043a\u0435, \u0431\u043b\u0430\u0433\u043e\u0434\u0430\u0440\u044f \u0438\u0441\u043f\u043e\u043b\u044c\u0437\u043e\u0432\u0430\u043d\u0438\u044e \u043f\u0440\u0438\u0440\u043e\u0434\u043d\u043e\u0439 \u043c\u043e\u0449\u043d\u043e\u0441\u0442\u0438 \u0432\u043e\u0434\u044f\u043d\u043e\u0433\u043e \u043f\u0430\u0440\u0430.<\/strong><\/h2>\n<div class=\"lead\">\n<p>\u0411\u043b\u0430\u0433\u043e\u0434\u0430\u0440\u044f \u0432\u044b\u0441\u043e\u043a\u043e\u043a\u0430\u0447\u0435\u0441\u0442\u0432\u0435\u043d\u043d\u043e\u043c\u0443 \u0441\u0443\u0445\u043e\u043c\u0443 \u043f\u0430\u0440\u0443, \u0431\u0435\u0437\u043e\u043f\u0430\u0441\u043d\u043e\u0441\u0442\u0438 \u0437\u0430\u043f\u0430\u0442\u0435\u043d\u0442\u043e\u0432\u0430\u043d\u043d\u043e\u0433\u043e  \u043f\u043e\u043a\u0440\u044b\u0442\u0438\u044f \u0438 \u0435\u0433\u043e \u0434\u0438\u0437\u0430\u0439\u043d\u0443, \u0430 \u0442\u0430\u043a\u0436\u0435 \u0448\u0438\u0440\u043e\u043a\u043e\u043c\u0443 \u0430\u0441\u0441\u043e\u0440\u0442\u0438\u043c\u0435\u043d\u0442\u0443 \u0430\u043a\u0441\u0435\u0441\u0441\u0443\u0430\u0440\u043e\u0432, \u0447\u0438\u0441\u0442\u043a\u0430 \u0441\u0442\u0430\u043d\u043e\u0432\u0438\u0442\u0441\u044f \u043f\u0440\u043e\u0449\u0435 \u0438 \u0431\u0435\u0437\u043e\u043f\u0430\u0441\u043d\u0435\u0435 \u0431\u0435\u0437 \u0438\u0441\u043f\u043e\u043b\u044c\u0437\u043e\u0432\u0430\u043d\u0438\u044f \u0445\u0438\u043c\u0438\u0447\u0435\u0441\u043a\u0438\u0445 \u0432\u0435\u0449\u0435\u0441\u0442\u0432.<\/p>\n<p>\u0411\u043b\u0430\u0433\u043e\u0434\u0430\u0440\u044f \u0441\u043f\u0435\u0446\u0438\u0430\u043b\u044c\u043d\u043e \u0440\u0430\u0437\u0440\u0430\u0431\u043e\u0442\u0430\u043d\u043d\u043e\u043c\u0443 \u0433\u043b\u0430\u0434\u0438\u043b\u044c\u043d\u043e\u043c\u0443 \u043e\u0431\u043e\u0440\u0443\u0434\u043e\u0432\u0430\u043d\u0438\u044e \"Ecolux 115\" \u043f\u0440\u0435\u0434\u043b\u0430\u0433\u0430\u0435\u0442 \u043f\u0440\u043e\u0444\u0435\u0441\u0441\u0438\u043e\u043d\u0430\u043b\u044c\u043d\u043e\u0435 \u0433\u043b\u0430\u0436\u0435\u043d\u0438\u0435 \u0434\u043b\u044f \u043a\u0430\u0436\u0434\u043e\u0433\u043e \u0434\u043e\u043c\u0430.<\/p>\n<p class=\"translation-block\">\u0411\u0430\u043b\u0430\u043d\u0441 \u043c\u043e\u0449\u043d\u043e\u0441\u0442\u0438 \u043d\u0430\u0433\u0440\u0435\u0432\u0430 \u0438 \u0434\u0430\u0432\u043b\u0435\u043d\u0438\u044f \u0432 1,8 \u043b\u0438\u0442\u0440\u043e\u0432\u043e\u043c \u0431\u043e\u0439\u043b\u0435\u0440\u0435 \u043e\u0431\u0435\u0441\u043f\u0435\u0447\u0438\u0432\u0430\u0435\u0442 \u0432\u044b\u0441\u043e\u043a\u043e\u043a\u0430\u0447\u0435\u0441\u0442\u0432\u0435\u043d\u043d\u044b\u0439 \u0441\u0443\u0445\u043e\u0439 \u043f\u0430\u0440.<\/p>\n<p class=\"translation-block\">\u042d\u043a\u043e\u043d\u043e\u043c\u043d\u043e\u0435 \u043f\u043e\u0442\u0440\u0435\u0431\u043b\u0435\u043d\u0438\u0435 \u0432\u0440\u0435\u043c\u0435\u043d\u0438 \u0438 \u044d\u043d\u0435\u0440\u0433\u0438\u0438.<\/p>\n<p class=\"translation-block\">\u0423\u0434\u043e\u0431\u0441\u0442\u0432\u043e \u0438\u0441\u043f\u043e\u043b\u044c\u0437\u043e\u0432\u0430\u043d\u0438\u044f \u0443\u0441\u0442\u0440\u043e\u0439\u0441\u0442\u0432\u0430 \u0432 \u0441\u043e\u0447\u0435\u0442\u0430\u043d\u0438\u0438 \u0441 \u043e\u0433\u0440\u0430\u043d\u0438\u0447\u0435\u043d\u043d\u044b\u043c \u043f\u043e\u0442\u0440\u0435\u0431\u043b\u0435\u043d\u0438\u0435\u043c \u0432\u043e\u0434\u044b \u043e\u0431\u0435\u0441\u043f\u0435\u0447\u0438\u0432\u0430\u0435\u0442 \u0431\u044b\u0441\u0442\u0440\u044b\u0435 \u0440\u0435\u0437\u0443\u043b\u044c\u0442\u0430\u0442\u044b \u0441 \u043c\u0438\u043d\u0438\u043c\u0430\u043b\u044c\u043d\u044b\u043c\u0438 \u0443\u0441\u0438\u043b\u0438\u044f\u043c\u0438 \u0431\u0435\u0437 \u0438\u0441\u043f\u043e\u043b\u044c\u0437\u043e\u0432\u0430\u043d\u0438\u044f \u0447\u0438\u0441\u0442\u044f\u0449\u0438\u0445 \u0441\u0440\u0435\u0434\u0441\u0442\u0432.<\/p>\n<\/div>\n<div class=\"full active\">\n<p class=\"translation-block\">\u041f\u0440\u043e\u0441\u0442\u044b\u0435 \u0441\u0438\u043c\u0432\u043e\u043b\u044b \u0438 \u0447\u0435\u0442\u043a\u0438\u0435 \u043f\u043e\u0434\u0441\u043a\u0430\u0437\u043a\u0438 \u043d\u0430 \u0443\u0434\u043e\u0431\u043d\u043e\u043c \u0434\u0438\u0441\u043f\u043b\u0435\u0435 \u0432\u0441\u0435\u0433\u0434\u0430 \u043f\u043e\u043a\u0430\u0437\u044b\u0432\u0430\u044e\u0442 \u0440\u0430\u0431\u043e\u0447\u0438\u0435 \u0444\u0443\u043d\u043a\u0446\u0438\u0438.<\/p>\n<p class=\"translation-block\">\u0411\u0435\u0437\u043e\u043f\u0430\u0441\u043d\u044b\u0439 \u0434\u0430\u0442\u0447\u0438\u043a \u043e\u0442\u043a\u043b\u044e\u0447\u0435\u043d\u0438\u044f \u0432 \u0432\u0435\u0440\u0442\u0438\u043a\u0430\u043b\u044c\u043d\u043e\u043c \u043f\u043e\u043b\u043e\u0436\u0435\u043d\u0438\u0438 \u0438 \u0437\u0430\u043f\u0430\u0442\u0435\u043d\u0442\u043e\u0432\u0430\u043d\u043d\u044b\u0439 \u043f\u0440\u0435\u0434\u043e\u0445\u0440\u0430\u043d\u0438\u0442\u0435\u043b\u044c \u043d\u0430 \u0431\u043e\u0439\u043b\u0435\u0440\u0435 \u043e\u0431\u0435\u0441\u043f\u0435\u0447\u0438\u0432\u0430\u044e\u0442 \u0431\u0435\u0437\u043e\u043f\u0430\u0441\u043d\u043e\u0435 \u0438\u0441\u043f\u043e\u043b\u044c\u0437\u043e\u0432\u0430\u043d\u0438\u0435 \u0443\u0441\u0442\u0440\u043e\u0439\u0441\u0442\u0432\u0430 \u0432 \u043b\u044e\u0431\u043e\u0435 \u0432\u0440\u0435\u043c\u044f.<\/p>\n<p class=\"translation-block\">\u042d\u0440\u0433\u043e\u043d\u043e\u043c\u0438\u0447\u043d\u043e\u0439 \u0440\u0443\u043a\u043e\u044f\u0442\u043a\u043e\u0439 \u0448\u043b\u0430\u043d\u0433\u0430 \u043c\u043e\u0436\u043d\u043e \u043b\u0435\u0433\u043a\u043e \u0432\u044b\u0431\u0440\u0430\u0442\u044c \u0442\u0440\u0438 \u0440\u0430\u0437\u043d\u044b\u0445 \u0443\u0440\u043e\u0432\u043d\u044f \u043f\u0430\u0440\u0430. \u0411\u043b\u0430\u0433\u043e\u0434\u0430\u0440\u044f \u043e\u0442\u0434\u0435\u043b\u044c\u043d\u043e\u043c\u0443 \u0438\u0441\u043f\u0430\u0440\u0438\u0442\u0435\u043b\u044e \u0438\u0441\u043f\u043e\u043b\u044c\u0437\u043e\u0432\u0430\u043d\u0438\u0435 \u0443\u0434\u043e\u0431\u043d\u043e\u0435 \u0438 \u0431\u0435\u0437\u043e\u043f\u0430\u0441\u043d\u043e\u0435.\n\n\u0417\u0430\u043f\u0430\u0442\u0435\u043d\u0442\u043e\u0432\u0430\u043d\u043d\u0430\u044f \u0441\u0438\u0441\u0442\u0435\u043c\u0430 \u043e\u0431\u044b\u0437\u0432\u0435\u0441\u0442\u0432\u043b\u0435\u043d\u0438\u044f \u043f\u0440\u0435\u0434\u043e\u0442\u0432\u0440\u0430\u0449\u0430\u0435\u0442 \u0438\u0437\u043d\u0430\u0448\u0438\u0432\u0430\u043d\u0438\u0435 \u0431\u043e\u0439\u043b\u0435\u0440\u0430, \u0443\u043f\u0440\u043e\u0449\u0430\u0435\u0442 \u0438 \u0443\u0441\u043a\u043e\u0440\u044f\u0435\u0442 \u0442\u0435\u0445\u043d\u0438\u0447\u0435\u0441\u043a\u043e\u0435 \u043e\u0431\u0441\u043b\u0443\u0436\u0438\u0432\u0430\u043d\u0438\u0435 \u0443\u0441\u0442\u0440\u043e\u0439\u0441\u0442\u0432\u0430.<\/p>\n<p><a href=\"https:\/\/luxeesti.ee\/wp-content\/uploads\/2020\/10\/98_file1_ecolux115_manual_web_en.pdf\" target=\"_blank\" rel=\"noopener noreferrer\">\u0418\u043d\u0441\u0442\u0440\u0443\u043a\u0446\u0438\u044f \u043f\u043e \u044d\u043a\u0441\u043f\u043b\u0443\u0430\u0442\u0430\u0446\u0438\u0438<\/a> \/ <a href=\"https:\/\/luxeesti.ee\/wp-content\/uploads\/2020\/10\/98_file2_ecolux115_brochure_web_en.pdf\" target=\"_blank\" rel=\"noopener noreferrer\">\u0411\u0440\u043e\u0448\u044e\u0440\u0430<\/a><\/p>\n<\/div>\n<p>&nbsp;<\/p>\n<hr \/>\n<h2><strong>\u0422\u0435\u0445\u043d\u0438\u0447\u0435\u0441\u043a\u0438\u0435 \u0445\u0430\u0440\u0430\u043a\u0442\u0435\u0440\u0438\u0441\u0442\u0438\u043a\u0438<\/strong><\/h2>\n<table width=\"50%\">\n<tbody>\n<tr>\n<td>\u0423\u0440\u043e\u0432\u043d\u0438 \u043f\u0430\u0440\u0430<\/td>\n<td>3<\/td>\n<\/tr>\n<tr>\n<td>\u041c\u0430\u043a\u0441\u0438\u043c\u0430\u043b\u044c\u043d\u0430\u044f \u043c\u043e\u0449\u043d\u043e\u0441\u0442\u044c<\/td>\n<td>2000 W<\/td>\n<\/tr>\n<tr>\n<td>\u0418\u0441\u043f\u043e\u043b\u044c\u0437\u0443\u0435\u043c\u044b\u0439 \u043e\u0431\u044a\u0435\u043c \u0431\u043e\u0439\u043b\u0435\u0440\u0430<\/td>\n<td>2,4 l<\/td>\n<\/tr>\n<tr>\n<td>\u041d\u0430\u0438\u0431\u043e\u043b\u044c\u0448\u0435\u0435 \u0434\u0430\u0432\u043b\u0435\u043d\u0438\u0435 \u0432 \u0431\u043e\u0439\u043b\u0435\u0440\u0435<\/td>\n<td>3,6 \u0431\u0430\u0440<\/td>\n<\/tr>\n<tr>\n<td>\u041c\u0430\u0442\u0435\u0440\u0438\u0430\u043b \u0431\u043e\u0439\u043b\u0435\u0440\u0430<\/td>\n<td>\u041d\u0435\u0440\u0436\u0430\u0432\u0435\u044e\u0449\u0430\u044f \u0441\u0442\u0430\u043b\u044c<\/td>\n<\/tr>\n<tr>\n<td>\u0414\u043e\u043f\u043e\u043b\u043d\u0438\u0442\u0435\u043b\u044c\u043d\u044b\u0435 \u043f\u0440\u0438\u043d\u0430\u0434\u043b\u0435\u0436\u043d\u043e\u0441\u0442\u0438 <br>\u0432 \u043a\u043e\u043c\u043f\u043b\u0435\u043a\u0442\u0435<\/td>\n<td>\u0422\u0440\u0443\u0431\u044b (2 \u0448\u0442\u0443\u043a\u0438)<\/td>\n<\/tr>\n<tr>\n<td><\/td>\n<td>\u0429\u0435\u0442\u043a\u0430 \u0434\u043b\u044f \u043f\u043e\u043b\u0430<\/td>\n<\/tr>\n<tr>\n<td><\/td>\n<td>\u0417\u0430\u0449\u0438\u0442\u043d\u044b\u0435 \u043f\u043b\u0430\u0441\u0442\u0438\u043d\u044b \u043a \u0449\u0435\u0442\u043a\u0435 \u0434\u043b\u044f \u043f\u043e\u043b\u0430<\/td>\n<\/tr>\n<tr>\n<td><\/td>\n<td>\u0422\u043a\u0430\u043d\u0438 \u0434\u043b\u044f \u0447\u0438\u0441\u0442\u043a\u0438<\/td>\n<\/tr>\n<tr>\n<td><\/td>\n<td>\u0429\u0435\u0442\u043a\u0430 \u0430\u043b\u043c\u0430\u0437\u043d\u043e\u0439 \u0444\u043e\u0440\u043c\u044b<\/td>\n<\/tr>\n<tr>\n<td><\/td>\n<td>\u041d\u0430\u0441\u0430\u0434\u043a\u0430 \u0434\u043b\u044f \u043f\u0430\u0440\u0430<\/td>\n<\/tr>\n<tr>\n<td><\/td>\n<td>\u0411\u0443\u0442\u044b\u043b\u043a\u0430 \u0434\u043b\u044f \u0436\u0438\u0434\u043a\u043e\u0441\u0442\u0438<\/td>\n<\/tr>\n<tr>\n<td>\u0421\u043f\u0435\u0446\u0438\u0430\u043b\u044c\u043d\u0430\u044f \u0449\u0435\u0442\u0438\u043d\u0430<\/td>\n<td>\u041c\u0430\u043b\u0435\u043d\u044c\u043a\u0430\u044f \u043d\u0435\u0439\u043b\u043e\u043d\u043e\u0432\u0430\u044f \u0449\u0435\u0442\u043a\u0430<\/td>\n<\/tr>\n<tr>\n<td><\/td>\n<td>\u041c\u0430\u043b\u0435\u043d\u044c\u043a\u0430\u044f \u0449\u0435\u0442\u043a\u0430 \u0438\u0437 <br>\u043d\u0430\u0442\u0443\u0440\u0430\u043b\u044c\u043d\u043e\u0433\u043e \u0432\u043e\u043b\u043e\u043a\u043d\u0430<\/td>\n<\/tr>\n<tr>\n<td><\/td>\n<td>\u0411\u043e\u043b\u044c\u0448\u0430\u044f \u0449\u0435\u0442\u043a\u0430 \u0438\u0437<br> \u043d\u0430\u0442\u0443\u0440\u0430\u043b\u044c\u043d\u043e\u0433\u043e \u0432\u043e\u043b\u043e\u043a\u043d\u0430<\/td>\n<\/tr>\n<tr>\n<td><\/td>\n<td>\u0429\u0435\u0442\u043a\u0430 \u0438\u0437 \u043c\u0435\u0434\u0438<\/td>\n<\/tr>\n<tr>\n<td><\/td>\n<td>\u041e\u0447\u0438\u0441\u0442\u0438\u0442\u0435\u043b\u044c<\/td>\n<\/tr>\n<tr>\n<td>\u0420\u0430\u0437\u043c\u0435\u0440\u044b (\u0412 \u0445 \u0428 \u0445 \u0413)<\/td>\n<td>300 x 540 x 320 mm<\/td>\n<\/tr>\n<tr>\n<td>\u0412\u0435\u0441<\/td>\n<td>7,3 kg<\/td>\n<\/tr>\n<tr>\n<td>\u041a\u043e\u043b\u0438\u0447\u0435\u0441\u0442\u0432\u043e<\/td>\n<td>1<\/td>\n<\/tr>\n<\/tbody>\n<\/table>","protected":false},"excerpt":{"rendered":"<p>Ecolux 115 aurupuhastuss\u00fcsteem pakub uut puhastusmugavust, kasutades auru loomulikku v\u00f5imsust. T\u00e4nu kvaliteetsele kuivaurule, patenteeritud katte turvalisusele ning laialdasele lisatarvikute valikule on puhastamine tehtud kergemaks ning v\u00f5imalikuks ka ilma keemilisi\u00a0aineid\u00a0kasutamata. T\u00e4nu spetsiaalselt v\u00e4ljat\u00f6\u00f6tatud triikimisseadmete valikule pakub Ecolux 115 igale majapidamisele professionaalset triikimisv\u00f5imalust. K\u00fcttev\u00f5imsuse, katla r\u00f5hu ja 1,8 liitrise boileri vaheline tasakaal tagab k\u00f5rgekvaliteetse kuivauru. Lihtsad s\u00fcmbolid [&hellip;]<\/p>","protected":false},"featured_media":535,"template":"","meta":[],"product_brand":[],"product_cat":[32],"product_tag":[],"class_list":{"0":"post-530","1":"product","2":"type-product","3":"status-publish","4":"has-post-thumbnail","6":"product_cat-seadmed","8":"first","9":"instock","10":"taxable","11":"shipping-taxable","12":"product-type-simple"},"yoast_head":"<!-- This site is optimized with the Yoast SEO plugin v25.8 - https:\/\/yoast.com\/wordpress\/plugins\/seo\/ -->\n<title>Ecolux 115 aurupuhasti : Lux Eesti O&Uuml;<\/title>\n<meta name=\"robots\" content=\"index, follow, max-snippet:-1, max-image-preview:large, max-video-preview:-1\" \/>\n<link rel=\"canonical\" href=\"http:\/\/luxeesti.ee\/ru\/product\/ecolux-115-aurupuhasti\/\" \/>\n<meta property=\"og:locale\" content=\"ru_RU\" \/>\n<meta property=\"og:type\" content=\"article\" \/>\n<meta property=\"og:title\" content=\"Ecolux 115 aurupuhasti : Lux Eesti O&Uuml;\" \/>\n<meta property=\"og:description\" content=\"Ecolux 115 aurupuhastuss\u00fcsteem pakub uut puhastusmugavust, kasutades auru loomulikku v\u00f5imsust. T\u00e4nu kvaliteetsele kuivaurule, patenteeritud katte turvalisusele ning laialdasele lisatarvikute valikule on puhastamine tehtud kergemaks ning v\u00f5imalikuks ka ilma keemilisi\u00a0aineid\u00a0kasutamata. T\u00e4nu spetsiaalselt v\u00e4ljat\u00f6\u00f6tatud triikimisseadmete valikule pakub Ecolux 115 igale majapidamisele professionaalset triikimisv\u00f5imalust. K\u00fcttev\u00f5imsuse, katla r\u00f5hu ja 1,8 liitrise boileri vaheline tasakaal tagab k\u00f5rgekvaliteetse kuivauru. Lihtsad s\u00fcmbolid [&hellip;]\" \/>\n<meta property=\"og:url\" content=\"http:\/\/luxeesti.ee\/ru\/product\/ecolux-115-aurupuhasti\/\" \/>\n<meta property=\"og:site_name\" content=\"Lux Eesti O&Uuml;\" \/>\n<meta property=\"article:publisher\" content=\"https:\/\/www.facebook.com\/luxeesti\/\" \/>\n<meta property=\"article:modified_time\" content=\"2020-11-03T13:20:01+00:00\" \/>\n<meta property=\"og:image\" content=\"https:\/\/luxeesti.ee\/wp-content\/uploads\/2020\/10\/95_pic2_o.jpeg\" \/>\n\t<meta property=\"og:image:width\" content=\"1920\" \/>\n\t<meta property=\"og:image:height\" content=\"1080\" \/>\n\t<meta property=\"og:image:type\" content=\"image\/jpeg\" \/>\n<meta name=\"twitter:card\" content=\"summary_large_image\" \/>\n<meta name=\"twitter:label1\" content=\"\u041f\u0440\u0438\u043c\u0435\u0440\u043d\u043e\u0435 \u0432\u0440\u0435\u043c\u044f \u0434\u043b\u044f \u0447\u0442\u0435\u043d\u0438\u044f\" \/>\n\t<meta name=\"twitter:data1\" content=\"1 \u043c\u0438\u043d\u0443\u0442\u0430\" \/>\n<script type=\"application\/ld+json\" class=\"yoast-schema-graph\">{\"@context\":\"https:\/\/schema.org\",\"@graph\":[{\"@type\":[\"WebPage\",\"ItemPage\"],\"@id\":\"http:\/\/luxeesti.ee\/ru\/product\/ecolux-115-aurupuhasti\/\",\"url\":\"http:\/\/luxeesti.ee\/ru\/product\/ecolux-115-aurupuhasti\/\",\"name\":\"Ecolux 115 aurupuhasti : Lux Eesti O&Uuml;\",\"isPartOf\":{\"@id\":\"https:\/\/luxeesti.ee\/#website\"},\"primaryImageOfPage\":{\"@id\":\"http:\/\/luxeesti.ee\/ru\/product\/ecolux-115-aurupuhasti\/#primaryimage\"},\"image\":{\"@id\":\"http:\/\/luxeesti.ee\/ru\/product\/ecolux-115-aurupuhasti\/#primaryimage\"},\"thumbnailUrl\":\"https:\/\/luxeesti.ee\/wp-content\/uploads\/2020\/10\/95_pic2_o.jpeg\",\"datePublished\":\"2020-10-29T07:54:20+00:00\",\"dateModified\":\"2020-11-03T13:20:01+00:00\",\"breadcrumb\":{\"@id\":\"http:\/\/luxeesti.ee\/ru\/product\/ecolux-115-aurupuhasti\/#breadcrumb\"},\"inLanguage\":\"ru-RU\",\"potentialAction\":[{\"@type\":\"ReadAction\",\"target\":[\"http:\/\/luxeesti.ee\/ru\/product\/ecolux-115-aurupuhasti\/\"]}]},{\"@type\":\"ImageObject\",\"inLanguage\":\"ru-RU\",\"@id\":\"http:\/\/luxeesti.ee\/ru\/product\/ecolux-115-aurupuhasti\/#primaryimage\",\"url\":\"https:\/\/luxeesti.ee\/wp-content\/uploads\/2020\/10\/95_pic2_o.jpeg\",\"contentUrl\":\"https:\/\/luxeesti.ee\/wp-content\/uploads\/2020\/10\/95_pic2_o.jpeg\",\"width\":1920,\"height\":1080},{\"@type\":\"BreadcrumbList\",\"@id\":\"http:\/\/luxeesti.ee\/ru\/product\/ecolux-115-aurupuhasti\/#breadcrumb\",\"itemListElement\":[{\"@type\":\"ListItem\",\"position\":1,\"name\":\"Home\",\"item\":\"https:\/\/luxeesti.ee\/\"},{\"@type\":\"ListItem\",\"position\":2,\"name\":\"Pood\",\"item\":\"https:\/\/luxeesti.ee\/pood\/\"},{\"@type\":\"ListItem\",\"position\":3,\"name\":\"Ecolux 115 aurupuhasti\"}]},{\"@type\":\"WebSite\",\"@id\":\"https:\/\/luxeesti.ee\/#website\",\"url\":\"https:\/\/luxeesti.ee\/\",\"name\":\"Lux Eesti O&Uuml;\",\"description\":\"Sinu tervisliku kodu partner\",\"publisher\":{\"@id\":\"https:\/\/luxeesti.ee\/#organization\"},\"potentialAction\":[{\"@type\":\"SearchAction\",\"target\":{\"@type\":\"EntryPoint\",\"urlTemplate\":\"https:\/\/luxeesti.ee\/?s={search_term_string}\"},\"query-input\":{\"@type\":\"PropertyValueSpecification\",\"valueRequired\":true,\"valueName\":\"search_term_string\"}}],\"inLanguage\":\"ru-RU\"},{\"@type\":\"Organization\",\"@id\":\"https:\/\/luxeesti.ee\/#organization\",\"name\":\"Lux Eesti\",\"url\":\"https:\/\/luxeesti.ee\/\",\"logo\":{\"@type\":\"ImageObject\",\"inLanguage\":\"ru-RU\",\"@id\":\"https:\/\/luxeesti.ee\/#\/schema\/logo\/image\/\",\"url\":\"https:\/\/luxeesti.ee\/wp-content\/uploads\/2020\/10\/lux-logo_text.png\",\"contentUrl\":\"https:\/\/luxeesti.ee\/wp-content\/uploads\/2020\/10\/lux-logo_text.png\",\"width\":900,\"height\":580,\"caption\":\"Lux Eesti\"},\"image\":{\"@id\":\"https:\/\/luxeesti.ee\/#\/schema\/logo\/image\/\"},\"sameAs\":[\"https:\/\/www.facebook.com\/luxeesti\/\"]}]}<\/script>\n<!-- \/ Yoast SEO plugin. -->","yoast_head_json":{"title":"Ecolux 115 aurupuhasti : Lux Eesti O&Uuml;","robots":{"index":"index","follow":"follow","max-snippet":"max-snippet:-1","max-image-preview":"max-image-preview:large","max-video-preview":"max-video-preview:-1"},"canonical":"http:\/\/luxeesti.ee\/ru\/product\/ecolux-115-aurupuhasti\/","og_locale":"ru_RU","og_type":"article","og_title":"Ecolux 115 aurupuhasti : Lux Eesti O&Uuml;","og_description":"Ecolux 115 aurupuhastuss\u00fcsteem pakub uut puhastusmugavust, kasutades auru loomulikku v\u00f5imsust. T\u00e4nu kvaliteetsele kuivaurule, patenteeritud katte turvalisusele ning laialdasele lisatarvikute valikule on puhastamine tehtud kergemaks ning v\u00f5imalikuks ka ilma keemilisi\u00a0aineid\u00a0kasutamata. T\u00e4nu spetsiaalselt v\u00e4ljat\u00f6\u00f6tatud triikimisseadmete valikule pakub Ecolux 115 igale majapidamisele professionaalset triikimisv\u00f5imalust. K\u00fcttev\u00f5imsuse, katla r\u00f5hu ja 1,8 liitrise boileri vaheline tasakaal tagab k\u00f5rgekvaliteetse kuivauru. Lihtsad s\u00fcmbolid [&hellip;]","og_url":"http:\/\/luxeesti.ee\/ru\/product\/ecolux-115-aurupuhasti\/","og_site_name":"Lux Eesti O&Uuml;","article_publisher":"https:\/\/www.facebook.com\/luxeesti\/","article_modified_time":"2020-11-03T13:20:01+00:00","og_image":[{"width":1920,"height":1080,"url":"https:\/\/luxeesti.ee\/wp-content\/uploads\/2020\/10\/95_pic2_o.jpeg","type":"image\/jpeg"}],"twitter_card":"summary_large_image","twitter_misc":{"\u041f\u0440\u0438\u043c\u0435\u0440\u043d\u043e\u0435 \u0432\u0440\u0435\u043c\u044f \u0434\u043b\u044f \u0447\u0442\u0435\u043d\u0438\u044f":"1 \u043c\u0438\u043d\u0443\u0442\u0430"},"schema":{"@context":"https:\/\/schema.org","@graph":[{"@type":["WebPage","ItemPage"],"@id":"http:\/\/luxeesti.ee\/ru\/product\/ecolux-115-aurupuhasti\/","url":"http:\/\/luxeesti.ee\/ru\/product\/ecolux-115-aurupuhasti\/","name":"Ecolux 115 aurupuhasti : Lux Eesti O&Uuml;","isPartOf":{"@id":"https:\/\/luxeesti.ee\/#website"},"primaryImageOfPage":{"@id":"http:\/\/luxeesti.ee\/ru\/product\/ecolux-115-aurupuhasti\/#primaryimage"},"image":{"@id":"http:\/\/luxeesti.ee\/ru\/product\/ecolux-115-aurupuhasti\/#primaryimage"},"thumbnailUrl":"https:\/\/luxeesti.ee\/wp-content\/uploads\/2020\/10\/95_pic2_o.jpeg","datePublished":"2020-10-29T07:54:20+00:00","dateModified":"2020-11-03T13:20:01+00:00","breadcrumb":{"@id":"http:\/\/luxeesti.ee\/ru\/product\/ecolux-115-aurupuhasti\/#breadcrumb"},"inLanguage":"ru-RU","potentialAction":[{"@type":"ReadAction","target":["http:\/\/luxeesti.ee\/ru\/product\/ecolux-115-aurupuhasti\/"]}]},{"@type":"ImageObject","inLanguage":"ru-RU","@id":"http:\/\/luxeesti.ee\/ru\/product\/ecolux-115-aurupuhasti\/#primaryimage","url":"https:\/\/luxeesti.ee\/wp-content\/uploads\/2020\/10\/95_pic2_o.jpeg","contentUrl":"https:\/\/luxeesti.ee\/wp-content\/uploads\/2020\/10\/95_pic2_o.jpeg","width":1920,"height":1080},{"@type":"BreadcrumbList","@id":"http:\/\/luxeesti.ee\/ru\/product\/ecolux-115-aurupuhasti\/#breadcrumb","itemListElement":[{"@type":"ListItem","position":1,"name":"Home","item":"https:\/\/luxeesti.ee\/"},{"@type":"ListItem","position":2,"name":"Pood","item":"https:\/\/luxeesti.ee\/pood\/"},{"@type":"ListItem","position":3,"name":"Ecolux 115 aurupuhasti"}]},{"@type":"WebSite","@id":"https:\/\/luxeesti.ee\/#website","url":"https:\/\/luxeesti.ee\/","name":"Lux Eesti O&Uuml;","description":"Sinu tervisliku kodu partner","publisher":{"@id":"https:\/\/luxeesti.ee\/#organization"},"potentialAction":[{"@type":"SearchAction","target":{"@type":"EntryPoint","urlTemplate":"https:\/\/luxeesti.ee\/?s={search_term_string}"},"query-input":{"@type":"PropertyValueSpecification","valueRequired":true,"valueName":"search_term_string"}}],"inLanguage":"ru-RU"},{"@type":"Organization","@id":"https:\/\/luxeesti.ee\/#organization","name":"Lux Eesti","url":"https:\/\/luxeesti.ee\/","logo":{"@type":"ImageObject","inLanguage":"ru-RU","@id":"https:\/\/luxeesti.ee\/#\/schema\/logo\/image\/","url":"https:\/\/luxeesti.ee\/wp-content\/uploads\/2020\/10\/lux-logo_text.png","contentUrl":"https:\/\/luxeesti.ee\/wp-content\/uploads\/2020\/10\/lux-logo_text.png","width":900,"height":580,"caption":"Lux Eesti"},"image":{"@id":"https:\/\/luxeesti.ee\/#\/schema\/logo\/image\/"},"sameAs":["https:\/\/www.facebook.com\/luxeesti\/"]}]}},"_links":{"self":[{"href":"https:\/\/luxeesti.ee\/ru\/wp-json\/wp\/v2\/product\/530","targetHints":{"allow":["GET"]}}],"collection":[{"href":"https:\/\/luxeesti.ee\/ru\/wp-json\/wp\/v2\/product"}],"about":[{"href":"https:\/\/luxeesti.ee\/ru\/wp-json\/wp\/v2\/types\/product"}],"wp:featuredmedia":[{"embeddable":true,"href":"https:\/\/luxeesti.ee\/ru\/wp-json\/wp\/v2\/media\/535"}],"wp:attachment":[{"href":"https:\/\/luxeesti.ee\/ru\/wp-json\/wp\/v2\/media?parent=530"}],"wp:term":[{"taxonomy":"product_brand","embeddable":true,"href":"https:\/\/luxeesti.ee\/ru\/wp-json\/wp\/v2\/product_brand?post=530"},{"taxonomy":"product_cat","embeddable":true,"href":"https:\/\/luxeesti.ee\/ru\/wp-json\/wp\/v2\/product_cat?post=530"},{"taxonomy":"product_tag","embeddable":true,"href":"https:\/\/luxeesti.ee\/ru\/wp-json\/wp\/v2\/product_tag?post=530"}],"curies":[{"name":"wp","href":"https:\/\/api.w.org\/{rel}","templated":true}]}}