{"id":514,"date":"2020-10-28T21:34:05","date_gmt":"2020-10-28T19:34:05","guid":{"rendered":"https:\/\/luxeesti.ee\/?post_type=product&#038;p=514"},"modified":"2020-11-03T15:20:33","modified_gmt":"2020-11-03T13:20:33","slug":"aeroguard-mini-ohupuhasti","status":"publish","type":"product","link":"https:\/\/luxeesti.ee\/ru\/product\/aeroguard-mini-ohupuhasti\/","title":{"rendered":"\u0412\u043e\u0437\u0434\u0443\u0445\u043e\u043e\u0447\u0438\u0441\u0442\u0438\u0442\u0435\u043b\u044c \"Aeroguard Mini\""},"content":{"rendered":"<h2><strong>LUX AEROGUARD MINI - \u043a\u043e\u043c\u043f\u0430\u043a\u0442\u043d\u044b\u0439, \u043d\u043e \u043c\u043e\u0449\u043d\u044b\u0439 \u043e\u0447\u0438\u0441\u0442\u0438\u0442\u0435\u043b\u044c \u0432\u043e\u0437\u0434\u0443\u0445\u0430. \u041c\u044b \u043f\u0440\u0435\u0434\u043b\u0430\u0433\u0430\u0435\u043c \u0432\u0430\u043c \u043f\u0440\u0435\u043a\u0440\u0430\u0441\u043d\u043e\u0435 \u0440\u0435\u0448\u0435\u043d\u0438\u0435 \u0434\u043b\u044f \u0441\u0432\u0435\u0436\u0435\u0433\u043e \u0432\u043e\u0437\u0434\u0443\u0445\u0430 \u0434\u043e\u043c\u0430 \u0438 \u043d\u0430 \u0440\u0430\u0431\u043e\u0442\u0435. \u042d\u0442\u043e\u0442 \u0430\u043f\u043f\u0430\u0440\u0430\u0442 \u043b\u0435\u0433\u043a\u0438\u0439, \u0443\u0434\u043e\u0431\u043d\u044b\u0439 \u0432 \u0438\u0441\u043f\u043e\u043b\u044c\u0437\u043e\u0432\u0430\u043d\u0438\u0438 \u0438 \u044d\u043a\u043e\u043d\u043e\u043c\u043d\u044b\u0439.<\/strong><\/h2>\n<p><em>\u041c\u044b \u0434\u044b\u0448\u0438\u043c \u0430\u0432\u0442\u043e\u043c\u0430\u0442\u0438\u0447\u0435\u0441\u043a\u0438. \u041e\u0434\u043d\u0430\u043a\u043e \u0432\u043e\u0437\u0434\u0443\u0445, \u043a\u043e\u0442\u043e\u0440\u044b\u0439 \u0434\u0430\u0435\u0442 \u043d\u0430\u043c \u0436\u0438\u0437\u043d\u044c, \u0442\u0430\u043a\u0436\u0435 \u043d\u0435\u0441\u0435\u0442 \u0432 \u0441\u0435\u0431\u0435 \u0437\u0430\u0433\u0440\u044f\u0437\u043d\u044f\u044e\u0449\u0438\u0435 \u0432\u0435\u0449\u0435\u0441\u0442\u0432\u0430 \u0438 \u0430\u043b\u043b\u0435\u0440\u0433\u0435\u043d\u044b, \u0442\u0430\u043a\u0438\u0435 \u043a\u0430\u043a \u043f\u044b\u043b\u044c\u0446\u0430, \u043f\u044b\u043b\u044c \u0438 \u0441\u043f\u043e\u0440\u044b, \u043a\u043e\u0442\u043e\u0440\u044b\u0435 \u043c\u043e\u0433\u0443\u0442 \u043d\u0430\u043d\u0435\u0441\u0442\u0438 \u0443\u0449\u0435\u0440\u0431 \u043d\u0430\u0448\u0435\u043c\u0443 \u0437\u0434\u043e\u0440\u043e\u0432\u044c\u044e.<\/em><\/p>\n<div class=\"lead\">\n<p class=\"translation-block\">\u041c\u043e\u044e\u0449\u0438\u0439\u0441\u044f \u041f\u0420\u0415\u0414\u0412\u0410\u0420\u0418\u0422\u0415\u041b\u042c\u041d\u042b\u0419 \u0424\u0418\u041b\u042c\u0422\u0420 \u0443\u0434\u0430\u043b\u044f\u0435\u0442 \u0431\u043e\u043b\u044c\u0448\u0438\u0435 \u0447\u0430\u0441\u0442\u0438\u0446\u044b, \u0442\u0430\u043a\u0438\u0435 \u043a\u0430\u043a \u0432\u043e\u043b\u043e\u0441\u044b, \u0432\u043e\u043b\u043e\u043a\u043d\u0430, \u043a\u0440\u0443\u043f\u043d\u0443\u044e \u043f\u044b\u043b\u044c.<\/p>\n<p class=\"translation-block\">HEPA \u0424\u0418\u041b\u042c\u0422\u0420 - \u044d\u0442\u043e \u0432\u044b\u0441\u043e\u043a\u043e\u044d\u0444\u0444\u0435\u043a\u0442\u0438\u0432\u043d\u044b\u0439 \u0444\u0438\u043b\u044c\u0442\u0440, \u0441\u043f\u043e\u0441\u043e\u0431\u043d\u044b\u0439 \u0443\u0434\u0430\u043b\u044f\u0442\u044c \u0438\u0437 \u0432\u043e\u0437\u0434\u0443\u0445\u0430 \u0434\u043e 99,95% \u043c\u0438\u043a\u0440\u043e\u0447\u0430\u0441\u0442\u0438\u0446 \u0440\u0430\u0437\u043c\u0435\u0440\u043e\u043c \u0432 0,3 \u043c\u0438\u043a\u0440\u043e\u043d, \u0442\u0430\u043a\u0438\u0445 \u043a\u0430\u043a \u043c\u0435\u043b\u043a\u0430\u044f \u043f\u044b\u043b\u044c, \u043f\u044b\u043b\u044c\u0446\u0430 \u0438 \u0441\u043f\u043e\u0440\u044b \u043f\u043b\u0435\u0441\u0435\u043d\u0438.<\/p>\n<p class=\"translation-block\">\u0423\u0413\u041e\u041b\u042c\u041d\u042b\u0419 \u0424\u0418\u041b\u042c\u0422\u0420 \u0443\u0434\u0430\u043b\u044f\u0435\u0442 \u043e\u0440\u0433\u0430\u043d\u0438\u0447\u0435\u0441\u043a\u0438\u0435 \u0438 \u0445\u0438\u043c\u0438\u0447\u0435\u0441\u043a\u0438\u0435 \u0431\u044b\u0442\u043e\u0432\u044b\u0435 \u0437\u0430\u043f\u0430\u0445\u0438, \u0442\u0430\u043a\u0438\u0435 \u043a\u0430\u043a \u0442\u0430\u0431\u0430\u0447\u043d\u044b\u0439 \u0434\u044b\u043c \u0438 \u0437\u0430\u043f\u0430\u0445\u0438 \u043f\u0438\u0449\u0438, \u0430 \u0442\u0430\u043a\u0436\u0435 \u0433\u0430\u0437\u044b, \u0437\u0430\u043f\u0430\u0445\u0438 \u0431\u044b\u0442\u043e\u0432\u044b\u0445 \u0447\u0438\u0441\u0442\u044f\u0449\u0438\u0445 \u0441\u0440\u0435\u0434\u0441\u0442\u0432, \u043a\u0440\u0430\u0441\u043a\u0438, \u0440\u0430\u0441\u0442\u0432\u043e\u0440\u043e\u0432, \u043a\u043e\u0432\u0440\u043e\u0432, \u043c\u0435\u0431\u0435\u043b\u0438 \u0438 \u0434\u0440\u0443\u0433\u0438\u0445 \u043f\u043e\u0432\u0435\u0440\u0445\u043d\u043e\u0441\u0442\u0435\u0439, \u0441\u043e\u0434\u0435\u0440\u0436\u0430\u0449\u0438\u0445 \u0445\u0438\u043c\u0438\u0447\u0435\u0441\u043a\u0438\u0435 \u043a\u043e\u043c\u043f\u043e\u043d\u0435\u043d\u0442\u044b.<\/p>\n<\/div>\n<div class=\"full active\">\n<p class=\"translation-block\">\u0423\u043b\u044c\u0442\u0440\u0430\u0444\u0438\u043e\u043b\u0435\u0442\u043e\u0432\u044b\u0439 \u0441\u0432\u0435\u0442 LED \u0441 \u0430\u043a\u0442\u0438\u0432\u0438\u0440\u043e\u0432\u0430\u043d\u043d\u044b\u043c \u0441\u043b\u043e\u0435\u043c \u043e\u043a\u0441\u0438\u0434\u0430 \u0442\u0438\u0442\u0430\u043d\u0430 \u0441\u043d\u0438\u0436\u0430\u0435\u0442 \u043a\u043e\u043b\u0438\u0447\u0435\u0441\u0442\u0432\u043e \u0431\u0430\u043a\u0442\u0435\u0440\u0438\u0439 \u0438 \u0432\u0438\u0440\u0443\u0441\u043e\u0432.<\/p>\n<p class=\"translation-block\">\u0418\u041e\u041d\u0418\u0417\u0410\u0422\u041e\u0420 \u0437\u0430\u0440\u044f\u0436\u0430\u0435\u0442 \u0447\u0430\u0441\u0442\u0438\u0446\u044b \u043d\u0435\u0433\u0430\u0442\u0438\u0432\u043d\u044b\u043c\u0438 \u0438\u043e\u043d\u0430\u043c\u0438, \u0442\u0435\u043c \u0441\u0430\u043c\u044b\u043c \u0443\u043f\u0440\u043e\u0449\u0430\u044f \u0438\u0445 \u0443\u0434\u0430\u043b\u0435\u043d\u0438\u0435 \u0438\u0437 \u0432\u043e\u0437\u0434\u0443\u0445\u0430 \u0438 \u043f\u043e\u0432\u0435\u0440\u0445\u043d\u043e\u0441\u0442\u0435\u0439.<\/p>\n<p><strong>\u0418\u0421\u041f\u042b\u0422\u0410\u041d\u042b \u0418 \u0420\u0415\u041a\u041e\u041c\u0415\u041d\u0414\u0423\u0415\u0422\u0421\u042f \u042d\u041a\u0421\u041f\u0415\u0420\u0422\u0410\u041c\u0418<\/strong><\/p>\n<p><a href=\"https:\/\/luxeesti.ee\/wp-content\/uploads\/2020\/10\/88_file3_aeroguard_mini_manual_web_en.pdf\" target=\"_blank\" rel=\"noopener noreferrer\">\u0418\u043d\u0441\u0442\u0440\u0443\u043a\u0446\u0438\u044f \u043f\u043e \u044d\u043a\u0441\u043f\u043b\u0443\u0430\u0442\u0430\u0446\u0438\u0438<\/a> \/ <a href=\"https:\/\/luxeesti.ee\/wp-content\/uploads\/2020\/10\/88_file1_aeroguard_mini_brochure_en.pdf\" target=\"_blank\" rel=\"noopener noreferrer\">\u0411\u0440\u043e\u0448\u044e\u0440\u0430<\/a> \/ <a href=\"https:\/\/luxeesti.ee\/wp-content\/uploads\/2020\/10\/72_file2_aeroguard_4s_ebook_2016_en.pdf\" target=\"_blank\" rel=\"noopener noreferrer\">\u042d\u043b\u0435\u043a\u0442\u0440\u043e\u043d\u043d\u0430\u044f \u043a\u043d\u0438\u0433\u0430<\/a><\/p>\n<\/div>\n<p>&nbsp;<\/p>\n<hr \/>\n<h2><strong>\u0422\u0435\u0445\u043d\u0438\u0447\u0435\u0441\u043a\u0438\u0435 \u0445\u0430\u0440\u0430\u043a\u0442\u0435\u0440\u0438\u0441\u0442\u0438\u043a\u0438<\/strong><\/h2>\n<table>\n<tbody>\n<tr>\n<td>\u0420\u0430\u0437\u043c\u0435\u0440 \u043f\u043e\u043c\u0435\u0449\u0435\u043d\u0438\u044f<\/td>\n<td>14 m<sup>2<\/sup><\/td>\n<\/tr>\n<tr>\n<td>\u041c\u0430\u043a\u0441\u0438\u043c\u0430\u043b\u044c\u043d\u044b\u0439 \u0440\u0430\u0441\u0445\u043e\u0434 \u0432\u043e\u0437\u0434\u0443\u0445\u0430<\/td>\n<td>34-175 m<sup>3<\/sup>\/h<\/td>\n<\/tr>\n<tr>\n<td>\u0418\u043d\u0434\u0438\u043a\u0430\u0442\u043e\u0440 \u0437\u0430\u043c\u0435\u043d\u044b \u0444\u0438\u043b\u044c\u0442\u0440\u0430<\/td>\n<td>\u0415\u0441\u0442\u044c<\/td>\n<\/tr>\n<tr>\n<td>\u0422\u0438\u043f \u0444\u0438\u043b\u044c\u0442\u0440\u043e\u0432<\/td>\n<td>Pestav Eel Filter<\/td>\n<\/tr>\n<tr>\n<td><\/td>\n<td>HEPA Filter<\/td>\n<\/tr>\n<tr>\n<td><\/td>\n<td>\u0423\u0433\u043e\u043b\u044c\u043d\u044b\u0439 \u0444\u0438\u043b\u044c\u0442\u0440<\/td>\n<\/tr>\n<tr>\n<td>\u0414\u0430\u0442\u0447\u0438\u043a \u0447\u0438\u0441\u0442\u043e\u0442\u044b \u0432\u043e\u0437\u0434\u0443\u0445\u0430<\/td>\n<td>\u041d\u0435\u0442<\/td>\n<\/tr>\n<tr>\n<td>\u0421\u0438\u0441\u0442\u0435\u043c\u0430 \u043e\u0447\u0438\u0441\u0442\u043a\u0438<\/td>\n<td>5 \u044d\u0442\u0430\u043f\u043e\u0432<\/td>\n<\/tr>\n<tr>\n<td>\u0422\u0435\u0445\u043d\u043e\u043b\u043e\u0433\u0438\u044f<\/td>\n<td>UV LED valgus<\/td>\n<\/tr>\n<tr>\n<td><\/td>\n<td>Ionisaator<\/td>\n<\/tr>\n<tr>\n<td>\u041f\u043e\u0442\u0440\u0435\u0431\u043b\u0435\u043d\u0438\u0435 \u044d\u043d\u0435\u0440\u0433\u0438\u0438<\/td>\n<td>7-22 W<\/td>\n<\/tr>\n<tr>\n<td>\u0421\u043a\u043e\u0440\u043e\u0441\u0442\u044c \u0440\u0430\u0431\u043e\u0442\u044b<\/td>\n<td>3<\/td>\n<\/tr>\n<tr>\n<td>\u0420\u0435\u0436\u0438\u043c\u044b \u0440\u0430\u0431\u043e\u0442\u044b<\/td>\n<td>\u0420\u0443\u0447\u043d\u043e\u0439<\/td>\n<\/tr>\n<tr>\n<td>\u0412\u044b\u043f\u0443\u0441\u043a \u0432\u043e\u0437\u0434\u0443\u0445\u0430<\/td>\n<td>\u0421\u0432\u0435\u0440\u0445\u0443<\/td>\n<\/tr>\n<tr>\n<td>\u0412\u0445\u043e\u0434 \u0432\u043e\u0437\u0434\u0443\u0445\u0430<\/td>\n<td>\u0421\u043d\u0438\u0437\u0443<\/td>\n<\/tr>\n<tr>\n<td>\u0414\u043e\u043f\u043e\u043b\u043d\u0435\u043d\u0438\u044f<\/td>\n<td>&#8211;<\/td>\n<\/tr>\n<tr>\n<td>\u041f\u0443\u043b\u044c\u0442 \u0434\u0438\u0441\u0442\u0430\u043d\u0446\u0438\u043e\u043d\u043d\u043e\u0433\u043e \u0443\u043f\u0440\u0430\u0432\u043b\u0435\u043d\u0438\u044f<\/td>\n<td>\u041d\u0435\u0442<\/td>\n<\/tr>\n<tr>\n<td>\u0421\u0435\u0440\u0442\u0438\u0444\u0438\u043a\u0430\u0446\u0438\u044f<\/td>\n<td><\/td>\n<\/tr>\n<tr>\n<td>\u0426\u0432\u0435\u0442<\/td>\n<td>\u0417\u0430\u043c\u0435\u043d\u044f\u0435\u043c\u0430\u044f \u043f\u043e\u0432\u0435\u0440\u0445\u043d\u043e\u0441\u0442\u044c: \u0441\u0435\u0440\u0430\u044f, \u0447\u0435\u0440\u043d\u0430\u044f, \u043a\u0440\u0430\u0441\u043d\u0430\u044f<\/td>\n<\/tr>\n<tr>\n<td>\u0420\u0430\u0437\u043c\u0435\u0440\u044b<\/td>\n<td>476 x 254 mm<\/td>\n<\/tr>\n<tr>\n<td>\u0412\u0435\u0441<\/td>\n<td>4,2 kg<\/td>\n<\/tr>\n<tr>\n<td>\u041a\u043e\u043b\u0438\u0447\u0435\u0441\u0442\u0432\u043e<\/td>\n<td>1<\/td>\n<\/tr>\n<\/tbody>\n<\/table>\n<p>&nbsp;<\/p>","protected":false},"excerpt":{"rendered":"<p>LUX\u00a0AEROGUARD\u00a0MINI\u00a0pakub oma kompaktsuses suure j\u00f5udlusega, kerget, kasutajas\u00f5bralikku ning energias\u00e4\u00e4stlikku \u00f5hupuhastit tervislikuma sisekliima loomiseks kodus ja t\u00f6\u00f6l. Hingamine: me teeme seda automaatselt. Kuid \u00f5hk, mis annab meile elu, kannab ka saasteaineid ja allergeene nagu \u00f5ietolm, tolm ja eosed, mis v\u00f5ivad olla ohtlikud meie tervisele. Pestav EEL FILTER eemaldab suuremad osakesed nagu karvad, kiud ja suurema tolmu. [&hellip;]<\/p>","protected":false},"featured_media":520,"template":"","meta":[],"product_brand":[],"product_cat":[32],"product_tag":[],"class_list":{"0":"post-514","1":"product","2":"type-product","3":"status-publish","4":"has-post-thumbnail","6":"product_cat-seadmed","8":"first","9":"instock","10":"taxable","11":"shipping-taxable","12":"product-type-simple"},"yoast_head":"<!-- This site is optimized with the Yoast SEO plugin v25.8 - https:\/\/yoast.com\/wordpress\/plugins\/seo\/ -->\n<title>Aeroguard mini \u00f5hupuhasti : Lux Eesti O&Uuml;<\/title>\n<meta name=\"robots\" content=\"index, follow, max-snippet:-1, max-image-preview:large, max-video-preview:-1\" \/>\n<link rel=\"canonical\" href=\"http:\/\/luxeesti.ee\/ru\/product\/aeroguard-mini-ohupuhasti\/\" \/>\n<meta property=\"og:locale\" content=\"ru_RU\" \/>\n<meta property=\"og:type\" content=\"article\" \/>\n<meta property=\"og:title\" content=\"Aeroguard mini \u00f5hupuhasti : Lux Eesti O&Uuml;\" \/>\n<meta property=\"og:description\" content=\"LUX\u00a0AEROGUARD\u00a0MINI\u00a0pakub oma kompaktsuses suure j\u00f5udlusega, kerget, kasutajas\u00f5bralikku ning energias\u00e4\u00e4stlikku \u00f5hupuhastit tervislikuma sisekliima loomiseks kodus ja t\u00f6\u00f6l. Hingamine: me teeme seda automaatselt. Kuid \u00f5hk, mis annab meile elu, kannab ka saasteaineid ja allergeene nagu \u00f5ietolm, tolm ja eosed, mis v\u00f5ivad olla ohtlikud meie tervisele. Pestav EEL FILTER eemaldab suuremad osakesed nagu karvad, kiud ja suurema tolmu. [&hellip;]\" \/>\n<meta property=\"og:url\" content=\"http:\/\/luxeesti.ee\/ru\/product\/aeroguard-mini-ohupuhasti\/\" \/>\n<meta property=\"og:site_name\" content=\"Lux Eesti O&Uuml;\" \/>\n<meta property=\"article:publisher\" content=\"https:\/\/www.facebook.com\/luxeesti\/\" \/>\n<meta property=\"article:modified_time\" content=\"2020-11-03T13:20:33+00:00\" \/>\n<meta property=\"og:image\" content=\"https:\/\/luxeesti.ee\/wp-content\/uploads\/2020\/10\/86_pic2_o.jpeg\" \/>\n\t<meta property=\"og:image:width\" content=\"1920\" \/>\n\t<meta property=\"og:image:height\" content=\"1080\" \/>\n\t<meta property=\"og:image:type\" content=\"image\/jpeg\" \/>\n<meta name=\"twitter:card\" content=\"summary_large_image\" \/>\n<meta name=\"twitter:label1\" content=\"\u041f\u0440\u0438\u043c\u0435\u0440\u043d\u043e\u0435 \u0432\u0440\u0435\u043c\u044f \u0434\u043b\u044f \u0447\u0442\u0435\u043d\u0438\u044f\" \/>\n\t<meta name=\"twitter:data1\" content=\"1 \u043c\u0438\u043d\u0443\u0442\u0430\" \/>\n<script type=\"application\/ld+json\" class=\"yoast-schema-graph\">{\"@context\":\"https:\/\/schema.org\",\"@graph\":[{\"@type\":[\"WebPage\",\"ItemPage\"],\"@id\":\"http:\/\/luxeesti.ee\/ru\/product\/aeroguard-mini-ohupuhasti\/\",\"url\":\"http:\/\/luxeesti.ee\/ru\/product\/aeroguard-mini-ohupuhasti\/\",\"name\":\"Aeroguard mini \u00f5hupuhasti : Lux Eesti O&Uuml;\",\"isPartOf\":{\"@id\":\"https:\/\/luxeesti.ee\/#website\"},\"primaryImageOfPage\":{\"@id\":\"http:\/\/luxeesti.ee\/ru\/product\/aeroguard-mini-ohupuhasti\/#primaryimage\"},\"image\":{\"@id\":\"http:\/\/luxeesti.ee\/ru\/product\/aeroguard-mini-ohupuhasti\/#primaryimage\"},\"thumbnailUrl\":\"https:\/\/luxeesti.ee\/wp-content\/uploads\/2020\/10\/86_pic2_o.jpeg\",\"datePublished\":\"2020-10-28T19:34:05+00:00\",\"dateModified\":\"2020-11-03T13:20:33+00:00\",\"breadcrumb\":{\"@id\":\"http:\/\/luxeesti.ee\/ru\/product\/aeroguard-mini-ohupuhasti\/#breadcrumb\"},\"inLanguage\":\"ru-RU\",\"potentialAction\":[{\"@type\":\"ReadAction\",\"target\":[\"http:\/\/luxeesti.ee\/ru\/product\/aeroguard-mini-ohupuhasti\/\"]}]},{\"@type\":\"ImageObject\",\"inLanguage\":\"ru-RU\",\"@id\":\"http:\/\/luxeesti.ee\/ru\/product\/aeroguard-mini-ohupuhasti\/#primaryimage\",\"url\":\"https:\/\/luxeesti.ee\/wp-content\/uploads\/2020\/10\/86_pic2_o.jpeg\",\"contentUrl\":\"https:\/\/luxeesti.ee\/wp-content\/uploads\/2020\/10\/86_pic2_o.jpeg\",\"width\":1920,\"height\":1080},{\"@type\":\"BreadcrumbList\",\"@id\":\"http:\/\/luxeesti.ee\/ru\/product\/aeroguard-mini-ohupuhasti\/#breadcrumb\",\"itemListElement\":[{\"@type\":\"ListItem\",\"position\":1,\"name\":\"Home\",\"item\":\"https:\/\/luxeesti.ee\/\"},{\"@type\":\"ListItem\",\"position\":2,\"name\":\"Pood\",\"item\":\"https:\/\/luxeesti.ee\/pood\/\"},{\"@type\":\"ListItem\",\"position\":3,\"name\":\"Aeroguard mini \u00f5hupuhasti\"}]},{\"@type\":\"WebSite\",\"@id\":\"https:\/\/luxeesti.ee\/#website\",\"url\":\"https:\/\/luxeesti.ee\/\",\"name\":\"Lux Eesti O&Uuml;\",\"description\":\"Sinu tervisliku kodu partner\",\"publisher\":{\"@id\":\"https:\/\/luxeesti.ee\/#organization\"},\"potentialAction\":[{\"@type\":\"SearchAction\",\"target\":{\"@type\":\"EntryPoint\",\"urlTemplate\":\"https:\/\/luxeesti.ee\/?s={search_term_string}\"},\"query-input\":{\"@type\":\"PropertyValueSpecification\",\"valueRequired\":true,\"valueName\":\"search_term_string\"}}],\"inLanguage\":\"ru-RU\"},{\"@type\":\"Organization\",\"@id\":\"https:\/\/luxeesti.ee\/#organization\",\"name\":\"Lux Eesti\",\"url\":\"https:\/\/luxeesti.ee\/\",\"logo\":{\"@type\":\"ImageObject\",\"inLanguage\":\"ru-RU\",\"@id\":\"https:\/\/luxeesti.ee\/#\/schema\/logo\/image\/\",\"url\":\"https:\/\/luxeesti.ee\/wp-content\/uploads\/2020\/10\/lux-logo_text.png\",\"contentUrl\":\"https:\/\/luxeesti.ee\/wp-content\/uploads\/2020\/10\/lux-logo_text.png\",\"width\":900,\"height\":580,\"caption\":\"Lux Eesti\"},\"image\":{\"@id\":\"https:\/\/luxeesti.ee\/#\/schema\/logo\/image\/\"},\"sameAs\":[\"https:\/\/www.facebook.com\/luxeesti\/\"]}]}<\/script>\n<!-- \/ Yoast SEO plugin. -->","yoast_head_json":{"title":"Aeroguard mini \u00f5hupuhasti : Lux Eesti O&Uuml;","robots":{"index":"index","follow":"follow","max-snippet":"max-snippet:-1","max-image-preview":"max-image-preview:large","max-video-preview":"max-video-preview:-1"},"canonical":"http:\/\/luxeesti.ee\/ru\/product\/aeroguard-mini-ohupuhasti\/","og_locale":"ru_RU","og_type":"article","og_title":"Aeroguard mini \u00f5hupuhasti : Lux Eesti O&Uuml;","og_description":"LUX\u00a0AEROGUARD\u00a0MINI\u00a0pakub oma kompaktsuses suure j\u00f5udlusega, kerget, kasutajas\u00f5bralikku ning energias\u00e4\u00e4stlikku \u00f5hupuhastit tervislikuma sisekliima loomiseks kodus ja t\u00f6\u00f6l. Hingamine: me teeme seda automaatselt. Kuid \u00f5hk, mis annab meile elu, kannab ka saasteaineid ja allergeene nagu \u00f5ietolm, tolm ja eosed, mis v\u00f5ivad olla ohtlikud meie tervisele. Pestav EEL FILTER eemaldab suuremad osakesed nagu karvad, kiud ja suurema tolmu. [&hellip;]","og_url":"http:\/\/luxeesti.ee\/ru\/product\/aeroguard-mini-ohupuhasti\/","og_site_name":"Lux Eesti O&Uuml;","article_publisher":"https:\/\/www.facebook.com\/luxeesti\/","article_modified_time":"2020-11-03T13:20:33+00:00","og_image":[{"width":1920,"height":1080,"url":"https:\/\/luxeesti.ee\/wp-content\/uploads\/2020\/10\/86_pic2_o.jpeg","type":"image\/jpeg"}],"twitter_card":"summary_large_image","twitter_misc":{"\u041f\u0440\u0438\u043c\u0435\u0440\u043d\u043e\u0435 \u0432\u0440\u0435\u043c\u044f \u0434\u043b\u044f \u0447\u0442\u0435\u043d\u0438\u044f":"1 \u043c\u0438\u043d\u0443\u0442\u0430"},"schema":{"@context":"https:\/\/schema.org","@graph":[{"@type":["WebPage","ItemPage"],"@id":"http:\/\/luxeesti.ee\/ru\/product\/aeroguard-mini-ohupuhasti\/","url":"http:\/\/luxeesti.ee\/ru\/product\/aeroguard-mini-ohupuhasti\/","name":"Aeroguard mini \u00f5hupuhasti : Lux Eesti O&Uuml;","isPartOf":{"@id":"https:\/\/luxeesti.ee\/#website"},"primaryImageOfPage":{"@id":"http:\/\/luxeesti.ee\/ru\/product\/aeroguard-mini-ohupuhasti\/#primaryimage"},"image":{"@id":"http:\/\/luxeesti.ee\/ru\/product\/aeroguard-mini-ohupuhasti\/#primaryimage"},"thumbnailUrl":"https:\/\/luxeesti.ee\/wp-content\/uploads\/2020\/10\/86_pic2_o.jpeg","datePublished":"2020-10-28T19:34:05+00:00","dateModified":"2020-11-03T13:20:33+00:00","breadcrumb":{"@id":"http:\/\/luxeesti.ee\/ru\/product\/aeroguard-mini-ohupuhasti\/#breadcrumb"},"inLanguage":"ru-RU","potentialAction":[{"@type":"ReadAction","target":["http:\/\/luxeesti.ee\/ru\/product\/aeroguard-mini-ohupuhasti\/"]}]},{"@type":"ImageObject","inLanguage":"ru-RU","@id":"http:\/\/luxeesti.ee\/ru\/product\/aeroguard-mini-ohupuhasti\/#primaryimage","url":"https:\/\/luxeesti.ee\/wp-content\/uploads\/2020\/10\/86_pic2_o.jpeg","contentUrl":"https:\/\/luxeesti.ee\/wp-content\/uploads\/2020\/10\/86_pic2_o.jpeg","width":1920,"height":1080},{"@type":"BreadcrumbList","@id":"http:\/\/luxeesti.ee\/ru\/product\/aeroguard-mini-ohupuhasti\/#breadcrumb","itemListElement":[{"@type":"ListItem","position":1,"name":"Home","item":"https:\/\/luxeesti.ee\/"},{"@type":"ListItem","position":2,"name":"Pood","item":"https:\/\/luxeesti.ee\/pood\/"},{"@type":"ListItem","position":3,"name":"Aeroguard mini \u00f5hupuhasti"}]},{"@type":"WebSite","@id":"https:\/\/luxeesti.ee\/#website","url":"https:\/\/luxeesti.ee\/","name":"Lux Eesti O&Uuml;","description":"Sinu tervisliku kodu partner","publisher":{"@id":"https:\/\/luxeesti.ee\/#organization"},"potentialAction":[{"@type":"SearchAction","target":{"@type":"EntryPoint","urlTemplate":"https:\/\/luxeesti.ee\/?s={search_term_string}"},"query-input":{"@type":"PropertyValueSpecification","valueRequired":true,"valueName":"search_term_string"}}],"inLanguage":"ru-RU"},{"@type":"Organization","@id":"https:\/\/luxeesti.ee\/#organization","name":"Lux Eesti","url":"https:\/\/luxeesti.ee\/","logo":{"@type":"ImageObject","inLanguage":"ru-RU","@id":"https:\/\/luxeesti.ee\/#\/schema\/logo\/image\/","url":"https:\/\/luxeesti.ee\/wp-content\/uploads\/2020\/10\/lux-logo_text.png","contentUrl":"https:\/\/luxeesti.ee\/wp-content\/uploads\/2020\/10\/lux-logo_text.png","width":900,"height":580,"caption":"Lux Eesti"},"image":{"@id":"https:\/\/luxeesti.ee\/#\/schema\/logo\/image\/"},"sameAs":["https:\/\/www.facebook.com\/luxeesti\/"]}]}},"_links":{"self":[{"href":"https:\/\/luxeesti.ee\/ru\/wp-json\/wp\/v2\/product\/514","targetHints":{"allow":["GET"]}}],"collection":[{"href":"https:\/\/luxeesti.ee\/ru\/wp-json\/wp\/v2\/product"}],"about":[{"href":"https:\/\/luxeesti.ee\/ru\/wp-json\/wp\/v2\/types\/product"}],"wp:featuredmedia":[{"embeddable":true,"href":"https:\/\/luxeesti.ee\/ru\/wp-json\/wp\/v2\/media\/520"}],"wp:attachment":[{"href":"https:\/\/luxeesti.ee\/ru\/wp-json\/wp\/v2\/media?parent=514"}],"wp:term":[{"taxonomy":"product_brand","embeddable":true,"href":"https:\/\/luxeesti.ee\/ru\/wp-json\/wp\/v2\/product_brand?post=514"},{"taxonomy":"product_cat","embeddable":true,"href":"https:\/\/luxeesti.ee\/ru\/wp-json\/wp\/v2\/product_cat?post=514"},{"taxonomy":"product_tag","embeddable":true,"href":"https:\/\/luxeesti.ee\/ru\/wp-json\/wp\/v2\/product_tag?post=514"}],"curies":[{"name":"wp","href":"https:\/\/api.w.org\/{rel}","templated":true}]}}