{"id":309,"date":"2020-10-14T21:15:23","date_gmt":"2020-10-14T19:15:23","guid":{"rendered":"http:\/\/luxeesti.ee\/?post_type=product&#038;p=309"},"modified":"2024-01-02T10:16:43","modified_gmt":"2024-01-02T08:16:43","slug":"tolmukott-mediclean-lux510","status":"publish","type":"product","link":"https:\/\/luxeesti.ee\/ru\/product\/tolmukott-mediclean-lux510\/","title":{"rendered":"Tolmukott Mediclean, Lux510"},"content":{"rendered":"<p>5-\u0441\u0442\u0443\u043f\u0435\u043d\u0447\u0430\u0442\u0430\u044f \u0441\u0438\u0441\u0442\u0435\u043c\u0430 \u0444\u0438\u043b\u044c\u0442\u0440\u0430\u0446\u0438\u0438 \"Swiss Mediclean\u2122\" \u0441 \u044d\u043a\u0441\u043a\u043b\u044e\u0437\u0438\u0432\u043d\u044b\u043c \u0444\u0438\u043b\u044c\u0442\u0440\u043e\u043c \"Swiss HEPA\u2122\", \u043c\u043d\u043e\u0433\u043e\u0441\u043b\u043e\u0439\u043d\u044b\u043c \u043f\u044b\u043b\u0435\u0432\u044b\u043c \u043c\u0435\u0448\u043a\u043e\u043c, \u0444\u0438\u043b\u044c\u0442\u0440\u043e\u043c \u0441 \u0430\u043a\u0442\u0438\u0432\u0438\u0440\u043e\u0432\u0430\u043d\u043d\u044b\u043c \u0443\u0433\u043b\u0435\u043c \u0438 \u0444\u0438\u043b\u044c\u0442\u0440\u043e\u043c HEPA \u0441 \u0430\u043d\u0442\u0438\u0431\u0430\u043a\u0442\u0435\u0440\u0438\u0430\u043b\u044c\u043d\u043e\u0439 \u043e\u0431\u0440\u0430\u0431\u043e\u0442\u043a\u043e\u0439, \u0440\u0430\u0437\u043c\u0435\u0449\u0435\u043d\u043d\u044b\u043c \u043f\u043e\u0441\u043b\u0435 \u0434\u0432\u0438\u0433\u0430\u0442\u0435\u043b\u044f, \u0433\u0430\u0440\u0430\u043d\u0442\u0438\u0440\u0443\u0435\u0442, \u0447\u0442\u043e \u043f\u044b\u043b\u044c \u043e\u0441\u0442\u0430\u043d\u0435\u0442\u0441\u044f \u0432\u043d\u0443\u0442\u0440\u0438. \u041f\u044b\u043b\u0435\u0441\u043e\u0441\u044b \"Lux\" \u043d\u0435 \u0442\u043e\u043b\u044c\u043a\u043e \u043e\u0447\u0438\u0449\u0430\u044e\u0442 \u0432\u0430\u0448\u0438 \u043f\u043e\u0432\u0435\u0440\u0445\u043d\u043e\u0441\u0442\u0438, \u043d\u043e \u0438 \u043e\u043a\u0440\u0443\u0436\u0430\u044e\u0449\u0438\u0439 \u0432\u043e\u0437\u0434\u0443\u0445, \u0433\u0430\u0440\u0430\u043d\u0442\u0438\u0440\u0443\u044e\u0442 \u043d\u0443\u043b\u0435\u0432\u044b\u0435 \u0432\u044b\u0431\u0440\u043e\u0441\u044b \u0434\u043b\u044f \u0447\u0438\u0441\u0442\u043e\u0439 \u0438 \u0437\u0434\u043e\u0440\u043e\u0432\u043e\u0439 \u0436\u0438\u0437\u043d\u0438.<\/p>\n<p>\u0420\u0435\u043a\u043e\u043c\u0435\u043d\u0434\u0443\u0435\u043c\u044b\u0439 \u0438\u043d\u0442\u0435\u0440\u0432\u0430\u043b \u0437\u0430\u043c\u0435\u043d\u044b:\n\u043a\u043e\u0433\u0434\u0430 \u043d\u0430 \u044d\u043a\u0440\u0430\u043d\u0435 \u043f\u044b\u043b\u0435\u0441\u043e\u0441\u0430 \u0437\u0430\u0433\u043e\u0440\u0438\u0442\u0441\u044f \u0437\u043d\u0430\u0447\u043e\u043a \u0441 \u043f\u044b\u043b\u0435\u0432\u044b\u043c \u043c\u0435\u0448\u043a\u043e\u043c\n\u0435\u0441\u043b\u0438 \u0432 \u043f\u044b\u043b\u0435\u0441\u043e\u0441 \u043f\u043e\u043f\u0430\u043b\u0430 \u0432\u043b\u0430\u0433\u0430 \u0438\u043b\u0438 \u043e\u0440\u0433\u0430\u043d\u0438\u0447\u0435\u0441\u043a\u0438\u0435 \u0447\u0430\u0441\u0442\u0438\u0446\u044b (\u0448\u0435\u0440\u0441\u0442\u044c \u0441\u043e\u0431\u0430\u043a, \u043f\u0440\u0438\u0448\u0435\u0434\u0448\u0438\u0445 \u0441 \u0443\u043b\u0438\u0446\u044b, \u043e\u0441\u0442\u0430\u0442\u043a\u0438 \u043f\u0438\u0449\u0438 \u0438 \u0442.\u043f.)<br \/>\n\u0435\u0441\u043b\u0438 \u0432 \u043f\u044b\u043b\u0435\u0441\u043e\u0441 \u043f\u043e\u043f\u0430\u043b\u0430 \u0432\u043b\u0430\u0433\u0430 \u0438\u043b\u0438 \u043e\u0440\u0433\u0430\u043d\u0438\u0447\u0435\u0441\u043a\u0438\u0435 \u0447\u0430\u0441\u0442\u0438\u0446\u044b (\u0448\u0435\u0440\u0441\u0442\u044c \u0441\u043e\u0431\u0430\u043a, \u043f\u0440\u0438\u0448\u0435\u0434\u0448\u0438\u0445 \u0441 \u0443\u043b\u0438\u0446\u044b, \u043e\u0441\u0442\u0430\u0442\u043a\u0438 \u043f\u0438\u0449\u0438 \u0438 \u0442.\u043f.)<\/p>\n<p>\u0421\u043e\u0432\u043c\u0435\u0441\u0442\u0438\u043c\u0430 \u0441 \u043f\u044b\u043b\u0435\u0441\u043e\u0441\u0430\u043c\u0438 \"Lux Intelligence\" \u0438 \"Lux S115\".<\/p>\n<p>\u041a\u043e\u043b\u0438\u0447\u0435\u0441\u0442\u0432\u043e: 4 \u0448\u0442.<\/p>","protected":false},"excerpt":{"rendered":"<p>5-etapiline \u0160veitsi Mediclean\u2122 filtreerimiss\u00fcsteem, mis on ainus \u0160veitsi HEPA\u2122 filter, mitmekihiline tolmukott, aktiivs\u00f6e filter ja HEPA-filter antibakteriaalse t\u00f6\u00f6tlusega tagavad, et tolm j\u00e4\u00e4b sinna, kuhu see kuulub. Lux puhastusseadmed mitte ainult ei puhasta pindu, vaid puhastavad ka teid \u00fcmbritsevat \u00f5hku, tagavdes puhta ja tervisliku kodu. Eriti t\u00f5hus kolmekihiline tolmukott kahekordse membraaniga tagab, et tolme ei satu [&hellip;]<\/p>","protected":false},"featured_media":569,"template":"","meta":[],"product_brand":[],"product_cat":[15,30,23],"product_tag":[],"class_list":{"0":"post-309","1":"product","2":"type-product","3":"status-publish","4":"has-post-thumbnail","6":"product_cat-tolmuimejad","7":"product_cat-lux-s115-tarvikud","8":"product_cat-lux-intelligence-tarvikud","10":"first","11":"instock","12":"taxable","13":"shipping-taxable","14":"purchasable","15":"product-type-simple"},"yoast_head":"<!-- This site is optimized with the Yoast SEO plugin v25.8 - https:\/\/yoast.com\/wordpress\/plugins\/seo\/ -->\n<title>Tolmukott Mediclean, Lux510 : Lux Eesti O&Uuml;<\/title>\n<meta name=\"robots\" content=\"index, follow, max-snippet:-1, max-image-preview:large, max-video-preview:-1\" \/>\n<link rel=\"canonical\" href=\"https:\/\/luxeesti.ee\/ru\/product\/tolmukott-mediclean-lux510\/\" \/>\n<meta property=\"og:locale\" content=\"ru_RU\" \/>\n<meta property=\"og:type\" content=\"article\" \/>\n<meta property=\"og:title\" content=\"Tolmukott Mediclean, Lux510 : Lux Eesti O&Uuml;\" \/>\n<meta property=\"og:description\" content=\"5-etapiline \u0160veitsi Mediclean\u2122 filtreerimiss\u00fcsteem, mis on ainus \u0160veitsi HEPA\u2122 filter, mitmekihiline tolmukott, aktiivs\u00f6e filter ja HEPA-filter antibakteriaalse t\u00f6\u00f6tlusega tagavad, et tolm j\u00e4\u00e4b sinna, kuhu see kuulub. Lux puhastusseadmed mitte ainult ei puhasta pindu, vaid puhastavad ka teid \u00fcmbritsevat \u00f5hku, tagavdes puhta ja tervisliku kodu. Eriti t\u00f5hus kolmekihiline tolmukott kahekordse membraaniga tagab, et tolme ei satu [&hellip;]\" \/>\n<meta property=\"og:url\" content=\"https:\/\/luxeesti.ee\/ru\/product\/tolmukott-mediclean-lux510\/\" \/>\n<meta property=\"og:site_name\" content=\"Lux Eesti O&Uuml;\" \/>\n<meta property=\"article:publisher\" content=\"https:\/\/www.facebook.com\/luxeesti\/\" \/>\n<meta property=\"article:modified_time\" content=\"2024-01-02T08:16:43+00:00\" \/>\n<meta property=\"og:image\" content=\"https:\/\/luxeesti.ee\/wp-content\/uploads\/2020\/10\/354_pic1_n.jpeg\" \/>\n\t<meta property=\"og:image:width\" content=\"1024\" \/>\n\t<meta property=\"og:image:height\" content=\"764\" \/>\n\t<meta property=\"og:image:type\" content=\"image\/jpeg\" \/>\n<meta name=\"twitter:card\" content=\"summary_large_image\" \/>\n<meta name=\"twitter:label1\" content=\"\u041f\u0440\u0438\u043c\u0435\u0440\u043d\u043e\u0435 \u0432\u0440\u0435\u043c\u044f \u0434\u043b\u044f \u0447\u0442\u0435\u043d\u0438\u044f\" \/>\n\t<meta name=\"twitter:data1\" content=\"1 \u043c\u0438\u043d\u0443\u0442\u0430\" \/>\n<script type=\"application\/ld+json\" class=\"yoast-schema-graph\">{\"@context\":\"https:\/\/schema.org\",\"@graph\":[{\"@type\":[\"WebPage\",\"ItemPage\"],\"@id\":\"https:\/\/luxeesti.ee\/toode\/tolmukott-mediclean-lux510\/\",\"url\":\"https:\/\/luxeesti.ee\/toode\/tolmukott-mediclean-lux510\/\",\"name\":\"Tolmukott Mediclean, Lux510 : Lux Eesti O&Uuml;\",\"isPartOf\":{\"@id\":\"https:\/\/luxeesti.ee\/#website\"},\"primaryImageOfPage\":{\"@id\":\"https:\/\/luxeesti.ee\/toode\/tolmukott-mediclean-lux510\/#primaryimage\"},\"image\":{\"@id\":\"https:\/\/luxeesti.ee\/toode\/tolmukott-mediclean-lux510\/#primaryimage\"},\"thumbnailUrl\":\"https:\/\/luxeesti.ee\/wp-content\/uploads\/2020\/10\/354_pic1_n.jpeg\",\"datePublished\":\"2020-10-14T19:15:23+00:00\",\"dateModified\":\"2024-01-02T08:16:43+00:00\",\"breadcrumb\":{\"@id\":\"https:\/\/luxeesti.ee\/toode\/tolmukott-mediclean-lux510\/#breadcrumb\"},\"inLanguage\":\"ru-RU\",\"potentialAction\":[{\"@type\":\"ReadAction\",\"target\":[\"https:\/\/luxeesti.ee\/toode\/tolmukott-mediclean-lux510\/\"]}]},{\"@type\":\"ImageObject\",\"inLanguage\":\"ru-RU\",\"@id\":\"https:\/\/luxeesti.ee\/toode\/tolmukott-mediclean-lux510\/#primaryimage\",\"url\":\"https:\/\/luxeesti.ee\/wp-content\/uploads\/2020\/10\/354_pic1_n.jpeg\",\"contentUrl\":\"https:\/\/luxeesti.ee\/wp-content\/uploads\/2020\/10\/354_pic1_n.jpeg\",\"width\":1024,\"height\":764},{\"@type\":\"BreadcrumbList\",\"@id\":\"https:\/\/luxeesti.ee\/toode\/tolmukott-mediclean-lux510\/#breadcrumb\",\"itemListElement\":[{\"@type\":\"ListItem\",\"position\":1,\"name\":\"Home\",\"item\":\"https:\/\/luxeesti.ee\/\"},{\"@type\":\"ListItem\",\"position\":2,\"name\":\"Pood\",\"item\":\"https:\/\/luxeesti.ee\/pood\/\"},{\"@type\":\"ListItem\",\"position\":3,\"name\":\"Tolmukott Mediclean, Lux510\"}]},{\"@type\":\"WebSite\",\"@id\":\"https:\/\/luxeesti.ee\/#website\",\"url\":\"https:\/\/luxeesti.ee\/\",\"name\":\"Lux Eesti O&Uuml;\",\"description\":\"Sinu tervisliku kodu partner\",\"publisher\":{\"@id\":\"https:\/\/luxeesti.ee\/#organization\"},\"potentialAction\":[{\"@type\":\"SearchAction\",\"target\":{\"@type\":\"EntryPoint\",\"urlTemplate\":\"https:\/\/luxeesti.ee\/?s={search_term_string}\"},\"query-input\":{\"@type\":\"PropertyValueSpecification\",\"valueRequired\":true,\"valueName\":\"search_term_string\"}}],\"inLanguage\":\"ru-RU\"},{\"@type\":\"Organization\",\"@id\":\"https:\/\/luxeesti.ee\/#organization\",\"name\":\"Lux Eesti\",\"url\":\"https:\/\/luxeesti.ee\/\",\"logo\":{\"@type\":\"ImageObject\",\"inLanguage\":\"ru-RU\",\"@id\":\"https:\/\/luxeesti.ee\/#\/schema\/logo\/image\/\",\"url\":\"https:\/\/luxeesti.ee\/wp-content\/uploads\/2020\/10\/lux-logo_text.png\",\"contentUrl\":\"https:\/\/luxeesti.ee\/wp-content\/uploads\/2020\/10\/lux-logo_text.png\",\"width\":900,\"height\":580,\"caption\":\"Lux Eesti\"},\"image\":{\"@id\":\"https:\/\/luxeesti.ee\/#\/schema\/logo\/image\/\"},\"sameAs\":[\"https:\/\/www.facebook.com\/luxeesti\/\"]}]}<\/script>\n<!-- \/ Yoast SEO plugin. -->","yoast_head_json":{"title":"Tolmukott Mediclean, Lux510 : Lux Eesti O&Uuml;","robots":{"index":"index","follow":"follow","max-snippet":"max-snippet:-1","max-image-preview":"max-image-preview:large","max-video-preview":"max-video-preview:-1"},"canonical":"https:\/\/luxeesti.ee\/ru\/product\/tolmukott-mediclean-lux510\/","og_locale":"ru_RU","og_type":"article","og_title":"Tolmukott Mediclean, Lux510 : Lux Eesti O&Uuml;","og_description":"5-etapiline \u0160veitsi Mediclean\u2122 filtreerimiss\u00fcsteem, mis on ainus \u0160veitsi HEPA\u2122 filter, mitmekihiline tolmukott, aktiivs\u00f6e filter ja HEPA-filter antibakteriaalse t\u00f6\u00f6tlusega tagavad, et tolm j\u00e4\u00e4b sinna, kuhu see kuulub. Lux puhastusseadmed mitte ainult ei puhasta pindu, vaid puhastavad ka teid \u00fcmbritsevat \u00f5hku, tagavdes puhta ja tervisliku kodu. Eriti t\u00f5hus kolmekihiline tolmukott kahekordse membraaniga tagab, et tolme ei satu [&hellip;]","og_url":"https:\/\/luxeesti.ee\/ru\/product\/tolmukott-mediclean-lux510\/","og_site_name":"Lux Eesti O&Uuml;","article_publisher":"https:\/\/www.facebook.com\/luxeesti\/","article_modified_time":"2024-01-02T08:16:43+00:00","og_image":[{"width":1024,"height":764,"url":"https:\/\/luxeesti.ee\/wp-content\/uploads\/2020\/10\/354_pic1_n.jpeg","type":"image\/jpeg"}],"twitter_card":"summary_large_image","twitter_misc":{"\u041f\u0440\u0438\u043c\u0435\u0440\u043d\u043e\u0435 \u0432\u0440\u0435\u043c\u044f \u0434\u043b\u044f \u0447\u0442\u0435\u043d\u0438\u044f":"1 \u043c\u0438\u043d\u0443\u0442\u0430"},"schema":{"@context":"https:\/\/schema.org","@graph":[{"@type":["WebPage","ItemPage"],"@id":"https:\/\/luxeesti.ee\/toode\/tolmukott-mediclean-lux510\/","url":"https:\/\/luxeesti.ee\/toode\/tolmukott-mediclean-lux510\/","name":"Tolmukott Mediclean, Lux510 : Lux Eesti O&Uuml;","isPartOf":{"@id":"https:\/\/luxeesti.ee\/#website"},"primaryImageOfPage":{"@id":"https:\/\/luxeesti.ee\/toode\/tolmukott-mediclean-lux510\/#primaryimage"},"image":{"@id":"https:\/\/luxeesti.ee\/toode\/tolmukott-mediclean-lux510\/#primaryimage"},"thumbnailUrl":"https:\/\/luxeesti.ee\/wp-content\/uploads\/2020\/10\/354_pic1_n.jpeg","datePublished":"2020-10-14T19:15:23+00:00","dateModified":"2024-01-02T08:16:43+00:00","breadcrumb":{"@id":"https:\/\/luxeesti.ee\/toode\/tolmukott-mediclean-lux510\/#breadcrumb"},"inLanguage":"ru-RU","potentialAction":[{"@type":"ReadAction","target":["https:\/\/luxeesti.ee\/toode\/tolmukott-mediclean-lux510\/"]}]},{"@type":"ImageObject","inLanguage":"ru-RU","@id":"https:\/\/luxeesti.ee\/toode\/tolmukott-mediclean-lux510\/#primaryimage","url":"https:\/\/luxeesti.ee\/wp-content\/uploads\/2020\/10\/354_pic1_n.jpeg","contentUrl":"https:\/\/luxeesti.ee\/wp-content\/uploads\/2020\/10\/354_pic1_n.jpeg","width":1024,"height":764},{"@type":"BreadcrumbList","@id":"https:\/\/luxeesti.ee\/toode\/tolmukott-mediclean-lux510\/#breadcrumb","itemListElement":[{"@type":"ListItem","position":1,"name":"Home","item":"https:\/\/luxeesti.ee\/"},{"@type":"ListItem","position":2,"name":"Pood","item":"https:\/\/luxeesti.ee\/pood\/"},{"@type":"ListItem","position":3,"name":"Tolmukott Mediclean, Lux510"}]},{"@type":"WebSite","@id":"https:\/\/luxeesti.ee\/#website","url":"https:\/\/luxeesti.ee\/","name":"Lux Eesti O&Uuml;","description":"Sinu tervisliku kodu partner","publisher":{"@id":"https:\/\/luxeesti.ee\/#organization"},"potentialAction":[{"@type":"SearchAction","target":{"@type":"EntryPoint","urlTemplate":"https:\/\/luxeesti.ee\/?s={search_term_string}"},"query-input":{"@type":"PropertyValueSpecification","valueRequired":true,"valueName":"search_term_string"}}],"inLanguage":"ru-RU"},{"@type":"Organization","@id":"https:\/\/luxeesti.ee\/#organization","name":"Lux Eesti","url":"https:\/\/luxeesti.ee\/","logo":{"@type":"ImageObject","inLanguage":"ru-RU","@id":"https:\/\/luxeesti.ee\/#\/schema\/logo\/image\/","url":"https:\/\/luxeesti.ee\/wp-content\/uploads\/2020\/10\/lux-logo_text.png","contentUrl":"https:\/\/luxeesti.ee\/wp-content\/uploads\/2020\/10\/lux-logo_text.png","width":900,"height":580,"caption":"Lux Eesti"},"image":{"@id":"https:\/\/luxeesti.ee\/#\/schema\/logo\/image\/"},"sameAs":["https:\/\/www.facebook.com\/luxeesti\/"]}]}},"_links":{"self":[{"href":"https:\/\/luxeesti.ee\/ru\/wp-json\/wp\/v2\/product\/309","targetHints":{"allow":["GET"]}}],"collection":[{"href":"https:\/\/luxeesti.ee\/ru\/wp-json\/wp\/v2\/product"}],"about":[{"href":"https:\/\/luxeesti.ee\/ru\/wp-json\/wp\/v2\/types\/product"}],"wp:featuredmedia":[{"embeddable":true,"href":"https:\/\/luxeesti.ee\/ru\/wp-json\/wp\/v2\/media\/569"}],"wp:attachment":[{"href":"https:\/\/luxeesti.ee\/ru\/wp-json\/wp\/v2\/media?parent=309"}],"wp:term":[{"taxonomy":"product_brand","embeddable":true,"href":"https:\/\/luxeesti.ee\/ru\/wp-json\/wp\/v2\/product_brand?post=309"},{"taxonomy":"product_cat","embeddable":true,"href":"https:\/\/luxeesti.ee\/ru\/wp-json\/wp\/v2\/product_cat?post=309"},{"taxonomy":"product_tag","embeddable":true,"href":"https:\/\/luxeesti.ee\/ru\/wp-json\/wp\/v2\/product_tag?post=309"}],"curies":[{"name":"wp","href":"https:\/\/api.w.org\/{rel}","templated":true}]}}