{"id":2472,"date":"2022-01-07T14:28:39","date_gmt":"2022-01-07T12:28:39","guid":{"rendered":"https:\/\/luxeesti.ee\/?post_type=product&#038;p=2472"},"modified":"2026-03-06T12:20:24","modified_gmt":"2026-03-06T10:20:24","slug":"veefilter-wg-thin","status":"publish","type":"product","link":"https:\/\/luxeesti.ee\/ru\/product\/veefilter-wg-thin\/","title":{"rendered":"Veefilter WG Thin"},"content":{"rendered":"<p>LUX Waterguard Thin veepuhastaja pakub teile optimaalse lahenduse. See toode ei paku teile mitte ainult puhast vett, vaid ka tervislikku vett.<\/p>\n<p>Saate oma vett kodus muretult kasutada igal ajal.<\/p>\n<p>Veepuhastaja p\u00f5hineb 5-astmelisel puhastustehnoloogial, mis tagab, et teie vesi on\u00a0 puhas, v\u00e4rske ja tervislik.<\/p>\n<p>Lux Waterguard Thin saab teie k\u00f6\u00f6gis asendamatuks osaks, pakkudes teile igal ajal\u00a0 puhast vett joogi- v\u00f5i toiduvalmistamiseks ning s\u00e4\u00e4stes raha, aega ja ruumi keskkonnas\u00f5bralikul viisil.<\/p>\n<p>Nautige vett selle loomulikus maitses, edendage oma tervist, laadige end puhta v\u00e4rskuse, eluj\u00f5u ja energiaga. Koguge j\u00f5udu igast kristallselgest tilgast.<\/p>","protected":false},"excerpt":{"rendered":"<p>LUX Waterguard Thin veepuhastaja pakub teile optimaalse lahenduse. See toode ei paku teile mitte ainult puhast vett, vaid ka tervislikku vett. Saate oma vett kodus muretult kasutada igal ajal. Veepuhastaja p\u00f5hineb 5-astmelisel puhastustehnoloogial, mis tagab, et teie vesi on\u00a0 puhas, v\u00e4rske ja tervislik. Lux Waterguard Thin saab teie k\u00f6\u00f6gis asendamatuks osaks, pakkudes teile igal ajal\u00a0 [&hellip;]<\/p>","protected":false},"featured_media":2498,"template":"","meta":[],"product_brand":[],"product_cat":[46,35],"product_tag":[],"class_list":{"0":"post-2472","1":"product","2":"type-product","3":"status-publish","4":"has-post-thumbnail","6":"product_cat-veefilter-wg-thin","7":"product_cat-veepuhastajad","9":"first","10":"instock","11":"taxable","12":"shipping-taxable","13":"purchasable","14":"product-type-simple"},"yoast_head":"<!-- This site is optimized with the Yoast SEO plugin v25.8 - https:\/\/yoast.com\/wordpress\/plugins\/seo\/ -->\n<title>Veefilter WG Thin : Lux Eesti O&Uuml;<\/title>\n<meta name=\"robots\" content=\"index, follow, max-snippet:-1, max-image-preview:large, max-video-preview:-1\" \/>\n<link rel=\"canonical\" href=\"https:\/\/luxeesti.ee\/ru\/product\/veefilter-wg-thin\/\" \/>\n<meta property=\"og:locale\" content=\"ru_RU\" \/>\n<meta property=\"og:type\" content=\"article\" \/>\n<meta property=\"og:title\" content=\"Veefilter WG Thin : Lux Eesti O&Uuml;\" \/>\n<meta property=\"og:description\" content=\"LUX Waterguard Thin veepuhastaja pakub teile optimaalse lahenduse. See toode ei paku teile mitte ainult puhast vett, vaid ka tervislikku vett. Saate oma vett kodus muretult kasutada igal ajal. Veepuhastaja p\u00f5hineb 5-astmelisel puhastustehnoloogial, mis tagab, et teie vesi on\u00a0 puhas, v\u00e4rske ja tervislik. Lux Waterguard Thin saab teie k\u00f6\u00f6gis asendamatuks osaks, pakkudes teile igal ajal\u00a0 [&hellip;]\" \/>\n<meta property=\"og:url\" content=\"https:\/\/luxeesti.ee\/ru\/product\/veefilter-wg-thin\/\" \/>\n<meta property=\"og:site_name\" content=\"Lux Eesti O&Uuml;\" \/>\n<meta property=\"article:publisher\" content=\"https:\/\/www.facebook.com\/luxeesti\/\" \/>\n<meta property=\"article:modified_time\" content=\"2026-03-06T10:20:24+00:00\" \/>\n<meta property=\"og:image\" content=\"https:\/\/luxeesti.ee\/wp-content\/uploads\/2022\/01\/Thin-2.jpg\" \/>\n\t<meta property=\"og:image:width\" content=\"204\" \/>\n\t<meta property=\"og:image:height\" content=\"356\" \/>\n\t<meta property=\"og:image:type\" content=\"image\/jpeg\" \/>\n<meta name=\"twitter:card\" content=\"summary_large_image\" \/>\n<meta name=\"twitter:label1\" content=\"\u041f\u0440\u0438\u043c\u0435\u0440\u043d\u043e\u0435 \u0432\u0440\u0435\u043c\u044f \u0434\u043b\u044f \u0447\u0442\u0435\u043d\u0438\u044f\" \/>\n\t<meta name=\"twitter:data1\" content=\"1 \u043c\u0438\u043d\u0443\u0442\u0430\" \/>\n<script type=\"application\/ld+json\" class=\"yoast-schema-graph\">{\"@context\":\"https:\/\/schema.org\",\"@graph\":[{\"@type\":[\"WebPage\",\"ItemPage\"],\"@id\":\"https:\/\/luxeesti.ee\/toode\/veefilter-wg-thin\/\",\"url\":\"https:\/\/luxeesti.ee\/toode\/veefilter-wg-thin\/\",\"name\":\"Veefilter WG Thin : Lux Eesti O&Uuml;\",\"isPartOf\":{\"@id\":\"https:\/\/luxeesti.ee\/#website\"},\"primaryImageOfPage\":{\"@id\":\"https:\/\/luxeesti.ee\/toode\/veefilter-wg-thin\/#primaryimage\"},\"image\":{\"@id\":\"https:\/\/luxeesti.ee\/toode\/veefilter-wg-thin\/#primaryimage\"},\"thumbnailUrl\":\"https:\/\/luxeesti.ee\/wp-content\/uploads\/2022\/01\/Thin-2.jpg\",\"datePublished\":\"2022-01-07T12:28:39+00:00\",\"dateModified\":\"2026-03-06T10:20:24+00:00\",\"breadcrumb\":{\"@id\":\"https:\/\/luxeesti.ee\/toode\/veefilter-wg-thin\/#breadcrumb\"},\"inLanguage\":\"ru-RU\",\"potentialAction\":[{\"@type\":\"ReadAction\",\"target\":[\"https:\/\/luxeesti.ee\/toode\/veefilter-wg-thin\/\"]}]},{\"@type\":\"ImageObject\",\"inLanguage\":\"ru-RU\",\"@id\":\"https:\/\/luxeesti.ee\/toode\/veefilter-wg-thin\/#primaryimage\",\"url\":\"https:\/\/luxeesti.ee\/wp-content\/uploads\/2022\/01\/Thin-2.jpg\",\"contentUrl\":\"https:\/\/luxeesti.ee\/wp-content\/uploads\/2022\/01\/Thin-2.jpg\",\"width\":204,\"height\":356},{\"@type\":\"BreadcrumbList\",\"@id\":\"https:\/\/luxeesti.ee\/toode\/veefilter-wg-thin\/#breadcrumb\",\"itemListElement\":[{\"@type\":\"ListItem\",\"position\":1,\"name\":\"Home\",\"item\":\"https:\/\/luxeesti.ee\/\"},{\"@type\":\"ListItem\",\"position\":2,\"name\":\"Pood\",\"item\":\"https:\/\/luxeesti.ee\/pood\/\"},{\"@type\":\"ListItem\",\"position\":3,\"name\":\"Veefilter WG Thin\"}]},{\"@type\":\"WebSite\",\"@id\":\"https:\/\/luxeesti.ee\/#website\",\"url\":\"https:\/\/luxeesti.ee\/\",\"name\":\"Lux Eesti O&Uuml;\",\"description\":\"Sinu tervisliku kodu partner\",\"publisher\":{\"@id\":\"https:\/\/luxeesti.ee\/#organization\"},\"potentialAction\":[{\"@type\":\"SearchAction\",\"target\":{\"@type\":\"EntryPoint\",\"urlTemplate\":\"https:\/\/luxeesti.ee\/?s={search_term_string}\"},\"query-input\":{\"@type\":\"PropertyValueSpecification\",\"valueRequired\":true,\"valueName\":\"search_term_string\"}}],\"inLanguage\":\"ru-RU\"},{\"@type\":\"Organization\",\"@id\":\"https:\/\/luxeesti.ee\/#organization\",\"name\":\"Lux Eesti\",\"url\":\"https:\/\/luxeesti.ee\/\",\"logo\":{\"@type\":\"ImageObject\",\"inLanguage\":\"ru-RU\",\"@id\":\"https:\/\/luxeesti.ee\/#\/schema\/logo\/image\/\",\"url\":\"https:\/\/luxeesti.ee\/wp-content\/uploads\/2020\/10\/lux-logo_text.png\",\"contentUrl\":\"https:\/\/luxeesti.ee\/wp-content\/uploads\/2020\/10\/lux-logo_text.png\",\"width\":900,\"height\":580,\"caption\":\"Lux Eesti\"},\"image\":{\"@id\":\"https:\/\/luxeesti.ee\/#\/schema\/logo\/image\/\"},\"sameAs\":[\"https:\/\/www.facebook.com\/luxeesti\/\"]}]}<\/script>\n<!-- \/ Yoast SEO plugin. -->","yoast_head_json":{"title":"Veefilter WG Thin : Lux Eesti O&Uuml;","robots":{"index":"index","follow":"follow","max-snippet":"max-snippet:-1","max-image-preview":"max-image-preview:large","max-video-preview":"max-video-preview:-1"},"canonical":"https:\/\/luxeesti.ee\/ru\/product\/veefilter-wg-thin\/","og_locale":"ru_RU","og_type":"article","og_title":"Veefilter WG Thin : Lux Eesti O&Uuml;","og_description":"LUX Waterguard Thin veepuhastaja pakub teile optimaalse lahenduse. See toode ei paku teile mitte ainult puhast vett, vaid ka tervislikku vett. Saate oma vett kodus muretult kasutada igal ajal. Veepuhastaja p\u00f5hineb 5-astmelisel puhastustehnoloogial, mis tagab, et teie vesi on\u00a0 puhas, v\u00e4rske ja tervislik. Lux Waterguard Thin saab teie k\u00f6\u00f6gis asendamatuks osaks, pakkudes teile igal ajal\u00a0 [&hellip;]","og_url":"https:\/\/luxeesti.ee\/ru\/product\/veefilter-wg-thin\/","og_site_name":"Lux Eesti O&Uuml;","article_publisher":"https:\/\/www.facebook.com\/luxeesti\/","article_modified_time":"2026-03-06T10:20:24+00:00","og_image":[{"width":204,"height":356,"url":"https:\/\/luxeesti.ee\/wp-content\/uploads\/2022\/01\/Thin-2.jpg","type":"image\/jpeg"}],"twitter_card":"summary_large_image","twitter_misc":{"\u041f\u0440\u0438\u043c\u0435\u0440\u043d\u043e\u0435 \u0432\u0440\u0435\u043c\u044f \u0434\u043b\u044f \u0447\u0442\u0435\u043d\u0438\u044f":"1 \u043c\u0438\u043d\u0443\u0442\u0430"},"schema":{"@context":"https:\/\/schema.org","@graph":[{"@type":["WebPage","ItemPage"],"@id":"https:\/\/luxeesti.ee\/toode\/veefilter-wg-thin\/","url":"https:\/\/luxeesti.ee\/toode\/veefilter-wg-thin\/","name":"Veefilter WG Thin : Lux Eesti O&Uuml;","isPartOf":{"@id":"https:\/\/luxeesti.ee\/#website"},"primaryImageOfPage":{"@id":"https:\/\/luxeesti.ee\/toode\/veefilter-wg-thin\/#primaryimage"},"image":{"@id":"https:\/\/luxeesti.ee\/toode\/veefilter-wg-thin\/#primaryimage"},"thumbnailUrl":"https:\/\/luxeesti.ee\/wp-content\/uploads\/2022\/01\/Thin-2.jpg","datePublished":"2022-01-07T12:28:39+00:00","dateModified":"2026-03-06T10:20:24+00:00","breadcrumb":{"@id":"https:\/\/luxeesti.ee\/toode\/veefilter-wg-thin\/#breadcrumb"},"inLanguage":"ru-RU","potentialAction":[{"@type":"ReadAction","target":["https:\/\/luxeesti.ee\/toode\/veefilter-wg-thin\/"]}]},{"@type":"ImageObject","inLanguage":"ru-RU","@id":"https:\/\/luxeesti.ee\/toode\/veefilter-wg-thin\/#primaryimage","url":"https:\/\/luxeesti.ee\/wp-content\/uploads\/2022\/01\/Thin-2.jpg","contentUrl":"https:\/\/luxeesti.ee\/wp-content\/uploads\/2022\/01\/Thin-2.jpg","width":204,"height":356},{"@type":"BreadcrumbList","@id":"https:\/\/luxeesti.ee\/toode\/veefilter-wg-thin\/#breadcrumb","itemListElement":[{"@type":"ListItem","position":1,"name":"Home","item":"https:\/\/luxeesti.ee\/"},{"@type":"ListItem","position":2,"name":"Pood","item":"https:\/\/luxeesti.ee\/pood\/"},{"@type":"ListItem","position":3,"name":"Veefilter WG Thin"}]},{"@type":"WebSite","@id":"https:\/\/luxeesti.ee\/#website","url":"https:\/\/luxeesti.ee\/","name":"Lux Eesti O&Uuml;","description":"Sinu tervisliku kodu partner","publisher":{"@id":"https:\/\/luxeesti.ee\/#organization"},"potentialAction":[{"@type":"SearchAction","target":{"@type":"EntryPoint","urlTemplate":"https:\/\/luxeesti.ee\/?s={search_term_string}"},"query-input":{"@type":"PropertyValueSpecification","valueRequired":true,"valueName":"search_term_string"}}],"inLanguage":"ru-RU"},{"@type":"Organization","@id":"https:\/\/luxeesti.ee\/#organization","name":"Lux Eesti","url":"https:\/\/luxeesti.ee\/","logo":{"@type":"ImageObject","inLanguage":"ru-RU","@id":"https:\/\/luxeesti.ee\/#\/schema\/logo\/image\/","url":"https:\/\/luxeesti.ee\/wp-content\/uploads\/2020\/10\/lux-logo_text.png","contentUrl":"https:\/\/luxeesti.ee\/wp-content\/uploads\/2020\/10\/lux-logo_text.png","width":900,"height":580,"caption":"Lux Eesti"},"image":{"@id":"https:\/\/luxeesti.ee\/#\/schema\/logo\/image\/"},"sameAs":["https:\/\/www.facebook.com\/luxeesti\/"]}]}},"_links":{"self":[{"href":"https:\/\/luxeesti.ee\/ru\/wp-json\/wp\/v2\/product\/2472","targetHints":{"allow":["GET"]}}],"collection":[{"href":"https:\/\/luxeesti.ee\/ru\/wp-json\/wp\/v2\/product"}],"about":[{"href":"https:\/\/luxeesti.ee\/ru\/wp-json\/wp\/v2\/types\/product"}],"wp:featuredmedia":[{"embeddable":true,"href":"https:\/\/luxeesti.ee\/ru\/wp-json\/wp\/v2\/media\/2498"}],"wp:attachment":[{"href":"https:\/\/luxeesti.ee\/ru\/wp-json\/wp\/v2\/media?parent=2472"}],"wp:term":[{"taxonomy":"product_brand","embeddable":true,"href":"https:\/\/luxeesti.ee\/ru\/wp-json\/wp\/v2\/product_brand?post=2472"},{"taxonomy":"product_cat","embeddable":true,"href":"https:\/\/luxeesti.ee\/ru\/wp-json\/wp\/v2\/product_cat?post=2472"},{"taxonomy":"product_tag","embeddable":true,"href":"https:\/\/luxeesti.ee\/ru\/wp-json\/wp\/v2\/product_tag?post=2472"}],"curies":[{"name":"wp","href":"https:\/\/api.w.org\/{rel}","templated":true}]}}