{"id":2431,"date":"2022-01-04T12:28:28","date_gmt":"2022-01-04T10:28:28","guid":{"rendered":"https:\/\/luxeesti.ee\/?post_type=product&#038;p=2431"},"modified":"2024-03-21T11:24:30","modified_gmt":"2024-03-21T09:24:30","slug":"lux-aeroguard-sense-tarvikud-hepa-ja-soefilter","status":"publish","type":"product","link":"https:\/\/luxeesti.ee\/ru\/product\/lux-aeroguard-sense-tarvikud-hepa-ja-soefilter\/","title":{"rendered":"Lux Aeroguard Sense filtrite komplekt"},"content":{"rendered":"<p>\u041e\u043f\u0438\u0441\u0430\u043d\u0438\u0435<\/p>\n<p>\u041a\u043e\u043c\u043f\u043b\u0435\u043a\u0442 \u0444\u0438\u043b\u044c\u0442\u0440\u043e\u0432 \u0434\u043b\u044f \u0432\u043e\u0437\u0434\u0443\u0445\u043e\u043e\u0447\u0438\u0441\u0442\u0438\u0442\u0435\u043b\u044f Lux Aeroguard Sense.<\/p>\n<p>\u041a\u043e\u043c\u043f\u043b\u0435\u043a\u0442 \u0441\u043e\u0441\u0442\u043e\u0438\u0442 \u0438\u0437:<\/p>\n<ul>\n<li>1 \u0444\u0438\u043b\u044c\u0442\u0440 Hepa. \u0422\u0435\u0445\u043d\u043e\u043b\u043e\u0433\u0438\u044f \u0444\u0438\u043b\u044c\u0442\u0440\u0430\u0446\u0438\u0438 Hepa \u043e\u0431\u0435\u0441\u043f\u0435\u0447\u0438\u0432\u0430\u0435\u0442 \u0441\u043a\u043e\u0440\u043e\u0441\u0442\u044c \u0444\u0438\u043b\u044c\u0442\u0440\u0430\u0446\u0438\u0438 99,95% \u0438 \u0444\u043e\u0442\u043e\u043a\u0430\u0442\u0430\u043b\u0438\u0442\u0438\u0447\u0435\u0441\u043a\u043e\u0435 \u043e\u043a\u0438\u0441\u043b\u0435\u043d\u0438\u0435 \u0441 \u043f\u043e\u043c\u043e\u0449\u044c\u044e \u0423\u0424-\u0441\u0432\u0435\u0442\u043e\u0434\u0438\u043e\u0434\u0430, \u043a\u043e\u0442\u043e\u0440\u044b\u0439 \u0431\u043e\u0440\u0435\u0442\u0441\u044f \u0441 \u0431\u0430\u043a\u0442\u0435\u0440\u0438\u044f\u043c\u0438 \u0438 \u0432\u0438\u0440\u0443\u0441\u0430\u043c\u0438.<\/li>\n<li>1 \u0423\u0433\u043e\u043b\u044c\u043d\u044b\u0439 \u0444\u0438\u043b\u044c\u0442\u0440. \u0423\u0433\u043e\u043b\u044c\u043d\u044b\u0439 \u0444\u0438\u043b\u044c\u0442\u0440 \u0443\u0434\u0430\u043b\u044f\u0435\u0442 \u043a\u0430\u043a \u0433\u0430\u0437\u044b, \u0442\u0430\u043a \u0438 \u0435\u0441\u0442\u0435\u0441\u0442\u0432\u0435\u043d\u043d\u044b\u0435 \u0438 \u0445\u0438\u043c\u0438\u0447\u0435\u0441\u043a\u0438\u0435 \u0437\u0430\u043f\u0430\u0445\u0438, \u0442\u0430\u043a\u0438\u0435 \u043a\u0430\u043a \u0437\u0430\u043f\u0430\u0445 \u0442\u0430\u0431\u0430\u043a\u0430 \u0438 \u0435\u0434\u044b<\/li>\n<\/ul>","protected":false},"excerpt":{"rendered":"<p>Kirjeldus Filtrite komplekt \u00f5hupuhastajale Lux Aeroguard Sense. Filtrikomplekt sisaldab: 1 Hepa filter. Hepa filtreerimistehnoloogia tagab 99,95% filtreerimiskiiruse ja fotokatal\u00fc\u00fctiline oks\u00fcdatsioon UV-LED-iga, mis v\u00f5itleb bakterite ja viirustega. 1 S\u00f6efilter. S\u00f6efilter v\u00e4hendab nii gaase kui ka looduslikke ja keemilisi l\u00f5hnu, nagu tubaka- ja toidul\u00f5hna.<\/p>","protected":false},"featured_media":2433,"template":"","meta":[],"product_brand":[],"product_cat":[43],"product_tag":[],"class_list":{"0":"post-2431","1":"product","2":"type-product","3":"status-publish","4":"has-post-thumbnail","6":"product_cat-lux-aeroguard-sense","8":"first","9":"instock","10":"taxable","11":"shipping-taxable","12":"purchasable","13":"product-type-simple"},"yoast_head":"<!-- This site is optimized with the Yoast SEO plugin v25.8 - https:\/\/yoast.com\/wordpress\/plugins\/seo\/ -->\n<title>Lux Aeroguard Sense filtrite komplekt : Lux Eesti O&Uuml;<\/title>\n<meta name=\"robots\" content=\"index, follow, max-snippet:-1, max-image-preview:large, max-video-preview:-1\" \/>\n<link rel=\"canonical\" href=\"https:\/\/luxeesti.ee\/ru\/product\/lux-aeroguard-sense-tarvikud-hepa-ja-soefilter\/\" \/>\n<meta property=\"og:locale\" content=\"ru_RU\" \/>\n<meta property=\"og:type\" content=\"article\" \/>\n<meta property=\"og:title\" content=\"Lux Aeroguard Sense filtrite komplekt : Lux Eesti O&Uuml;\" \/>\n<meta property=\"og:description\" content=\"Kirjeldus Filtrite komplekt \u00f5hupuhastajale Lux Aeroguard Sense. Filtrikomplekt sisaldab: 1 Hepa filter. Hepa filtreerimistehnoloogia tagab 99,95% filtreerimiskiiruse ja fotokatal\u00fc\u00fctiline oks\u00fcdatsioon UV-LED-iga, mis v\u00f5itleb bakterite ja viirustega. 1 S\u00f6efilter. S\u00f6efilter v\u00e4hendab nii gaase kui ka looduslikke ja keemilisi l\u00f5hnu, nagu tubaka- ja toidul\u00f5hna.\" \/>\n<meta property=\"og:url\" content=\"https:\/\/luxeesti.ee\/ru\/product\/lux-aeroguard-sense-tarvikud-hepa-ja-soefilter\/\" \/>\n<meta property=\"og:site_name\" content=\"Lux Eesti O&Uuml;\" \/>\n<meta property=\"article:publisher\" content=\"https:\/\/www.facebook.com\/luxeesti\/\" \/>\n<meta property=\"article:modified_time\" content=\"2024-03-21T09:24:30+00:00\" \/>\n<meta property=\"og:image\" content=\"https:\/\/luxeesti.ee\/wp-content\/uploads\/2022\/01\/DSC_3013-scaled.jpg\" \/>\n\t<meta property=\"og:image:width\" content=\"2560\" \/>\n\t<meta property=\"og:image:height\" content=\"1709\" \/>\n\t<meta property=\"og:image:type\" content=\"image\/jpeg\" \/>\n<meta name=\"twitter:card\" content=\"summary_large_image\" \/>\n<script type=\"application\/ld+json\" class=\"yoast-schema-graph\">{\"@context\":\"https:\/\/schema.org\",\"@graph\":[{\"@type\":[\"WebPage\",\"ItemPage\"],\"@id\":\"https:\/\/luxeesti.ee\/toode\/lux-aeroguard-sense-tarvikud-hepa-ja-soefilter\/\",\"url\":\"https:\/\/luxeesti.ee\/toode\/lux-aeroguard-sense-tarvikud-hepa-ja-soefilter\/\",\"name\":\"Lux Aeroguard Sense filtrite komplekt : Lux Eesti O&Uuml;\",\"isPartOf\":{\"@id\":\"https:\/\/luxeesti.ee\/#website\"},\"primaryImageOfPage\":{\"@id\":\"https:\/\/luxeesti.ee\/toode\/lux-aeroguard-sense-tarvikud-hepa-ja-soefilter\/#primaryimage\"},\"image\":{\"@id\":\"https:\/\/luxeesti.ee\/toode\/lux-aeroguard-sense-tarvikud-hepa-ja-soefilter\/#primaryimage\"},\"thumbnailUrl\":\"https:\/\/luxeesti.ee\/wp-content\/uploads\/2022\/01\/DSC_3013-scaled.jpg\",\"datePublished\":\"2022-01-04T10:28:28+00:00\",\"dateModified\":\"2024-03-21T09:24:30+00:00\",\"breadcrumb\":{\"@id\":\"https:\/\/luxeesti.ee\/toode\/lux-aeroguard-sense-tarvikud-hepa-ja-soefilter\/#breadcrumb\"},\"inLanguage\":\"ru-RU\",\"potentialAction\":[{\"@type\":\"ReadAction\",\"target\":[\"https:\/\/luxeesti.ee\/toode\/lux-aeroguard-sense-tarvikud-hepa-ja-soefilter\/\"]}]},{\"@type\":\"ImageObject\",\"inLanguage\":\"ru-RU\",\"@id\":\"https:\/\/luxeesti.ee\/toode\/lux-aeroguard-sense-tarvikud-hepa-ja-soefilter\/#primaryimage\",\"url\":\"https:\/\/luxeesti.ee\/wp-content\/uploads\/2022\/01\/DSC_3013-scaled.jpg\",\"contentUrl\":\"https:\/\/luxeesti.ee\/wp-content\/uploads\/2022\/01\/DSC_3013-scaled.jpg\",\"width\":2560,\"height\":1709},{\"@type\":\"BreadcrumbList\",\"@id\":\"https:\/\/luxeesti.ee\/toode\/lux-aeroguard-sense-tarvikud-hepa-ja-soefilter\/#breadcrumb\",\"itemListElement\":[{\"@type\":\"ListItem\",\"position\":1,\"name\":\"Home\",\"item\":\"https:\/\/luxeesti.ee\/\"},{\"@type\":\"ListItem\",\"position\":2,\"name\":\"Pood\",\"item\":\"https:\/\/luxeesti.ee\/pood\/\"},{\"@type\":\"ListItem\",\"position\":3,\"name\":\"Lux Aeroguard Sense filtrite komplekt\"}]},{\"@type\":\"WebSite\",\"@id\":\"https:\/\/luxeesti.ee\/#website\",\"url\":\"https:\/\/luxeesti.ee\/\",\"name\":\"Lux Eesti O&Uuml;\",\"description\":\"Sinu tervisliku kodu partner\",\"publisher\":{\"@id\":\"https:\/\/luxeesti.ee\/#organization\"},\"potentialAction\":[{\"@type\":\"SearchAction\",\"target\":{\"@type\":\"EntryPoint\",\"urlTemplate\":\"https:\/\/luxeesti.ee\/?s={search_term_string}\"},\"query-input\":{\"@type\":\"PropertyValueSpecification\",\"valueRequired\":true,\"valueName\":\"search_term_string\"}}],\"inLanguage\":\"ru-RU\"},{\"@type\":\"Organization\",\"@id\":\"https:\/\/luxeesti.ee\/#organization\",\"name\":\"Lux Eesti\",\"url\":\"https:\/\/luxeesti.ee\/\",\"logo\":{\"@type\":\"ImageObject\",\"inLanguage\":\"ru-RU\",\"@id\":\"https:\/\/luxeesti.ee\/#\/schema\/logo\/image\/\",\"url\":\"https:\/\/luxeesti.ee\/wp-content\/uploads\/2020\/10\/lux-logo_text.png\",\"contentUrl\":\"https:\/\/luxeesti.ee\/wp-content\/uploads\/2020\/10\/lux-logo_text.png\",\"width\":900,\"height\":580,\"caption\":\"Lux Eesti\"},\"image\":{\"@id\":\"https:\/\/luxeesti.ee\/#\/schema\/logo\/image\/\"},\"sameAs\":[\"https:\/\/www.facebook.com\/luxeesti\/\"]}]}<\/script>\n<!-- \/ Yoast SEO plugin. -->","yoast_head_json":{"title":"Lux Aeroguard Sense filtrite komplekt : Lux Eesti O&Uuml;","robots":{"index":"index","follow":"follow","max-snippet":"max-snippet:-1","max-image-preview":"max-image-preview:large","max-video-preview":"max-video-preview:-1"},"canonical":"https:\/\/luxeesti.ee\/ru\/product\/lux-aeroguard-sense-tarvikud-hepa-ja-soefilter\/","og_locale":"ru_RU","og_type":"article","og_title":"Lux Aeroguard Sense filtrite komplekt : Lux Eesti O&Uuml;","og_description":"Kirjeldus Filtrite komplekt \u00f5hupuhastajale Lux Aeroguard Sense. Filtrikomplekt sisaldab: 1 Hepa filter. Hepa filtreerimistehnoloogia tagab 99,95% filtreerimiskiiruse ja fotokatal\u00fc\u00fctiline oks\u00fcdatsioon UV-LED-iga, mis v\u00f5itleb bakterite ja viirustega. 1 S\u00f6efilter. S\u00f6efilter v\u00e4hendab nii gaase kui ka looduslikke ja keemilisi l\u00f5hnu, nagu tubaka- ja toidul\u00f5hna.","og_url":"https:\/\/luxeesti.ee\/ru\/product\/lux-aeroguard-sense-tarvikud-hepa-ja-soefilter\/","og_site_name":"Lux Eesti O&Uuml;","article_publisher":"https:\/\/www.facebook.com\/luxeesti\/","article_modified_time":"2024-03-21T09:24:30+00:00","og_image":[{"width":2560,"height":1709,"url":"https:\/\/luxeesti.ee\/wp-content\/uploads\/2022\/01\/DSC_3013-scaled.jpg","type":"image\/jpeg"}],"twitter_card":"summary_large_image","schema":{"@context":"https:\/\/schema.org","@graph":[{"@type":["WebPage","ItemPage"],"@id":"https:\/\/luxeesti.ee\/toode\/lux-aeroguard-sense-tarvikud-hepa-ja-soefilter\/","url":"https:\/\/luxeesti.ee\/toode\/lux-aeroguard-sense-tarvikud-hepa-ja-soefilter\/","name":"Lux Aeroguard Sense filtrite komplekt : Lux Eesti O&Uuml;","isPartOf":{"@id":"https:\/\/luxeesti.ee\/#website"},"primaryImageOfPage":{"@id":"https:\/\/luxeesti.ee\/toode\/lux-aeroguard-sense-tarvikud-hepa-ja-soefilter\/#primaryimage"},"image":{"@id":"https:\/\/luxeesti.ee\/toode\/lux-aeroguard-sense-tarvikud-hepa-ja-soefilter\/#primaryimage"},"thumbnailUrl":"https:\/\/luxeesti.ee\/wp-content\/uploads\/2022\/01\/DSC_3013-scaled.jpg","datePublished":"2022-01-04T10:28:28+00:00","dateModified":"2024-03-21T09:24:30+00:00","breadcrumb":{"@id":"https:\/\/luxeesti.ee\/toode\/lux-aeroguard-sense-tarvikud-hepa-ja-soefilter\/#breadcrumb"},"inLanguage":"ru-RU","potentialAction":[{"@type":"ReadAction","target":["https:\/\/luxeesti.ee\/toode\/lux-aeroguard-sense-tarvikud-hepa-ja-soefilter\/"]}]},{"@type":"ImageObject","inLanguage":"ru-RU","@id":"https:\/\/luxeesti.ee\/toode\/lux-aeroguard-sense-tarvikud-hepa-ja-soefilter\/#primaryimage","url":"https:\/\/luxeesti.ee\/wp-content\/uploads\/2022\/01\/DSC_3013-scaled.jpg","contentUrl":"https:\/\/luxeesti.ee\/wp-content\/uploads\/2022\/01\/DSC_3013-scaled.jpg","width":2560,"height":1709},{"@type":"BreadcrumbList","@id":"https:\/\/luxeesti.ee\/toode\/lux-aeroguard-sense-tarvikud-hepa-ja-soefilter\/#breadcrumb","itemListElement":[{"@type":"ListItem","position":1,"name":"Home","item":"https:\/\/luxeesti.ee\/"},{"@type":"ListItem","position":2,"name":"Pood","item":"https:\/\/luxeesti.ee\/pood\/"},{"@type":"ListItem","position":3,"name":"Lux Aeroguard Sense filtrite komplekt"}]},{"@type":"WebSite","@id":"https:\/\/luxeesti.ee\/#website","url":"https:\/\/luxeesti.ee\/","name":"Lux Eesti O&Uuml;","description":"Sinu tervisliku kodu partner","publisher":{"@id":"https:\/\/luxeesti.ee\/#organization"},"potentialAction":[{"@type":"SearchAction","target":{"@type":"EntryPoint","urlTemplate":"https:\/\/luxeesti.ee\/?s={search_term_string}"},"query-input":{"@type":"PropertyValueSpecification","valueRequired":true,"valueName":"search_term_string"}}],"inLanguage":"ru-RU"},{"@type":"Organization","@id":"https:\/\/luxeesti.ee\/#organization","name":"Lux Eesti","url":"https:\/\/luxeesti.ee\/","logo":{"@type":"ImageObject","inLanguage":"ru-RU","@id":"https:\/\/luxeesti.ee\/#\/schema\/logo\/image\/","url":"https:\/\/luxeesti.ee\/wp-content\/uploads\/2020\/10\/lux-logo_text.png","contentUrl":"https:\/\/luxeesti.ee\/wp-content\/uploads\/2020\/10\/lux-logo_text.png","width":900,"height":580,"caption":"Lux Eesti"},"image":{"@id":"https:\/\/luxeesti.ee\/#\/schema\/logo\/image\/"},"sameAs":["https:\/\/www.facebook.com\/luxeesti\/"]}]}},"_links":{"self":[{"href":"https:\/\/luxeesti.ee\/ru\/wp-json\/wp\/v2\/product\/2431","targetHints":{"allow":["GET"]}}],"collection":[{"href":"https:\/\/luxeesti.ee\/ru\/wp-json\/wp\/v2\/product"}],"about":[{"href":"https:\/\/luxeesti.ee\/ru\/wp-json\/wp\/v2\/types\/product"}],"wp:featuredmedia":[{"embeddable":true,"href":"https:\/\/luxeesti.ee\/ru\/wp-json\/wp\/v2\/media\/2433"}],"wp:attachment":[{"href":"https:\/\/luxeesti.ee\/ru\/wp-json\/wp\/v2\/media?parent=2431"}],"wp:term":[{"taxonomy":"product_brand","embeddable":true,"href":"https:\/\/luxeesti.ee\/ru\/wp-json\/wp\/v2\/product_brand?post=2431"},{"taxonomy":"product_cat","embeddable":true,"href":"https:\/\/luxeesti.ee\/ru\/wp-json\/wp\/v2\/product_cat?post=2431"},{"taxonomy":"product_tag","embeddable":true,"href":"https:\/\/luxeesti.ee\/ru\/wp-json\/wp\/v2\/product_tag?post=2431"}],"curies":[{"name":"wp","href":"https:\/\/api.w.org\/{rel}","templated":true}]}}