{"id":1354,"date":"2021-03-16T14:18:37","date_gmt":"2021-03-16T12:18:37","guid":{"rendered":"https:\/\/luxeesti.ee\/?post_type=product&#038;p=1354"},"modified":"2025-01-20T15:48:41","modified_gmt":"2025-01-20T13:48:41","slug":"lux-gourmet-kauss-20cm","status":"publish","type":"product","link":"https:\/\/luxeesti.ee\/ru\/product\/lux-gourmet-kauss-20cm\/","title":{"rendered":"Lux Gourmet \u043c\u0438\u0441\u043a\u0430 20 \u0441\u043c"},"content":{"rendered":"<p>\u0422\u0435\u0440\u043c\u043e\u0447\u0430\u0448\u0430 \u0434\u0438\u0430\u043c\u0435\u0442\u0440\u043e\u043c 20 \u0441\u043c \u043f\u043e\u0434\u0434\u0435\u0440\u0436\u0438\u0432\u0430\u0435\u0442 \u0442\u0435\u043c\u043f\u0435\u0440\u0430\u0442\u0443\u0440\u0443 \u0431\u043b\u044e\u0434<\/p>\n<p>&nbsp;<\/p>","protected":false},"excerpt":{"rendered":"<p>\u0422\u0435\u0440\u043c\u043e\u0447\u0430\u0448\u0430 \u0434\u0438\u0430\u043c\u0435\u0442\u0440\u043e\u043c 20 \u0441\u043c \u043f\u043e\u0434\u0434\u0435\u0440\u0436\u0438\u0432\u0430\u0435\u0442 \u0442\u0435\u043c\u043f\u0435\u0440\u0430\u0442\u0443\u0440\u0443 \u0431\u043b\u044e\u0434 &nbsp;<\/p>","protected":false},"featured_media":0,"template":"","meta":[],"product_brand":[],"product_cat":[66],"product_tag":[],"class_list":{"0":"post-1354","1":"product","2":"type-product","3":"status-publish","5":"product_cat-lux-gourme-tooted","7":"first","8":"instock","9":"taxable","10":"shipping-taxable","11":"purchasable","12":"product-type-simple"},"yoast_head":"<!-- This site is optimized with the Yoast SEO plugin v25.8 - https:\/\/yoast.com\/wordpress\/plugins\/seo\/ -->\n<title>Lux Gourmet kauss 20cm : Lux Eesti O&Uuml;<\/title>\n<meta name=\"robots\" content=\"index, follow, max-snippet:-1, max-image-preview:large, max-video-preview:-1\" \/>\n<link rel=\"canonical\" href=\"https:\/\/luxeesti.ee\/ru\/product\/lux-gourmet-kauss-20cm\/\" \/>\n<meta property=\"og:locale\" content=\"ru_RU\" \/>\n<meta property=\"og:type\" content=\"article\" \/>\n<meta property=\"og:title\" content=\"Lux Gourmet kauss 20cm : Lux Eesti O&Uuml;\" \/>\n<meta property=\"og:description\" content=\"20cm l\u00e4bim\u00f5\u00f5duga termokauss s\u00e4ilitab teie toidu temperatuuri. &nbsp;\" \/>\n<meta property=\"og:url\" content=\"https:\/\/luxeesti.ee\/ru\/product\/lux-gourmet-kauss-20cm\/\" \/>\n<meta property=\"og:site_name\" content=\"Lux Eesti O&Uuml;\" \/>\n<meta property=\"article:publisher\" content=\"https:\/\/www.facebook.com\/luxeesti\/\" \/>\n<meta property=\"article:modified_time\" content=\"2025-01-20T13:48:41+00:00\" \/>\n<meta name=\"twitter:card\" content=\"summary_large_image\" \/>\n<meta name=\"twitter:label1\" content=\"\u041f\u0440\u0438\u043c\u0435\u0440\u043d\u043e\u0435 \u0432\u0440\u0435\u043c\u044f \u0434\u043b\u044f \u0447\u0442\u0435\u043d\u0438\u044f\" \/>\n\t<meta name=\"twitter:data1\" content=\"1 \u043c\u0438\u043d\u0443\u0442\u0430\" \/>\n<script type=\"application\/ld+json\" class=\"yoast-schema-graph\">{\"@context\":\"https:\/\/schema.org\",\"@graph\":[{\"@type\":[\"WebPage\",\"ItemPage\"],\"@id\":\"https:\/\/luxeesti.ee\/toode\/lux-gourmet-kauss-20cm\/\",\"url\":\"https:\/\/luxeesti.ee\/toode\/lux-gourmet-kauss-20cm\/\",\"name\":\"Lux Gourmet kauss 20cm : Lux Eesti O&Uuml;\",\"isPartOf\":{\"@id\":\"https:\/\/luxeesti.ee\/#website\"},\"datePublished\":\"2021-03-16T12:18:37+00:00\",\"dateModified\":\"2025-01-20T13:48:41+00:00\",\"breadcrumb\":{\"@id\":\"https:\/\/luxeesti.ee\/toode\/lux-gourmet-kauss-20cm\/#breadcrumb\"},\"inLanguage\":\"ru-RU\",\"potentialAction\":[{\"@type\":\"ReadAction\",\"target\":[\"https:\/\/luxeesti.ee\/toode\/lux-gourmet-kauss-20cm\/\"]}]},{\"@type\":\"BreadcrumbList\",\"@id\":\"https:\/\/luxeesti.ee\/toode\/lux-gourmet-kauss-20cm\/#breadcrumb\",\"itemListElement\":[{\"@type\":\"ListItem\",\"position\":1,\"name\":\"Home\",\"item\":\"https:\/\/luxeesti.ee\/\"},{\"@type\":\"ListItem\",\"position\":2,\"name\":\"Pood\",\"item\":\"https:\/\/luxeesti.ee\/pood\/\"},{\"@type\":\"ListItem\",\"position\":3,\"name\":\"Lux Gourmet kauss 20cm\"}]},{\"@type\":\"WebSite\",\"@id\":\"https:\/\/luxeesti.ee\/#website\",\"url\":\"https:\/\/luxeesti.ee\/\",\"name\":\"Lux Eesti O&Uuml;\",\"description\":\"Sinu tervisliku kodu partner\",\"publisher\":{\"@id\":\"https:\/\/luxeesti.ee\/#organization\"},\"potentialAction\":[{\"@type\":\"SearchAction\",\"target\":{\"@type\":\"EntryPoint\",\"urlTemplate\":\"https:\/\/luxeesti.ee\/?s={search_term_string}\"},\"query-input\":{\"@type\":\"PropertyValueSpecification\",\"valueRequired\":true,\"valueName\":\"search_term_string\"}}],\"inLanguage\":\"ru-RU\"},{\"@type\":\"Organization\",\"@id\":\"https:\/\/luxeesti.ee\/#organization\",\"name\":\"Lux Eesti\",\"url\":\"https:\/\/luxeesti.ee\/\",\"logo\":{\"@type\":\"ImageObject\",\"inLanguage\":\"ru-RU\",\"@id\":\"https:\/\/luxeesti.ee\/#\/schema\/logo\/image\/\",\"url\":\"https:\/\/luxeesti.ee\/wp-content\/uploads\/2020\/10\/lux-logo_text.png\",\"contentUrl\":\"https:\/\/luxeesti.ee\/wp-content\/uploads\/2020\/10\/lux-logo_text.png\",\"width\":900,\"height\":580,\"caption\":\"Lux Eesti\"},\"image\":{\"@id\":\"https:\/\/luxeesti.ee\/#\/schema\/logo\/image\/\"},\"sameAs\":[\"https:\/\/www.facebook.com\/luxeesti\/\"]}]}<\/script>\n<!-- \/ Yoast SEO plugin. -->","yoast_head_json":{"title":"Lux Gourmet kauss 20cm : Lux Eesti O&Uuml;","robots":{"index":"index","follow":"follow","max-snippet":"max-snippet:-1","max-image-preview":"max-image-preview:large","max-video-preview":"max-video-preview:-1"},"canonical":"https:\/\/luxeesti.ee\/ru\/product\/lux-gourmet-kauss-20cm\/","og_locale":"ru_RU","og_type":"article","og_title":"Lux Gourmet kauss 20cm : Lux Eesti O&Uuml;","og_description":"20cm l\u00e4bim\u00f5\u00f5duga termokauss s\u00e4ilitab teie toidu temperatuuri. &nbsp;","og_url":"https:\/\/luxeesti.ee\/ru\/product\/lux-gourmet-kauss-20cm\/","og_site_name":"Lux Eesti O&Uuml;","article_publisher":"https:\/\/www.facebook.com\/luxeesti\/","article_modified_time":"2025-01-20T13:48:41+00:00","twitter_card":"summary_large_image","twitter_misc":{"\u041f\u0440\u0438\u043c\u0435\u0440\u043d\u043e\u0435 \u0432\u0440\u0435\u043c\u044f \u0434\u043b\u044f \u0447\u0442\u0435\u043d\u0438\u044f":"1 \u043c\u0438\u043d\u0443\u0442\u0430"},"schema":{"@context":"https:\/\/schema.org","@graph":[{"@type":["WebPage","ItemPage"],"@id":"https:\/\/luxeesti.ee\/toode\/lux-gourmet-kauss-20cm\/","url":"https:\/\/luxeesti.ee\/toode\/lux-gourmet-kauss-20cm\/","name":"Lux Gourmet kauss 20cm : Lux Eesti O&Uuml;","isPartOf":{"@id":"https:\/\/luxeesti.ee\/#website"},"datePublished":"2021-03-16T12:18:37+00:00","dateModified":"2025-01-20T13:48:41+00:00","breadcrumb":{"@id":"https:\/\/luxeesti.ee\/toode\/lux-gourmet-kauss-20cm\/#breadcrumb"},"inLanguage":"ru-RU","potentialAction":[{"@type":"ReadAction","target":["https:\/\/luxeesti.ee\/toode\/lux-gourmet-kauss-20cm\/"]}]},{"@type":"BreadcrumbList","@id":"https:\/\/luxeesti.ee\/toode\/lux-gourmet-kauss-20cm\/#breadcrumb","itemListElement":[{"@type":"ListItem","position":1,"name":"Home","item":"https:\/\/luxeesti.ee\/"},{"@type":"ListItem","position":2,"name":"Pood","item":"https:\/\/luxeesti.ee\/pood\/"},{"@type":"ListItem","position":3,"name":"Lux Gourmet kauss 20cm"}]},{"@type":"WebSite","@id":"https:\/\/luxeesti.ee\/#website","url":"https:\/\/luxeesti.ee\/","name":"Lux Eesti O&Uuml;","description":"Sinu tervisliku kodu partner","publisher":{"@id":"https:\/\/luxeesti.ee\/#organization"},"potentialAction":[{"@type":"SearchAction","target":{"@type":"EntryPoint","urlTemplate":"https:\/\/luxeesti.ee\/?s={search_term_string}"},"query-input":{"@type":"PropertyValueSpecification","valueRequired":true,"valueName":"search_term_string"}}],"inLanguage":"ru-RU"},{"@type":"Organization","@id":"https:\/\/luxeesti.ee\/#organization","name":"Lux Eesti","url":"https:\/\/luxeesti.ee\/","logo":{"@type":"ImageObject","inLanguage":"ru-RU","@id":"https:\/\/luxeesti.ee\/#\/schema\/logo\/image\/","url":"https:\/\/luxeesti.ee\/wp-content\/uploads\/2020\/10\/lux-logo_text.png","contentUrl":"https:\/\/luxeesti.ee\/wp-content\/uploads\/2020\/10\/lux-logo_text.png","width":900,"height":580,"caption":"Lux Eesti"},"image":{"@id":"https:\/\/luxeesti.ee\/#\/schema\/logo\/image\/"},"sameAs":["https:\/\/www.facebook.com\/luxeesti\/"]}]}},"_links":{"self":[{"href":"https:\/\/luxeesti.ee\/ru\/wp-json\/wp\/v2\/product\/1354","targetHints":{"allow":["GET"]}}],"collection":[{"href":"https:\/\/luxeesti.ee\/ru\/wp-json\/wp\/v2\/product"}],"about":[{"href":"https:\/\/luxeesti.ee\/ru\/wp-json\/wp\/v2\/types\/product"}],"wp:attachment":[{"href":"https:\/\/luxeesti.ee\/ru\/wp-json\/wp\/v2\/media?parent=1354"}],"wp:term":[{"taxonomy":"product_brand","embeddable":true,"href":"https:\/\/luxeesti.ee\/ru\/wp-json\/wp\/v2\/product_brand?post=1354"},{"taxonomy":"product_cat","embeddable":true,"href":"https:\/\/luxeesti.ee\/ru\/wp-json\/wp\/v2\/product_cat?post=1354"},{"taxonomy":"product_tag","embeddable":true,"href":"https:\/\/luxeesti.ee\/ru\/wp-json\/wp\/v2\/product_tag?post=1354"}],"curies":[{"name":"wp","href":"https:\/\/api.w.org\/{rel}","templated":true}]}}