{"id":477,"date":"2020-10-28T16:18:54","date_gmt":"2020-10-28T14:18:54","guid":{"rendered":"https:\/\/luxeesti.ee\/?page_id=477"},"modified":"2020-10-31T19:35:27","modified_gmt":"2020-10-31T17:35:27","slug":"visioon-ja-missioon","status":"publish","type":"page","link":"https:\/\/luxeesti.ee\/ru\/visioon-ja-missioon\/","title":{"rendered":"\u0412\u0438\u0434\u0435\u043d\u0438\u0435 \u0438 \u043c\u0438\u0441\u0441\u0438\u044f"},"content":{"rendered":"<div data-elementor-type=\"wp-page\" data-elementor-id=\"477\" class=\"elementor elementor-477\">\n\t\t\t\t\t\t<section class=\"elementor-section elementor-top-section elementor-element elementor-element-a8efbbf elementor-section-boxed elementor-section-height-default elementor-section-height-default\" data-id=\"a8efbbf\" data-element_type=\"section\">\n\t\t\t\t\t\t<div class=\"elementor-container elementor-column-gap-default\">\n\t\t\t\t\t<div class=\"elementor-column elementor-col-100 elementor-top-column elementor-element elementor-element-24faff53\" data-id=\"24faff53\" data-element_type=\"column\">\n\t\t\t<div class=\"elementor-widget-wrap elementor-element-populated\">\n\t\t\t\t\t\t<div class=\"elementor-element elementor-element-646cdb1e elementor-widget elementor-widget-text-editor\" data-id=\"646cdb1e\" data-element_type=\"widget\" data-widget_type=\"text-editor.default\">\n\t\t\t\t<div class=\"elementor-widget-container\">\n\t\t\t\t\t\t\t\t\t\n<p>\u041c\u044b \u0443\u043b\u0443\u0447\u0448\u0430\u0435\u043c \u043a\u0430\u0447\u0435\u0441\u0442\u0432\u043e \u0436\u0438\u0437\u043d\u0438 \u043b\u044e\u0434\u0435\u0439 \u0432\u043e \u0432\u0441\u0435\u043c \u043c\u0438\u0440\u0435, \u0431\u043b\u0430\u0433\u043e\u0434\u0430\u0440\u044f \u0438\u043d\u043d\u043e\u0432\u0430\u0446\u0438\u043e\u043d\u043d\u044b\u043c \u0440\u0435\u0448\u0435\u043d\u0438\u044f\u043c \u0432 \u0441\u0444\u0435\u0440\u0435 \u043e\u0447\u0438\u0449\u0435\u043d\u0438\u044f \u0432\u043e\u0437\u0434\u0443\u0445\u0430, \u0432\u043e\u0434\u044b \u0438 \u0443\u043b\u0443\u0447\u0448\u0435\u043d\u0438\u044f \u043a\u0430\u0447\u0435\u0441\u0442\u0432\u0430 \u0436\u0438\u0437\u043d\u0438 \u0432\u043d\u0443\u0442\u0440\u0435\u043d\u043d\u0435\u0439 \u0441\u0440\u0435\u0434\u044b.<\/p>\n\n\n\n<p><\/p>\n\t\t\t\t\t\t\t\t<\/div>\n\t\t\t\t<\/div>\n\t\t\t\t\t<\/div>\n\t\t<\/div>\n\t\t\t\t\t<\/div>\n\t\t<\/section>\n\t\t\t\t<section class=\"elementor-section elementor-top-section elementor-element elementor-element-369df43 elementor-section-boxed elementor-section-height-default elementor-section-height-default\" data-id=\"369df43\" data-element_type=\"section\">\n\t\t\t\t\t\t<div class=\"elementor-container elementor-column-gap-default\">\n\t\t\t\t\t<div class=\"elementor-column elementor-col-100 elementor-top-column elementor-element elementor-element-82c215d\" data-id=\"82c215d\" data-element_type=\"column\">\n\t\t\t<div class=\"elementor-widget-wrap elementor-element-populated\">\n\t\t\t\t\t\t<div class=\"elementor-element elementor-element-173f1bb elementor-widget elementor-widget-heading\" data-id=\"173f1bb\" data-element_type=\"widget\" data-widget_type=\"heading.default\">\n\t\t\t\t<div class=\"elementor-widget-container\">\n\t\t\t\t\t<h2 class=\"elementor-heading-title elementor-size-default\">\u041e\u0421\u041d\u041e\u0412\u041d\u042b\u0415 \u0426\u0415\u041d\u041d\u041e\u0421\u0422\u0418<\/h2>\t\t\t\t<\/div>\n\t\t\t\t<\/div>\n\t\t\t\t\t<\/div>\n\t\t<\/div>\n\t\t\t\t\t<\/div>\n\t\t<\/section>\n\t\t\t\t<section class=\"elementor-section elementor-top-section elementor-element elementor-element-cbfedf6 elementor-section-boxed elementor-section-height-default elementor-section-height-default\" data-id=\"cbfedf6\" data-element_type=\"section\">\n\t\t\t\t\t\t<div class=\"elementor-container elementor-column-gap-default\">\n\t\t\t\t\t<div class=\"elementor-column elementor-col-33 elementor-top-column elementor-element elementor-element-c7842ff\" data-id=\"c7842ff\" data-element_type=\"column\" data-settings=\"{&quot;background_background&quot;:&quot;classic&quot;}\">\n\t\t\t<div class=\"elementor-widget-wrap elementor-element-populated\">\n\t\t\t\t\t\t<div class=\"elementor-element elementor-element-393fd7f elementor-widget elementor-widget-heading\" data-id=\"393fd7f\" data-element_type=\"widget\" data-widget_type=\"heading.default\">\n\t\t\t\t<div class=\"elementor-widget-container\">\n\t\t\t\t\t<h3 class=\"elementor-heading-title elementor-size-default\">\u042d\u041a\u041e\u041b\u041e\u0413\u0418\u0427\u0415\u0421\u041a\u0418\u0415 \u0426\u0415\u041d\u041d\u041e\u0421\u0422\u0418 \"LUX\" <\/h3>\t\t\t\t<\/div>\n\t\t\t\t<\/div>\n\t\t\t\t<div class=\"elementor-element elementor-element-52dad8d elementor-widget elementor-widget-text-editor\" data-id=\"52dad8d\" data-element_type=\"widget\" data-widget_type=\"text-editor.default\">\n\t\t\t\t<div class=\"elementor-widget-container\">\n\t\t\t\t\t\t\t\t\t<h4><strong>\u0414\u043e\u043b\u0433\u043e\u0432\u0435\u0447\u043d\u043e\u0441\u0442\u044c<\/strong><\/h4>\n<p>\u041c\u044b \u043f\u0440\u0435\u0434\u043b\u0430\u0433\u0430\u0435\u043c \u0434\u043e\u043b\u0433\u043e\u0432\u0435\u0447\u043d\u044b\u0435 \u043f\u0440\u043e\u0434\u0443\u043a\u0442\u044b \u0441 \u0432\u044b\u0441\u043e\u043a\u043e\u0439 \u044d\u043d\u0435\u0440\u0433\u0435\u0442\u0438\u0447\u0435\u0441\u043a\u043e\u0439 \u044d\u0444\u0444\u0435\u043a\u0442\u0438\u0432\u043d\u043e\u0441\u0442\u044c\u044e.<\/p>\n<h4><strong>\u0412\u043a\u043b\u0430\u0434<\/strong><\/h4>\n<p>\u041c\u044b \u043f\u0440\u0435\u0434\u043b\u0430\u0433\u0430\u0435\u043c \u0437\u0434\u043e\u0440\u043e\u0432\u0443\u044e \u0432\u043e\u0434\u0443, \u0432\u043e\u0437\u0434\u0443\u0445 \u0438 \u0441\u0440\u0435\u0434\u0443 \u043f\u0440\u043e\u0436\u0438\u0432\u0430\u043d\u0438\u044f \u0434\u043b\u044f \u043c\u0438\u043b\u043b\u0438\u043e\u043d\u043e\u0432 \u043b\u044e\u0434\u0435\u0439 \u0432\u043e \u0432\u0441\u0435\u043c \u043c\u0438\u0440\u0435.<\/p>\n<h4><strong>\u0421\u043e\u0437\u0434\u0430\u043d\u0438\u0435 \u0440\u0430\u0431\u043e\u0447\u0438\u0445 \u043c\u0435\u0441\u0442<\/strong><\/h4>\n<p>\u041c\u044b \u043f\u0440\u0435\u0434\u043e\u0441\u0442\u0430\u0432\u043b\u044f\u0435\u043c \u043f\u0440\u0438\u0432\u043b\u0435\u043a\u0430\u0442\u0435\u043b\u044c\u043d\u044b\u0435 \u0440\u0430\u0431\u043e\u0447\u0438\u0435 \u043c\u0435\u0441\u0442\u0430 \u043c\u0435\u0441\u0442\u043d\u044b\u043c \u0441\u043e\u043e\u0431\u0449\u0435\u0441\u0442\u0432\u0430\u043c \u043f\u043e \u0432\u0441\u0435\u043c\u0443 \u043c\u0438\u0440\u0443.<\/p>\t\t\t\t\t\t\t\t<\/div>\n\t\t\t\t<\/div>\n\t\t\t\t\t<\/div>\n\t\t<\/div>\n\t\t\t\t<div class=\"elementor-column elementor-col-33 elementor-top-column elementor-element elementor-element-c7dca9f\" data-id=\"c7dca9f\" data-element_type=\"column\">\n\t\t\t<div class=\"elementor-widget-wrap elementor-element-populated\">\n\t\t\t\t\t\t<div class=\"elementor-element elementor-element-49e9d6c elementor-widget elementor-widget-heading\" data-id=\"49e9d6c\" data-element_type=\"widget\" data-widget_type=\"heading.default\">\n\t\t\t\t<div class=\"elementor-widget-container\">\n\t\t\t\t\t<h3 class=\"elementor-heading-title elementor-size-default\">\u0421\u041b\u0423\u0416\u0415\u0411\u041d\u042b\u0415 \u0426\u0415\u041d\u041d\u041e\u0421\u0422\u0418 \"LUX\"<\/h3>\t\t\t\t<\/div>\n\t\t\t\t<\/div>\n\t\t\t\t<div class=\"elementor-element elementor-element-40d2fd1 elementor-widget elementor-widget-text-editor\" data-id=\"40d2fd1\" data-element_type=\"widget\" data-widget_type=\"text-editor.default\">\n\t\t\t\t<div class=\"elementor-widget-container\">\n\t\t\t\t\t\t\t\t\t<h4><strong>\u041b\u044e\u0434\u0438 - \u043d\u0430 \u043f\u0435\u0440\u0432\u043e\u043c \u043c\u0435\u0441\u0442\u0435<\/strong><\/h4>\n<p>\u0414\u043b\u044f \u043d\u0430\u0441 \u043b\u044e\u0434\u0438 - \u043d\u0430 \u043f\u0435\u0440\u0432\u043e\u043c \u043c\u0435\u0441\u0442\u0435, \u0438 \u043c\u044b \u0445\u043e\u0442\u0438\u043c \u0432\u0438\u0434\u0435\u0442\u044c \u0438\u0445 \u0440\u0430\u0437\u0432\u0438\u0442\u0438\u0435.\u00a0<\/p>\n<h4><strong>\u041f\u0430\u0440\u0442\u043d\u0435\u0440\u0441\u0442\u0432\u043e<\/strong><\/h4>\n<p>\u041c\u044b - \u043e\u0434\u043d\u0430 \u043a\u043e\u043c\u0430\u043d\u0434\u0430, \u043f\u0440\u0435\u0434\u043b\u0430\u0433\u0430\u044e\u0449\u0430\u044f \u043c\u043e\u0442\u0438\u0432\u0438\u0440\u0443\u044e\u0449\u0435\u0435 \u0438 \u0438\u043d\u0442\u0435\u0440\u0435\u0441\u043d\u043e\u0435 \u0440\u0430\u0431\u043e\u0447\u0435\u0435 \u043c\u0435\u0441\u0442\u043e.<\/p>\n<h4><strong>\u0412\u044b\u043f\u043e\u043b\u043d\u0435\u043d\u0438\u0435 \u0440\u0430\u0431\u043e\u0442\u044b<\/strong><\/h4>\n<p>\u041c\u044b \u0434\u043e\u0441\u0442\u0438\u0433\u0430\u0435\u043c \u0441\u043e\u0432\u043c\u0435\u0441\u0442\u043d\u043e \u043f\u043e\u0441\u0442\u0430\u0432\u043b\u0435\u043d\u043d\u044b\u0445 \u0446\u0435\u043b\u0435\u0439, \u0440\u0435\u0437\u0443\u043b\u044c\u0442\u0430\u0442\u043e\u0432 \u0438 \u043d\u0430\u0433\u0440\u0430\u0436\u0434\u0430\u0435\u043c \u0437\u0430 \u0442\u0440\u0443\u0434.<\/p>\n<h4><strong>\u0420\u0430\u0432\u043d\u044b\u0435 \u0432\u043e\u0437\u043c\u043e\u0436\u043d\u043e\u0441\u0442\u0438<\/strong><\/h4>\n<p>\u041c\u044b \u043f\u0440\u0435\u0434\u043b\u0430\u0433\u0430\u0435\u043c \u043f\u0440\u0438\u0432\u043b\u0435\u043a\u0430\u0442\u0435\u043b\u044c\u043d\u044b\u0435 \u0432\u043e\u0437\u043c\u043e\u0436\u043d\u043e\u0441\u0442\u0438 \u0434\u043b\u044f \u043a\u0430\u0440\u044c\u0435\u0440\u043d\u043e\u0433\u043e \u0440\u043e\u0441\u0442\u0430 \u0438 \u0434\u043e\u0445\u043e\u0434\u0430 \u0434\u043b\u044f \u0432\u0441\u0435\u0445 \u043f\u0430\u0440\u0442\u043d\u0435\u0440\u043e\u0432 \"Lux\".<\/p>\n<h4><strong>\u041e\u043a\u0440\u0443\u0436\u0435\u043d\u0438\u0435<\/strong><\/h4>\n<p>\u041c\u044b \u0434\u0430\u0435\u043c \u043d\u0430\u0448\u0438\u043c \u043b\u044e\u0434\u044f\u043c \u0441\u0432\u043e\u0431\u043e\u0434\u0443 \u043f\u0440\u0438\u043d\u0438\u043c\u0430\u0442\u044c \u0440\u0435\u0448\u0435\u043d\u0438\u044f \u0432 \u0441\u043e\u043e\u0442\u0432\u0435\u0442\u0441\u0442\u0432\u0438\u0438 \u0441 \u043d\u0430\u0448\u0435\u0439 \u043a\u0443\u043b\u044c\u0442\u0443\u0440\u043e\u0439 \u0438 \u0446\u0435\u043b\u044c\u044e.<\/p>\t\t\t\t\t\t\t\t<\/div>\n\t\t\t\t<\/div>\n\t\t\t\t\t<\/div>\n\t\t<\/div>\n\t\t\t\t<div class=\"elementor-column elementor-col-33 elementor-top-column elementor-element elementor-element-ff0991f\" data-id=\"ff0991f\" data-element_type=\"column\" data-settings=\"{&quot;background_background&quot;:&quot;classic&quot;}\">\n\t\t\t<div class=\"elementor-widget-wrap elementor-element-populated\">\n\t\t\t\t\t\t<div class=\"elementor-element elementor-element-8c27148 elementor-widget elementor-widget-heading\" data-id=\"8c27148\" data-element_type=\"widget\" data-widget_type=\"heading.default\">\n\t\t\t\t<div class=\"elementor-widget-container\">\n\t\t\t\t\t<h3 class=\"elementor-heading-title elementor-size-default\"> \u0426\u0415\u041d\u041d\u041e\u0421\u0422\u0418 \u041a\u041b\u0418\u0415\u041d\u0422\u041e\u0412 \"LUX\" <\/h3>\t\t\t\t<\/div>\n\t\t\t\t<\/div>\n\t\t\t\t<div class=\"elementor-element elementor-element-db426c5 elementor-widget elementor-widget-text-editor\" data-id=\"db426c5\" data-element_type=\"widget\" data-widget_type=\"text-editor.default\">\n\t\t\t\t<div class=\"elementor-widget-container\">\n\t\t\t\t\t\t\t\t\t<h4><strong>\u0414\u043e\u0432\u0435\u0440\u0438\u0435\u00a0<\/strong><\/h4>\n<p>\u041c\u044b \u0432\u044b\u043f\u043e\u043b\u043d\u044f\u0435\u043c \u043e\u0431\u0435\u0449\u0430\u043d\u0438\u044f.<\/p>\n<h4><strong>\u041f\u043e\u043d\u0438\u043c\u0430\u043d\u0438\u0435<\/strong><\/h4>\n<p>\u041c\u044b \u043f\u043e\u043d\u0438\u043c\u0430\u0435\u043c \u043f\u043e\u0442\u0440\u0435\u0431\u043d\u043e\u0441\u0442\u0438 \u043d\u0430\u0448\u0438\u0445 \u043a\u043b\u0438\u0435\u043d\u0442\u043e\u0432.<\/p>\n<h4><strong>\u041f\u0440\u0435\u0432\u043e\u0441\u0445\u043e\u0434\u0441\u0442\u0432\u043e<\/strong><\/h4>\n<p>\u041c\u044b \u043f\u0440\u0435\u0434\u043b\u0430\u0433\u0430\u0435\u043c \u043d\u0430\u0438\u043b\u0443\u0447\u0448\u0438\u0435 \u0440\u0435\u0448\u0435\u043d\u0438\u044f.<\/p>\n<h4><strong>\u0427\u0435\u0441\u0442\u043d\u043e\u0441\u0442\u044c<\/strong><\/h4>\n<p>\u041c\u044b \u043f\u0440\u0435\u0434\u043b\u0430\u0433\u0430\u0435\u043c \u043d\u0430\u0438\u043b\u0443\u0447\u0448\u0438\u0435 \u0440\u0435\u0448\u0435\u043d\u0438\u044f.<\/p>\n<h4><strong>\u0427\u0435\u0441\u0442\u043d\u043e\u0441\u0442\u044c<\/strong><\/h4>\n<p>\u041c\u044b \u0433\u043e\u0432\u043e\u0440\u0438\u043c \u043f\u0440\u0430\u0432\u0434\u0443.<\/p>\n<h4><strong>\u0418\u043d\u0434\u0438\u0432\u0438\u0434\u0443\u0430\u043b\u044c\u043d\u044b\u0439 \u043f\u043e\u0434\u0445\u043e\u0434<\/strong><\/h4>\n<p>\u041c\u044b \u043f\u0440\u0435\u0434\u043b\u0430\u0433\u0430\u0435\u043c \u043e\u043f\u044b\u0442 \u043e\u0431\u0441\u043b\u0443\u0436\u0438\u0432\u0430\u043d\u0438\u044f \u043a\u043b\u0438\u0435\u043d\u0442\u043e\u0432 \u0441 \u0438\u043d\u0434\u0438\u0432\u0438\u0434\u0443\u0430\u043b\u044c\u043d\u044b\u043c \u043f\u043e\u0434\u0445\u043e\u0434\u043e\u043c.<\/p>\t\t\t\t\t\t\t\t<\/div>\n\t\t\t\t<\/div>\n\t\t\t\t\t<\/div>\n\t\t<\/div>\n\t\t\t\t\t<\/div>\n\t\t<\/section>\n\t\t\t\t<\/div>","protected":false},"excerpt":{"rendered":"<p>Uuenduslike lahenduste abil parandada inimese tervist, elukvaliteeti ja tagada puhas siseruumide kliima. Meie seadmed tagavad puhta kodu, -vee ja -sise\u00f5hu. P\u00f5hiv\u00e4\u00e4rtused LUX \u00dcHISKONNAV\u00c4\u00c4RTUSED Vastupidavus Pakume kauakestvaid tooteid, millel on k\u00f5rge energiat\u00f5husus. M\u00f5ju Pakume tervislikku vett, -\u00f5hku ja -elukeskkonda miljonitele inimestele kogu maailmas. T\u00f6\u00f6kohtade loomine Pakume atraktiivseid t\u00f6\u00f6v\u00f5imalusi kogu maailmas. LUX KARJ\u00c4\u00c4RIV\u00d5IMALUSED Inimesed esimesena Meie jaoks [&hellip;]<\/p>","protected":false},"author":2,"featured_media":0,"parent":0,"menu_order":0,"comment_status":"closed","ping_status":"closed","template":"","meta":{"footnotes":""},"class_list":["post-477","page","type-page","status-publish","hentry"],"yoast_head":"<!-- This site is optimized with the Yoast SEO plugin v25.8 - https:\/\/yoast.com\/wordpress\/plugins\/seo\/ -->\n<title>Lux visioon, missioon ja p\u00f5hiv\u00e4\u00e4rtused : Lux Eesti O&Uuml;<\/title>\n<meta name=\"description\" content=\"Uuenduslike lahenduste abil parandada inimese tervist, elukvaliteeti ja tagada puhas siseruumide kliima. Meie seadmed tagavad puhta ...\" \/>\n<meta name=\"robots\" content=\"index, follow, max-snippet:-1, max-image-preview:large, max-video-preview:-1\" \/>\n<link rel=\"canonical\" href=\"https:\/\/luxeesti.ee\/ru\/visioon-ja-missioon\/\" \/>\n<meta property=\"og:locale\" content=\"ru_RU\" \/>\n<meta property=\"og:type\" content=\"article\" \/>\n<meta property=\"og:title\" content=\"Lux visioon, missioon ja p\u00f5hiv\u00e4\u00e4rtused : Lux Eesti O&Uuml;\" \/>\n<meta property=\"og:description\" content=\"Uuenduslike lahenduste abil parandada inimese tervist, elukvaliteeti ja tagada puhas siseruumide kliima. Meie seadmed tagavad puhta ...\" \/>\n<meta property=\"og:url\" content=\"https:\/\/luxeesti.ee\/ru\/visioon-ja-missioon\/\" \/>\n<meta property=\"og:site_name\" content=\"Lux Eesti O&Uuml;\" \/>\n<meta property=\"article:publisher\" content=\"https:\/\/www.facebook.com\/luxeesti\/\" \/>\n<meta property=\"article:modified_time\" content=\"2020-10-31T17:35:27+00:00\" \/>\n<meta name=\"twitter:card\" content=\"summary_large_image\" \/>\n<meta name=\"twitter:label1\" content=\"\u041f\u0440\u0438\u043c\u0435\u0440\u043d\u043e\u0435 \u0432\u0440\u0435\u043c\u044f \u0434\u043b\u044f \u0447\u0442\u0435\u043d\u0438\u044f\" \/>\n\t<meta name=\"twitter:data1\" content=\"1 \u043c\u0438\u043d\u0443\u0442\u0430\" \/>\n<script type=\"application\/ld+json\" class=\"yoast-schema-graph\">{\"@context\":\"https:\/\/schema.org\",\"@graph\":[{\"@type\":\"WebPage\",\"@id\":\"https:\/\/luxeesti.ee\/visioon-ja-missioon\/\",\"url\":\"https:\/\/luxeesti.ee\/visioon-ja-missioon\/\",\"name\":\"Lux visioon, missioon ja p\u00f5hiv\u00e4\u00e4rtused : Lux Eesti O&Uuml;\",\"isPartOf\":{\"@id\":\"https:\/\/luxeesti.ee\/#website\"},\"datePublished\":\"2020-10-28T14:18:54+00:00\",\"dateModified\":\"2020-10-31T17:35:27+00:00\",\"description\":\"Uuenduslike lahenduste abil parandada inimese tervist, elukvaliteeti ja tagada puhas siseruumide kliima. Meie seadmed tagavad puhta ...\",\"breadcrumb\":{\"@id\":\"https:\/\/luxeesti.ee\/visioon-ja-missioon\/#breadcrumb\"},\"inLanguage\":\"ru-RU\",\"potentialAction\":[{\"@type\":\"ReadAction\",\"target\":[\"https:\/\/luxeesti.ee\/visioon-ja-missioon\/\"]}]},{\"@type\":\"BreadcrumbList\",\"@id\":\"https:\/\/luxeesti.ee\/visioon-ja-missioon\/#breadcrumb\",\"itemListElement\":[{\"@type\":\"ListItem\",\"position\":1,\"name\":\"Home\",\"item\":\"https:\/\/luxeesti.ee\/\"},{\"@type\":\"ListItem\",\"position\":2,\"name\":\"Visioon ja missioon\"}]},{\"@type\":\"WebSite\",\"@id\":\"https:\/\/luxeesti.ee\/#website\",\"url\":\"https:\/\/luxeesti.ee\/\",\"name\":\"Lux Eesti O&Uuml;\",\"description\":\"Sinu tervisliku kodu partner\",\"publisher\":{\"@id\":\"https:\/\/luxeesti.ee\/#organization\"},\"potentialAction\":[{\"@type\":\"SearchAction\",\"target\":{\"@type\":\"EntryPoint\",\"urlTemplate\":\"https:\/\/luxeesti.ee\/?s={search_term_string}\"},\"query-input\":{\"@type\":\"PropertyValueSpecification\",\"valueRequired\":true,\"valueName\":\"search_term_string\"}}],\"inLanguage\":\"ru-RU\"},{\"@type\":\"Organization\",\"@id\":\"https:\/\/luxeesti.ee\/#organization\",\"name\":\"Lux Eesti\",\"url\":\"https:\/\/luxeesti.ee\/\",\"logo\":{\"@type\":\"ImageObject\",\"inLanguage\":\"ru-RU\",\"@id\":\"https:\/\/luxeesti.ee\/#\/schema\/logo\/image\/\",\"url\":\"https:\/\/luxeesti.ee\/wp-content\/uploads\/2020\/10\/lux-logo_text.png\",\"contentUrl\":\"https:\/\/luxeesti.ee\/wp-content\/uploads\/2020\/10\/lux-logo_text.png\",\"width\":900,\"height\":580,\"caption\":\"Lux Eesti\"},\"image\":{\"@id\":\"https:\/\/luxeesti.ee\/#\/schema\/logo\/image\/\"},\"sameAs\":[\"https:\/\/www.facebook.com\/luxeesti\/\"]}]}<\/script>\n<!-- \/ Yoast SEO plugin. -->","yoast_head_json":{"title":"Lux visioon, missioon ja p\u00f5hiv\u00e4\u00e4rtused : Lux Eesti O&Uuml;","description":"Uuenduslike lahenduste abil parandada inimese tervist, elukvaliteeti ja tagada puhas siseruumide kliima. Meie seadmed tagavad puhta ...","robots":{"index":"index","follow":"follow","max-snippet":"max-snippet:-1","max-image-preview":"max-image-preview:large","max-video-preview":"max-video-preview:-1"},"canonical":"https:\/\/luxeesti.ee\/ru\/visioon-ja-missioon\/","og_locale":"ru_RU","og_type":"article","og_title":"Lux visioon, missioon ja p\u00f5hiv\u00e4\u00e4rtused : Lux Eesti O&Uuml;","og_description":"Uuenduslike lahenduste abil parandada inimese tervist, elukvaliteeti ja tagada puhas siseruumide kliima. Meie seadmed tagavad puhta ...","og_url":"https:\/\/luxeesti.ee\/ru\/visioon-ja-missioon\/","og_site_name":"Lux Eesti O&Uuml;","article_publisher":"https:\/\/www.facebook.com\/luxeesti\/","article_modified_time":"2020-10-31T17:35:27+00:00","twitter_card":"summary_large_image","twitter_misc":{"\u041f\u0440\u0438\u043c\u0435\u0440\u043d\u043e\u0435 \u0432\u0440\u0435\u043c\u044f \u0434\u043b\u044f \u0447\u0442\u0435\u043d\u0438\u044f":"1 \u043c\u0438\u043d\u0443\u0442\u0430"},"schema":{"@context":"https:\/\/schema.org","@graph":[{"@type":"WebPage","@id":"https:\/\/luxeesti.ee\/visioon-ja-missioon\/","url":"https:\/\/luxeesti.ee\/visioon-ja-missioon\/","name":"Lux visioon, missioon ja p\u00f5hiv\u00e4\u00e4rtused : Lux Eesti O&Uuml;","isPartOf":{"@id":"https:\/\/luxeesti.ee\/#website"},"datePublished":"2020-10-28T14:18:54+00:00","dateModified":"2020-10-31T17:35:27+00:00","description":"Uuenduslike lahenduste abil parandada inimese tervist, elukvaliteeti ja tagada puhas siseruumide kliima. Meie seadmed tagavad puhta ...","breadcrumb":{"@id":"https:\/\/luxeesti.ee\/visioon-ja-missioon\/#breadcrumb"},"inLanguage":"ru-RU","potentialAction":[{"@type":"ReadAction","target":["https:\/\/luxeesti.ee\/visioon-ja-missioon\/"]}]},{"@type":"BreadcrumbList","@id":"https:\/\/luxeesti.ee\/visioon-ja-missioon\/#breadcrumb","itemListElement":[{"@type":"ListItem","position":1,"name":"Home","item":"https:\/\/luxeesti.ee\/"},{"@type":"ListItem","position":2,"name":"Visioon ja missioon"}]},{"@type":"WebSite","@id":"https:\/\/luxeesti.ee\/#website","url":"https:\/\/luxeesti.ee\/","name":"Lux Eesti O&Uuml;","description":"Sinu tervisliku kodu partner","publisher":{"@id":"https:\/\/luxeesti.ee\/#organization"},"potentialAction":[{"@type":"SearchAction","target":{"@type":"EntryPoint","urlTemplate":"https:\/\/luxeesti.ee\/?s={search_term_string}"},"query-input":{"@type":"PropertyValueSpecification","valueRequired":true,"valueName":"search_term_string"}}],"inLanguage":"ru-RU"},{"@type":"Organization","@id":"https:\/\/luxeesti.ee\/#organization","name":"Lux Eesti","url":"https:\/\/luxeesti.ee\/","logo":{"@type":"ImageObject","inLanguage":"ru-RU","@id":"https:\/\/luxeesti.ee\/#\/schema\/logo\/image\/","url":"https:\/\/luxeesti.ee\/wp-content\/uploads\/2020\/10\/lux-logo_text.png","contentUrl":"https:\/\/luxeesti.ee\/wp-content\/uploads\/2020\/10\/lux-logo_text.png","width":900,"height":580,"caption":"Lux Eesti"},"image":{"@id":"https:\/\/luxeesti.ee\/#\/schema\/logo\/image\/"},"sameAs":["https:\/\/www.facebook.com\/luxeesti\/"]}]}},"_links":{"self":[{"href":"https:\/\/luxeesti.ee\/ru\/wp-json\/wp\/v2\/pages\/477","targetHints":{"allow":["GET"]}}],"collection":[{"href":"https:\/\/luxeesti.ee\/ru\/wp-json\/wp\/v2\/pages"}],"about":[{"href":"https:\/\/luxeesti.ee\/ru\/wp-json\/wp\/v2\/types\/page"}],"author":[{"embeddable":true,"href":"https:\/\/luxeesti.ee\/ru\/wp-json\/wp\/v2\/users\/2"}],"replies":[{"embeddable":true,"href":"https:\/\/luxeesti.ee\/ru\/wp-json\/wp\/v2\/comments?post=477"}],"version-history":[{"count":5,"href":"https:\/\/luxeesti.ee\/ru\/wp-json\/wp\/v2\/pages\/477\/revisions"}],"predecessor-version":[{"id":607,"href":"https:\/\/luxeesti.ee\/ru\/wp-json\/wp\/v2\/pages\/477\/revisions\/607"}],"wp:attachment":[{"href":"https:\/\/luxeesti.ee\/ru\/wp-json\/wp\/v2\/media?parent=477"}],"curies":[{"name":"wp","href":"https:\/\/api.w.org\/{rel}","templated":true}]}}