{"id":576,"date":"2020-10-31T01:05:39","date_gmt":"2020-10-30T23:05:39","guid":{"rendered":"https:\/\/luxeesti.ee\/?post_type=product&#038;p=576"},"modified":"2024-01-02T10:28:37","modified_gmt":"2024-01-02T08:28:37","slug":"universaalne-tavaotsik","status":"publish","type":"product","link":"http:\/\/luxeesti.ee\/ru\/product\/universaalne-tavaotsik\/","title":{"rendered":"\u0423\u043d\u0438\u0432\u0435\u0440\u0441\u0430\u043b\u044c\u043d\u0430\u044f \u043d\u0430\u0441\u0430\u0434\u043a\u0430"},"content":{"rendered":"<p>\u0423\u043d\u0438\u0432\u0435\u0440\u0441\u0430\u043b\u044c\u043d\u0430\u044f \u043d\u0430\u0441\u0430\u0434\u043a\u0430 \u0430\u0432\u0442\u043e\u043c\u0430\u0442\u0438\u0447\u0435\u0441\u043a\u0438 \u043f\u0440\u0438\u0441\u043f\u043e\u0441\u0430\u0431\u043b\u0438\u0432\u0430\u0435\u0442 \u043e\u0431\u043e\u0434 \u0449\u0435\u0442\u043a\u0438 \u043a \u043f\u043e\u0432\u0435\u0440\u0445\u043d\u043e\u0441\u0442\u0438 \u043f\u043e\u043b\u0430. \u0411\u043b\u0430\u0433\u043e\u0434\u0430\u0440\u044f \u0434\u0432\u043e\u0439\u043d\u043e\u043c\u0443 \u043f\u043e\u0432\u043e\u0440\u043e\u0442\u0443 \u043e\u043d\u0430 \u043d\u0435 \u0438\u043c\u0435\u0435\u0442 \u0441\u0435\u0431\u0435 \u0440\u0430\u0432\u043d\u044b\u0445 \u0432 \u0441\u0432\u043e\u0435\u0439 \u043c\u0430\u043d\u0435\u0432\u0440\u0435\u043d\u043d\u043e\u0441\u0442\u0438, \u0430 \u0442\u0430\u043a\u0436\u0435 \u0431\u0435\u0437 \u043f\u0440\u043e\u0431\u043b\u0435\u043c \u043e\u0447\u0438\u0449\u0430\u0435\u0442 \u043f\u043e\u0432\u0435\u0440\u0445\u043d\u043e\u0441\u0442\u044c \u043f\u043e\u0434 \u043c\u0435\u0431\u0435\u043b\u044c\u044e.<\/p>\n<p>\u0423\u043d\u0438\u0432\u0435\u0440\u0441\u0430\u043b\u044c\u043d\u0430\u044f \u0449\u0435\u0442\u043a\u0430 \"Autocomb\" \u0438\u0434\u0435\u0430\u043b\u044c\u043d\u043e \u043f\u043e\u0434\u0445\u043e\u0434\u0438\u0442 \u0434\u043b\u044f \u0447\u0438\u0441\u0442\u043a\u0438 \u043f\u043e\u043b\u043e\u0432. \u0418\u0441\u043f\u043e\u043b\u044c\u0437\u0443\u0439\u0442\u0435 \u0435\u0451 \u0432 \u0444\u0443\u043d\u043a\u0446\u0438\u0438 \"IPC\" \u0438 \u043d\u0430\u0441\u0430\u0434\u043a\u0430 \u0430\u0432\u0442\u043e\u043c\u0430\u0442\u0438\u0447\u0435\u0441\u043a\u0438 \u0431\u0443\u0434\u0435\u0442 \u043f\u0440\u0438\u0441\u043f\u043e\u0441\u0430\u0431\u043b\u0438\u0432\u0430\u0442\u044c\u0441\u044f \u043a \u0442\u0438\u043f\u0443 \u043f\u043e\u043b\u0430, \u043f\u043e\u0434\u043d\u0438\u043c\u0430\u044f \u0438 \u043e\u043f\u0443\u0441\u043a\u0430\u044f \u043a\u0438\u0441\u0442\u044c.<\/p>\n<p>\u0412\u044b \u043c\u043e\u0436\u0435\u0442\u0435 \u0432\u0440\u0443\u0447\u043d\u0443\u044e \u043e\u0442\u0440\u0435\u0433\u0443\u043b\u0438\u0440\u043e\u0432\u0430\u0442\u044c \u0444\u0443\u043d\u043a\u0446\u0438\u044e \u0436\u0435\u0441\u0442\u043a\u043e\u0433\u043e \u043f\u043e\u043b\u0430 \u0438\u043b\u0438 \u043a\u043e\u0432\u0440\u043e\u0432\u043e\u0433\u043e \u043f\u043e\u043a\u0440\u044b\u0442\u0438\u044f, \u0438\u0441\u043f\u043e\u043b\u044c\u0437\u0443\u044f \u0440\u0435\u0433\u0443\u043b\u044f\u0440\u043e\u0440 \u043d\u0430 \u0449\u0451\u0442\u043a\u0435 (\u0432\u0441\u0435\u0433\u0434\u0430 \u0438\u0441\u043f\u043e\u043b\u044c\u0437\u0443\u0439\u0442\u0435 \u043e\u0431\u0430 \u0440\u0435\u0433\u0443\u043b\u044f\u0442\u043e\u0440\u0430 \u043e\u0434\u043d\u043e\u0432\u0440\u0435\u043c\u0435\u043d\u043d\u043e \u043f\u0440\u0438 \u043d\u0430\u0441\u0442\u0440\u043e\u0439\u043a\u0435 \u0444\u0443\u043d\u043a\u0446\u0438\u0439). \u041c\u0430\u043b\u0435\u043d\u044c\u043a\u0443\u044e \u0449\u0435\u0442\u043a\u0443 \u0434\u043b\u044f \u043f\u0430\u0440\u043a\u0435\u0442\u0430 \u0432\u044b \u043c\u043e\u0436\u0435\u0442\u0435 \u0438\u0441\u043f\u043e\u043b\u044c\u0437\u043e\u0432\u0430\u0442\u044c, \u043a\u0430\u043a \u0434\u043e\u043f\u043e\u043b\u043d\u0438\u0442\u0435\u043b\u044c\u043d\u043e\u0435 \u043d\u0430\u043f\u043e\u043b\u044c\u043d\u043e\u0435 \u043a\u0440\u0435\u043f\u043b\u0435\u043d\u0438\u0435 \u043a \"Autocomb\" \u0434\u043b\u044f \u0434\u0435\u043b\u0438\u043a\u0430\u0442\u043d\u044b\u0445 \u0442\u0438\u043f\u043e\u0432 \u043f\u043e\u043b\u0430, \u043d\u0430\u043f\u0440\u0438\u043c\u0435\u0440 \u043f\u0430\u0440\u043a\u0435\u0442\u0430.<\/p>\n<p>\u041f\u0440\u0438 \u043d\u0435\u043e\u0431\u0445\u043e\u0434\u0438\u043c\u043e\u0441\u0442\u0438 \u0432\u044b \u0442\u0430\u043a\u0436\u0435 \u043c\u043e\u0436\u0435\u0442\u0435 \u043c\u0435\u043d\u044f\u0442\u044c \u043f\u043e\u043b\u043e\u0441\u044b \u043f\u0435\u0440\u0435\u0434\u043d\u0435\u0439 \u0449\u0435\u0442\u043a\u0438:<\/p>\n<ul>\n<li>\u0417\u0430\u043a\u0440\u044b\u0442\u0430\u044f \u043f\u0435\u0440\u0435\u0434\u043d\u044f\u044f \u0449\u0451\u0442\u043a\u0430: \u0441\u043c\u0435\u043d\u043d\u0430\u044f \u043f\u043e\u043b\u043e\u0441\u043a\u0430 \u0434\u043b\u044f \u0443\u043d\u0438\u0432\u0435\u0440\u0441\u0430\u043b\u044c\u043d\u043e\u0439 \u043d\u0430\u0441\u0430\u0434\u043a\u0438 \"Autocomb\". \u041f\u043e\u0434\u0434\u0435\u0440\u0436\u0438\u0432\u0430\u0435\u0442 \u043b\u0443\u0447\u0448\u0438\u0439 \u0437\u0430\u0445\u0432\u0430\u0442 \u043d\u0430 \u0433\u043b\u0443\u0431\u043e\u043a\u0438\u0445 \u043a\u0430\u043d\u0430\u0432\u043a\u0430\u0445.<\/li>\n<li>\u041f\u0435\u0440\u0435\u0434\u043d\u044f\u044f \u0449\u0435\u0442\u043a\u0430 \u0441 \u043e\u0442\u0432\u0435\u0440\u0441\u0442\u0438\u044f\u043c\u0438: \u0441\u043c\u0435\u043d\u043d\u0430\u044f \u043d\u0430\u0442\u0443\u0440\u0430\u043b\u044c\u043d\u0430\u044f+\u0441\u0438\u043d\u0442\u0435\u0442\u0438\u0447\u0435\u0441\u043a\u0430\u044f \u043f\u043e\u043b\u043e\u0441\u043a\u0430 \u0449\u0435\u0442\u043a\u0438 \u0434\u043b\u044f \u0443\u043d\u0438\u0432\u0435\u0440\u0441\u0430\u043b\u044c\u043d\u043e\u0439 \u043d\u0430\u0441\u0430\u0434\u043a\u0438 \"Autocomb\". \u041f\u043e\u0434\u0445\u043e\u0434\u0438\u0442 \u0434\u043b\u044f \u0434\u0435\u043b\u0438\u043a\u0430\u0442\u043d\u044b\u0445 \u043f\u043e\u043b\u043e\u0432.<\/li>\n<\/ul>\n<p>\u0423\u043d\u0438\u0432\u0435\u0440\u0441\u0430\u043b\u044c\u043d\u0430\u044f \u043d\u0430\u0441\u0430\u0434\u043a\u0430 \u0441\u043e\u0432\u043c\u0435\u0441\u0442\u0438\u043c\u0430 \u0441 \u043f\u044b\u043b\u0435\u0441\u043e\u0441\u0430\u043c\u0438 \"Lux Intelligence\" \u0438 \"Lux S115\".<\/p>","protected":false},"excerpt":{"rendered":"<p>Universaalne otsik automaatselt vahetab harja k\u00f5rgust vastavalt p\u00f5randa tasapinnale. T\u00e4nu topeltp\u00f6\u00f6ramisele puhstab ta tolmu ka m\u00f6\u00f6bli alt. Universaalne Autocomb hari sobib ideaalselt p\u00f5randate puhastamiseks. Kasutage seda funktsioonis &#8220;IPC&#8221; ja otsik kohaneb automaatselt p\u00f5randa t\u00fc\u00fcbiga, t\u00f5stes ja langetades harja. K\u00f5va p\u00f5randa v\u00f5i vaiba funktsiooni saab k\u00e4sitsi reguleerida tavalise harja abil (funktsioonide seadistamisel kasutage m\u00f5lemat nuppu alati [&hellip;]<\/p>","protected":false},"featured_media":3595,"template":"","meta":[],"product_brand":[],"product_cat":[30,24,23],"product_tag":[],"class_list":{"0":"post-576","1":"product","2":"type-product","3":"status-publish","4":"has-post-thumbnail","6":"product_cat-lux-s115-tarvikud","7":"product_cat-lux-1-royal-tarvikud","8":"product_cat-lux-intelligence-tarvikud","10":"first","11":"instock","12":"taxable","13":"shipping-taxable","14":"purchasable","15":"product-type-simple"},"yoast_head":"<!-- This site is optimized with the Yoast SEO plugin v25.8 - https:\/\/yoast.com\/wordpress\/plugins\/seo\/ -->\n<title>Universaalne tavaotsik : Lux Eesti O&Uuml;<\/title>\n<meta name=\"robots\" content=\"index, follow, max-snippet:-1, max-image-preview:large, max-video-preview:-1\" \/>\n<link rel=\"canonical\" href=\"https:\/\/luxeesti.ee\/ru\/product\/universaalne-tavaotsik\/\" \/>\n<meta property=\"og:locale\" content=\"ru_RU\" \/>\n<meta property=\"og:type\" content=\"article\" \/>\n<meta property=\"og:title\" content=\"Universaalne tavaotsik : Lux Eesti O&Uuml;\" \/>\n<meta property=\"og:description\" content=\"Universaalne otsik automaatselt vahetab harja k\u00f5rgust vastavalt p\u00f5randa tasapinnale. T\u00e4nu topeltp\u00f6\u00f6ramisele puhstab ta tolmu ka m\u00f6\u00f6bli alt. Universaalne Autocomb hari sobib ideaalselt p\u00f5randate puhastamiseks. Kasutage seda funktsioonis &#8220;IPC&#8221; ja otsik kohaneb automaatselt p\u00f5randa t\u00fc\u00fcbiga, t\u00f5stes ja langetades harja. K\u00f5va p\u00f5randa v\u00f5i vaiba funktsiooni saab k\u00e4sitsi reguleerida tavalise harja abil (funktsioonide seadistamisel kasutage m\u00f5lemat nuppu alati [&hellip;]\" \/>\n<meta property=\"og:url\" content=\"https:\/\/luxeesti.ee\/ru\/product\/universaalne-tavaotsik\/\" \/>\n<meta property=\"og:site_name\" content=\"Lux Eesti O&Uuml;\" \/>\n<meta property=\"article:publisher\" content=\"https:\/\/www.facebook.com\/luxeesti\/\" \/>\n<meta property=\"article:modified_time\" content=\"2024-01-02T08:28:37+00:00\" \/>\n<meta property=\"og:image\" content=\"https:\/\/luxeesti.ee\/wp-content\/uploads\/2020\/10\/tavaotsik-1.png\" \/>\n\t<meta property=\"og:image:width\" content=\"1017\" \/>\n\t<meta property=\"og:image:height\" content=\"636\" \/>\n\t<meta property=\"og:image:type\" content=\"image\/png\" \/>\n<meta name=\"twitter:card\" content=\"summary_large_image\" \/>\n<meta name=\"twitter:label1\" content=\"\u041f\u0440\u0438\u043c\u0435\u0440\u043d\u043e\u0435 \u0432\u0440\u0435\u043c\u044f \u0434\u043b\u044f \u0447\u0442\u0435\u043d\u0438\u044f\" \/>\n\t<meta name=\"twitter:data1\" content=\"1 \u043c\u0438\u043d\u0443\u0442\u0430\" \/>\n<script type=\"application\/ld+json\" class=\"yoast-schema-graph\">{\"@context\":\"https:\/\/schema.org\",\"@graph\":[{\"@type\":[\"WebPage\",\"ItemPage\"],\"@id\":\"https:\/\/luxeesti.ee\/toode\/universaalne-tavaotsik\/\",\"url\":\"https:\/\/luxeesti.ee\/toode\/universaalne-tavaotsik\/\",\"name\":\"Universaalne tavaotsik : Lux Eesti O&Uuml;\",\"isPartOf\":{\"@id\":\"https:\/\/luxeesti.ee\/#website\"},\"primaryImageOfPage\":{\"@id\":\"https:\/\/luxeesti.ee\/toode\/universaalne-tavaotsik\/#primaryimage\"},\"image\":{\"@id\":\"https:\/\/luxeesti.ee\/toode\/universaalne-tavaotsik\/#primaryimage\"},\"thumbnailUrl\":\"https:\/\/luxeesti.ee\/wp-content\/uploads\/2020\/10\/tavaotsik-1.png\",\"datePublished\":\"2020-10-30T23:05:39+00:00\",\"dateModified\":\"2024-01-02T08:28:37+00:00\",\"breadcrumb\":{\"@id\":\"https:\/\/luxeesti.ee\/toode\/universaalne-tavaotsik\/#breadcrumb\"},\"inLanguage\":\"ru-RU\",\"potentialAction\":[{\"@type\":\"ReadAction\",\"target\":[\"https:\/\/luxeesti.ee\/toode\/universaalne-tavaotsik\/\"]}]},{\"@type\":\"ImageObject\",\"inLanguage\":\"ru-RU\",\"@id\":\"https:\/\/luxeesti.ee\/toode\/universaalne-tavaotsik\/#primaryimage\",\"url\":\"https:\/\/luxeesti.ee\/wp-content\/uploads\/2020\/10\/tavaotsik-1.png\",\"contentUrl\":\"https:\/\/luxeesti.ee\/wp-content\/uploads\/2020\/10\/tavaotsik-1.png\",\"width\":1017,\"height\":636},{\"@type\":\"BreadcrumbList\",\"@id\":\"https:\/\/luxeesti.ee\/toode\/universaalne-tavaotsik\/#breadcrumb\",\"itemListElement\":[{\"@type\":\"ListItem\",\"position\":1,\"name\":\"Home\",\"item\":\"https:\/\/luxeesti.ee\/\"},{\"@type\":\"ListItem\",\"position\":2,\"name\":\"Pood\",\"item\":\"https:\/\/luxeesti.ee\/pood\/\"},{\"@type\":\"ListItem\",\"position\":3,\"name\":\"Universaalne tavaotsik\"}]},{\"@type\":\"WebSite\",\"@id\":\"https:\/\/luxeesti.ee\/#website\",\"url\":\"https:\/\/luxeesti.ee\/\",\"name\":\"Lux Eesti O&Uuml;\",\"description\":\"Sinu tervisliku kodu partner\",\"publisher\":{\"@id\":\"https:\/\/luxeesti.ee\/#organization\"},\"potentialAction\":[{\"@type\":\"SearchAction\",\"target\":{\"@type\":\"EntryPoint\",\"urlTemplate\":\"https:\/\/luxeesti.ee\/?s={search_term_string}\"},\"query-input\":{\"@type\":\"PropertyValueSpecification\",\"valueRequired\":true,\"valueName\":\"search_term_string\"}}],\"inLanguage\":\"ru-RU\"},{\"@type\":\"Organization\",\"@id\":\"https:\/\/luxeesti.ee\/#organization\",\"name\":\"Lux Eesti\",\"url\":\"https:\/\/luxeesti.ee\/\",\"logo\":{\"@type\":\"ImageObject\",\"inLanguage\":\"ru-RU\",\"@id\":\"https:\/\/luxeesti.ee\/#\/schema\/logo\/image\/\",\"url\":\"https:\/\/luxeesti.ee\/wp-content\/uploads\/2020\/10\/lux-logo_text.png\",\"contentUrl\":\"https:\/\/luxeesti.ee\/wp-content\/uploads\/2020\/10\/lux-logo_text.png\",\"width\":900,\"height\":580,\"caption\":\"Lux Eesti\"},\"image\":{\"@id\":\"https:\/\/luxeesti.ee\/#\/schema\/logo\/image\/\"},\"sameAs\":[\"https:\/\/www.facebook.com\/luxeesti\/\"]}]}<\/script>\n<!-- \/ Yoast SEO plugin. -->","yoast_head_json":{"title":"Universaalne tavaotsik : Lux Eesti O&Uuml;","robots":{"index":"index","follow":"follow","max-snippet":"max-snippet:-1","max-image-preview":"max-image-preview:large","max-video-preview":"max-video-preview:-1"},"canonical":"https:\/\/luxeesti.ee\/ru\/product\/universaalne-tavaotsik\/","og_locale":"ru_RU","og_type":"article","og_title":"Universaalne tavaotsik : Lux Eesti O&Uuml;","og_description":"Universaalne otsik automaatselt vahetab harja k\u00f5rgust vastavalt p\u00f5randa tasapinnale. T\u00e4nu topeltp\u00f6\u00f6ramisele puhstab ta tolmu ka m\u00f6\u00f6bli alt. Universaalne Autocomb hari sobib ideaalselt p\u00f5randate puhastamiseks. Kasutage seda funktsioonis &#8220;IPC&#8221; ja otsik kohaneb automaatselt p\u00f5randa t\u00fc\u00fcbiga, t\u00f5stes ja langetades harja. K\u00f5va p\u00f5randa v\u00f5i vaiba funktsiooni saab k\u00e4sitsi reguleerida tavalise harja abil (funktsioonide seadistamisel kasutage m\u00f5lemat nuppu alati [&hellip;]","og_url":"https:\/\/luxeesti.ee\/ru\/product\/universaalne-tavaotsik\/","og_site_name":"Lux Eesti O&Uuml;","article_publisher":"https:\/\/www.facebook.com\/luxeesti\/","article_modified_time":"2024-01-02T08:28:37+00:00","og_image":[{"width":1017,"height":636,"url":"https:\/\/luxeesti.ee\/wp-content\/uploads\/2020\/10\/tavaotsik-1.png","type":"image\/png"}],"twitter_card":"summary_large_image","twitter_misc":{"\u041f\u0440\u0438\u043c\u0435\u0440\u043d\u043e\u0435 \u0432\u0440\u0435\u043c\u044f \u0434\u043b\u044f \u0447\u0442\u0435\u043d\u0438\u044f":"1 \u043c\u0438\u043d\u0443\u0442\u0430"},"schema":{"@context":"https:\/\/schema.org","@graph":[{"@type":["WebPage","ItemPage"],"@id":"https:\/\/luxeesti.ee\/toode\/universaalne-tavaotsik\/","url":"https:\/\/luxeesti.ee\/toode\/universaalne-tavaotsik\/","name":"Universaalne tavaotsik : Lux Eesti O&Uuml;","isPartOf":{"@id":"https:\/\/luxeesti.ee\/#website"},"primaryImageOfPage":{"@id":"https:\/\/luxeesti.ee\/toode\/universaalne-tavaotsik\/#primaryimage"},"image":{"@id":"https:\/\/luxeesti.ee\/toode\/universaalne-tavaotsik\/#primaryimage"},"thumbnailUrl":"https:\/\/luxeesti.ee\/wp-content\/uploads\/2020\/10\/tavaotsik-1.png","datePublished":"2020-10-30T23:05:39+00:00","dateModified":"2024-01-02T08:28:37+00:00","breadcrumb":{"@id":"https:\/\/luxeesti.ee\/toode\/universaalne-tavaotsik\/#breadcrumb"},"inLanguage":"ru-RU","potentialAction":[{"@type":"ReadAction","target":["https:\/\/luxeesti.ee\/toode\/universaalne-tavaotsik\/"]}]},{"@type":"ImageObject","inLanguage":"ru-RU","@id":"https:\/\/luxeesti.ee\/toode\/universaalne-tavaotsik\/#primaryimage","url":"https:\/\/luxeesti.ee\/wp-content\/uploads\/2020\/10\/tavaotsik-1.png","contentUrl":"https:\/\/luxeesti.ee\/wp-content\/uploads\/2020\/10\/tavaotsik-1.png","width":1017,"height":636},{"@type":"BreadcrumbList","@id":"https:\/\/luxeesti.ee\/toode\/universaalne-tavaotsik\/#breadcrumb","itemListElement":[{"@type":"ListItem","position":1,"name":"Home","item":"https:\/\/luxeesti.ee\/"},{"@type":"ListItem","position":2,"name":"Pood","item":"https:\/\/luxeesti.ee\/pood\/"},{"@type":"ListItem","position":3,"name":"Universaalne tavaotsik"}]},{"@type":"WebSite","@id":"https:\/\/luxeesti.ee\/#website","url":"https:\/\/luxeesti.ee\/","name":"Lux Eesti O&Uuml;","description":"Sinu tervisliku kodu partner","publisher":{"@id":"https:\/\/luxeesti.ee\/#organization"},"potentialAction":[{"@type":"SearchAction","target":{"@type":"EntryPoint","urlTemplate":"https:\/\/luxeesti.ee\/?s={search_term_string}"},"query-input":{"@type":"PropertyValueSpecification","valueRequired":true,"valueName":"search_term_string"}}],"inLanguage":"ru-RU"},{"@type":"Organization","@id":"https:\/\/luxeesti.ee\/#organization","name":"Lux Eesti","url":"https:\/\/luxeesti.ee\/","logo":{"@type":"ImageObject","inLanguage":"ru-RU","@id":"https:\/\/luxeesti.ee\/#\/schema\/logo\/image\/","url":"https:\/\/luxeesti.ee\/wp-content\/uploads\/2020\/10\/lux-logo_text.png","contentUrl":"https:\/\/luxeesti.ee\/wp-content\/uploads\/2020\/10\/lux-logo_text.png","width":900,"height":580,"caption":"Lux Eesti"},"image":{"@id":"https:\/\/luxeesti.ee\/#\/schema\/logo\/image\/"},"sameAs":["https:\/\/www.facebook.com\/luxeesti\/"]}]}},"_links":{"self":[{"href":"http:\/\/luxeesti.ee\/ru\/wp-json\/wp\/v2\/product\/576","targetHints":{"allow":["GET"]}}],"collection":[{"href":"http:\/\/luxeesti.ee\/ru\/wp-json\/wp\/v2\/product"}],"about":[{"href":"http:\/\/luxeesti.ee\/ru\/wp-json\/wp\/v2\/types\/product"}],"wp:featuredmedia":[{"embeddable":true,"href":"http:\/\/luxeesti.ee\/ru\/wp-json\/wp\/v2\/media\/3595"}],"wp:attachment":[{"href":"http:\/\/luxeesti.ee\/ru\/wp-json\/wp\/v2\/media?parent=576"}],"wp:term":[{"taxonomy":"product_brand","embeddable":true,"href":"http:\/\/luxeesti.ee\/ru\/wp-json\/wp\/v2\/product_brand?post=576"},{"taxonomy":"product_cat","embeddable":true,"href":"http:\/\/luxeesti.ee\/ru\/wp-json\/wp\/v2\/product_cat?post=576"},{"taxonomy":"product_tag","embeddable":true,"href":"http:\/\/luxeesti.ee\/ru\/wp-json\/wp\/v2\/product_tag?post=576"}],"curies":[{"name":"wp","href":"https:\/\/api.w.org\/{rel}","templated":true}]}}